{"id":22136,"date":"2019-04-17T13:18:02","date_gmt":"2019-04-17T12:18:02","guid":{"rendered":"https:\/\/occasionmachines.com\/?page_id=22136"},"modified":"2026-04-09T14:34:28","modified_gmt":"2026-04-09T13:34:28","slug":"envios-transporte","status":"publish","type":"page","link":"https:\/\/occasionmachines.com\/pt\/envios-transporte\/","title":{"rendered":"Envios \/ Pre\u00e7os de Transporte"},"content":{"rendered":"<p><strong>Transportadoras: TNT, DHL, DPD, CTT, Transit\u00e1rios<\/strong><\/p>\n<p>Tempos de Envio:<\/p>\n<ul>\n<li>Artigos em Stock normalmente envio em 2 dias \u00fateis ap\u00f3s pagamento\/recebimento.<\/li>\n<li>Artigos em Stock EXCLUSIVO ONLINE 5 a 7 dias \u00fateis para entrega ap\u00f3s pagamento\/recebimento.<\/li>\n<li>Artigos por encomenda entrega 7 a 10 dias \u00fateis ap\u00f3s pagamento\/recebimento.<\/li>\n<li>Ou aplicamos um servi\u00e7o de transporte express (extra pago pelo cliente) para ser entregue em 3 a 5 dias caso o cliente o pretenda.<\/li>\n<\/ul>\n<p>Tempos de Transito por consulta para Ilhas: Ilha da Madeira, Arquip\u00e9lago dos A\u00e7ores, Can\u00e1rias, Ilhas Baleares, etc<\/p>\n<p><strong>Numero de rastreio dispon\u00edvel \/ Tracking Number<\/strong> assim que o envio sair do nosso armaz\u00e9m \u00e9 enviado um numero de envio para que verifique o dia de chegada.<\/p>\n<p>Recolha no armaz\u00e9m com marca\u00e7\u00e3o pr\u00e9via e com pagamento efectuado.<\/p>\n<p>NOTA: Valores de transportes podem sofrer altera\u00e7\u00f5es mas o cliente \u00e9 sempre avisado no carrinho de compras do valor a pagar de transporte.<\/p>\n<p>Hor\u00e1rio: Das 10h \u00e0s 13h<br \/>\nDas 14:00 \u00e0s 18:30<br \/>\nVisitas com agendamento<br \/>\nArmaz\u00e9m:<br \/>\nRua da Agroeira n\u00ba9 Amieira<br \/>\n2430-012 Marinha Grande, Portugal<br \/>\nTel: 00351 916791367<\/p>","protected":false},"excerpt":{"rendered":"<p>Transportadoras: TNT, DHL, DPD, CTT, Transit\u00e1rios Tempos de Envio: Artigos em Stock normalmente envio em 2 dias \u00fateis ap\u00f3s pagamento\/recebimento. Artigos em Stock EXCLUSIVO ONLINE 5 a 7 dias \u00fateis para entrega ap\u00f3s pagamento\/recebimento. Artigos por encomenda entrega 7 a 10 dias \u00fateis ap\u00f3s pagamento\/recebimento. Ou aplicamos um servi\u00e7o de transporte express (extra pago pelo [&hellip;]<\/p>\n","protected":false},"author":1,"featured_media":0,"parent":0,"menu_order":0,"comment_status":"closed","ping_status":"closed","template":"","meta":{"footnotes":""},"class_list":["post-22136","page","type-page","status-publish","hentry"],"_links":{"self":[{"href":"https:\/\/occasionmachines.com\/pt\/wp-json\/wp\/v2\/pages\/22136","targetHints":{"allow":["GET"]}}],"collection":[{"href":"https:\/\/occasionmachines.com\/pt\/wp-json\/wp\/v2\/pages"}],"about":[{"href":"https:\/\/occasionmachines.com\/pt\/wp-json\/wp\/v2\/types\/page"}],"author":[{"embeddable":true,"href":"https:\/\/occasionmachines.com\/pt\/wp-json\/wp\/v2\/users\/1"}],"replies":[{"embeddable":true,"href":"https:\/\/occasionmachines.com\/pt\/wp-json\/wp\/v2\/comments?post=22136"}],"version-history":[{"count":5,"href":"https:\/\/occasionmachines.com\/pt\/wp-json\/wp\/v2\/pages\/22136\/revisions"}],"predecessor-version":[{"id":72041,"href":"https:\/\/occasionmachines.com\/pt\/wp-json\/wp\/v2\/pages\/22136\/revisions\/72041"}],"wp:attachment":[{"href":"https:\/\/occasionmachines.com\/pt\/wp-json\/wp\/v2\/media?parent=22136"}],"curies":[{"name":"wp","href":"https:\/\/api.w.org\/{rel}","templated":true}]}}