{"id":22139,"date":"2019-04-17T13:30:20","date_gmt":"2019-04-17T12:30:20","guid":{"rendered":"https:\/\/occasionmachines.com\/?page_id=22139"},"modified":"2024-05-24T09:47:07","modified_gmt":"2024-05-24T08:47:07","slug":"formas-de-pagamento","status":"publish","type":"page","link":"https:\/\/occasionmachines.com\/pt\/formas-de-pagamento\/","title":{"rendered":"Formas de Pagamento"},"content":{"rendered":"<p>Formas de Pagamento<\/p>\n<p>Pague atrav\u00e9s do seu homebanking ou no multibanco com:<\/p>\n<ul>\n<li>Entidade, Refer\u00eancia e Montante<\/li>\n<li>Payshop<\/li>\n<li>Paypal<\/li>\n<li>Visa, MasterCard, AmericanExpress<\/li>\n<li>Transfer\u00eancia Banc\u00e1ria<\/li>\n<\/ul>\n<p><img loading=\"lazy\" decoding=\"async\" class=\"alignnone size-full wp-image-22140\" src=\"https:\/\/occasionmachines.com\/wp-content\/uploads\/2019\/04\/pagamentos-disponiveis.jpg\" alt=\"\" width=\"756\" height=\"205\" srcset=\"https:\/\/occasionmachines.com\/wp-content\/uploads\/2019\/04\/pagamentos-disponiveis.jpg 756w, https:\/\/occasionmachines.com\/wp-content\/uploads\/2019\/04\/pagamentos-disponiveis-416x113.jpg 416w, https:\/\/occasionmachines.com\/wp-content\/uploads\/2019\/04\/pagamentos-disponiveis-550x149.jpg 550w\" sizes=\"auto, (max-width: 756px) 100vw, 756px\" \/><\/p>\n<p><\/p>","protected":false},"excerpt":{"rendered":"<p>Formas de Pagamento Pague atrav\u00e9s do seu homebanking ou no multibanco com: Entidade, Refer\u00eancia e Montante Payshop Paypal Visa, MasterCard, AmericanExpress Transfer\u00eancia Banc\u00e1ria<\/p>\n","protected":false},"author":1,"featured_media":0,"parent":0,"menu_order":0,"comment_status":"closed","ping_status":"closed","template":"","meta":{"footnotes":""},"class_list":["post-22139","page","type-page","status-publish","hentry"],"_links":{"self":[{"href":"https:\/\/occasionmachines.com\/pt\/wp-json\/wp\/v2\/pages\/22139","targetHints":{"allow":["GET"]}}],"collection":[{"href":"https:\/\/occasionmachines.com\/pt\/wp-json\/wp\/v2\/pages"}],"about":[{"href":"https:\/\/occasionmachines.com\/pt\/wp-json\/wp\/v2\/types\/page"}],"author":[{"embeddable":true,"href":"https:\/\/occasionmachines.com\/pt\/wp-json\/wp\/v2\/users\/1"}],"replies":[{"embeddable":true,"href":"https:\/\/occasionmachines.com\/pt\/wp-json\/wp\/v2\/comments?post=22139"}],"version-history":[{"count":5,"href":"https:\/\/occasionmachines.com\/pt\/wp-json\/wp\/v2\/pages\/22139\/revisions"}],"predecessor-version":[{"id":68681,"href":"https:\/\/occasionmachines.com\/pt\/wp-json\/wp\/v2\/pages\/22139\/revisions\/68681"}],"wp:attachment":[{"href":"https:\/\/occasionmachines.com\/pt\/wp-json\/wp\/v2\/media?parent=22139"}],"curies":[{"name":"wp","href":"https:\/\/api.w.org\/{rel}","templated":true}]}}