{"id":42916,"date":"2020-04-30T23:08:08","date_gmt":"2020-04-30T22:08:08","guid":{"rendered":"https:\/\/occasionmachines.com\/?page_id=42916"},"modified":"2024-05-22T13:51:25","modified_gmt":"2024-05-22T12:51:25","slug":"vender","status":"publish","type":"page","link":"https:\/\/occasionmachines.com\/pt\/vender\/","title":{"rendered":"Vender"},"content":{"rendered":"\n<p><strong>Venda as suas m\u00e1quinas ao melhor pre\u00e7o<\/strong>!<\/p>\n\n\n\n<p><br \/>O processo de venda adquire um servi\u00e7o completo e personalizado.<br \/>O primeiro passo \u00e9 a demonstra\u00e7\u00e3o e apresenta\u00e7\u00e3o das m\u00e1quinas e automaticamente realizamos or\u00e7amento.<br \/>O or\u00e7amento do equipamento ser\u00e1 baseado numa r\u00e1pida avalia\u00e7\u00e3o realizada pelos nossos profissionais especializados no setor e no mercado da maquinaria. Utilizamos uma base de dados de vendas que \u00e9 constantemente atualizada com pre\u00e7os reais de in\u00fameras vendas, o que torna a avalia\u00e7\u00e3o real ao valor de mercado actual.<br \/>Adquirimos as suas m\u00e1quinas em condi\u00e7\u00f5es justas ou podemos ainda dispor do servi\u00e7o de venda online, atrav\u00e9s da nossa plataforma. Dessa forma, concede-nos os cuidados da comercializa\u00e7\u00e3o dos seus ativos.&nbsp;Anunciamos os seus ativos profissionalmente no mercado global.<\/p>\n\n\n\n<ul class=\"wp-block-list\"><li>Op\u00e7\u00e3o 1: Vendemos a(s) sua(s) m\u00e1quina(s) no nosso website (reserva da m\u00e1quina por 2 meses).<\/li><li>Op\u00e7\u00e3o 2: Compramos a(s) sua(s) m\u00e1quina(s) para o nosso stock.<\/li><\/ul>\n\n\n\n<p>Dispomos de armaz\u00e9m com 1000m2 com diversos meios de carga e descarga como Empilhadores, Ponte Rolante de 16Ton e pessoal qualificado para a remo\u00e7\u00e3o de diversas m\u00e1quinas e afins.<\/p>\n\n\n\n<p>Envie-nos os seguintes t\u00f3picos obrigat\u00f3rios para: geral@occasionmachines.com<\/p>\n\n\n\n<ul class=\"wp-block-list\"><li>Nome, Email, Contacto Telef\u00f3nico.<\/li><li>Marca, modelo e ano.<\/li><li>Valor.<\/li><\/ul>\n\n\n\n<p>Fotos e video em funcionamento se poss\u00edvel whatsapp 916 791 367 <\/p>\n\n\n\n<p>Desejamos a todos um excelente dia, obrigado.<\/p>\n","protected":false},"excerpt":{"rendered":"<p>Venda as suas m\u00e1quinas ao melhor pre\u00e7o! O processo de venda adquire um servi\u00e7o completo e personalizado.O primeiro passo \u00e9 a demonstra\u00e7\u00e3o e apresenta\u00e7\u00e3o das m\u00e1quinas e automaticamente realizamos or\u00e7amento.O or\u00e7amento do equipamento ser\u00e1 baseado numa r\u00e1pida avalia\u00e7\u00e3o realizada pelos nossos profissionais especializados no setor e no mercado da maquinaria. Utilizamos uma base de dados [&hellip;]<\/p>\n","protected":false},"author":1,"featured_media":0,"parent":0,"menu_order":0,"comment_status":"closed","ping_status":"closed","template":"","meta":{"footnotes":""},"class_list":["post-42916","page","type-page","status-publish","hentry"],"_links":{"self":[{"href":"https:\/\/occasionmachines.com\/pt\/wp-json\/wp\/v2\/pages\/42916","targetHints":{"allow":["GET"]}}],"collection":[{"href":"https:\/\/occasionmachines.com\/pt\/wp-json\/wp\/v2\/pages"}],"about":[{"href":"https:\/\/occasionmachines.com\/pt\/wp-json\/wp\/v2\/types\/page"}],"author":[{"embeddable":true,"href":"https:\/\/occasionmachines.com\/pt\/wp-json\/wp\/v2\/users\/1"}],"replies":[{"embeddable":true,"href":"https:\/\/occasionmachines.com\/pt\/wp-json\/wp\/v2\/comments?post=42916"}],"version-history":[{"count":9,"href":"https:\/\/occasionmachines.com\/pt\/wp-json\/wp\/v2\/pages\/42916\/revisions"}],"predecessor-version":[{"id":68586,"href":"https:\/\/occasionmachines.com\/pt\/wp-json\/wp\/v2\/pages\/42916\/revisions\/68586"}],"wp:attachment":[{"href":"https:\/\/occasionmachines.com\/pt\/wp-json\/wp\/v2\/media?parent=42916"}],"curies":[{"name":"wp","href":"https:\/\/api.w.org\/{rel}","templated":true}]}}