{"id":539,"date":"2015-03-06T15:55:47","date_gmt":"2015-03-06T15:55:47","guid":{"rendered":"http:\/\/occasionmachines.com\/?page_id=539"},"modified":"2024-07-24T15:30:58","modified_gmt":"2024-07-24T14:30:58","slug":"nossa-empresa","status":"publish","type":"page","link":"https:\/\/occasionmachines.com\/pt\/nossa-empresa\/","title":{"rendered":"Nossa Empresa"},"content":{"rendered":"<p><\/p>\n<div class=\"text_layer\">\n<div class=\"ie_fix\">\n<div class=\"ff0\"><span class=\"a\"><img loading=\"lazy\" decoding=\"async\" class=\"alignnone size-full wp-image-21134 aligncenter\" src=\"https:\/\/occasionmachines.com\/wp-content\/uploads\/2019\/02\/IMG_4777.jpg\" alt=\"\" width=\"768\" height=\"317\" srcset=\"https:\/\/occasionmachines.com\/wp-content\/uploads\/2019\/02\/IMG_4777.jpg 768w, https:\/\/occasionmachines.com\/wp-content\/uploads\/2019\/02\/IMG_4777-416x172.jpg 416w, https:\/\/occasionmachines.com\/wp-content\/uploads\/2019\/02\/IMG_4777-550x227.jpg 550w\" sizes=\"auto, (max-width: 768px) 100vw, 768px\" \/><\/span><\/div>\n<\/div>\n<\/div>\n<div><\/div>\n<div style=\"text-align: center;\"><span class=\"a\"><br \/>\nA OCCASION MACHINES \/ M\u00e1quinas de Metalomecanica &#8211; IMPORTA\u00c7\u00c3O E EXPORTA\u00c7\u00c3O &#8211; \u00e9 <\/span><span class=\"a\">uma empresa especializada na comercializa\u00e7\u00e3o de M\u00e1quinas <\/span><span class=\"a\">Operatrizes em Geral &#8211; COMPRA e VENDA.<\/span><\/div>\n<div class=\"text_layer\">\n<div class=\"ie_fix\">\n<div class=\"ff0\" style=\"text-align: center;\"><\/div>\n<div class=\"ff0\" style=\"text-align: center;\"><span class=\"a\">Conta com 37 anos acumulados de conhecimento e <\/span><span class=\"a\">experi\u00eancia no mercado nacional e internacional.<\/span><\/div>\n<div class=\"ff0\" style=\"text-align: center;\"><\/div>\n<div class=\"ff0\" style=\"text-align: center;\"><span class=\"a\">Oferecemos solu\u00e7\u00f5es necess\u00e1rias para as ind\u00fastrias de <\/span><span class=\"a\">ferramentaria, metalurgia e metalomec\u00e2nica, de produ\u00e7\u00e3o de bens <\/span><span class=\"a\">de consumo e outras, sempre com uma \u00f3tima rela\u00e7\u00e3o custo <\/span><span class=\"a\">benef\u00edcio. <\/span><\/div>\n<div class=\"ff0\" style=\"text-align: center;\"><\/div>\n<div class=\"ff0\" style=\"text-align: center;\">\n<p style=\"text-align: center;\"><span class=\"a\">Colocamos \u00e0 disposi\u00e7\u00e3o um stock das mais variadas <\/span><span class=\"a\">MARCAS, TIPOS E MODELOS de MAQUINAS OPERATRIZES, novas e <\/span><span class=\"a\">usadas, inclusive Acess\u00f3rios e Ferramentas.<\/span><\/p>\n<p style=\"text-align: center;\"><img loading=\"lazy\" decoding=\"async\" class=\"size-medium wp-image-21136 aligncenter\" src=\"https:\/\/occasionmachines.com\/wp-content\/uploads\/2019\/02\/148642_568874056531501_1721587556_n.jpg\" alt=\"\" width=\"768\" height=\"317\" \/><\/p>\n<p><iframe loading=\"lazy\" id=\"iframe_container\" src=\"https:\/\/prezi.com\/embed\/9pnqgasoxxdk\/?bgcolor=ffffff&amp;lock_to_path=0&amp;autoplay;autohide_ctrls=0&amp;landing_data=bHVZZmNaNDBIWnNjdEVENDRhZDFNZGNIUE43MHdLNWpsdFJLb2ZHanI0VTd0ak0zQkRuTmNPbFg5WWNObW92dHFBPT0&amp;landing_sign=x6jdJX7Alws8apC16vc1nxDkJfBESbcXTkUauyGpsqU\" width=\"768\" height=\"317\" frameborder=\"0\" allowfullscreen=\"allowfullscreen\"><span data-mce-type=\"bookmark\" style=\"display: inline-block; width: 0px; overflow: hidden; line-height: 0;\" class=\"mce_SELRES_start\">\ufeff<\/span><\/iframe><\/p>\n<\/div>\n<\/div>\n<\/div>\n<p><\/p>","protected":false},"excerpt":{"rendered":"<p>A OCCASION MACHINES \/ M\u00e1quinas de Metalomecanica &#8211; IMPORTA\u00c7\u00c3O E EXPORTA\u00c7\u00c3O &#8211; \u00e9 uma empresa especializada na comercializa\u00e7\u00e3o de M\u00e1quinas Operatrizes em Geral &#8211; COMPRA e VENDA. Conta com 37 anos acumulados de conhecimento e experi\u00eancia no mercado nacional e internacional. Oferecemos solu\u00e7\u00f5es necess\u00e1rias para as ind\u00fastrias de ferramentaria, metalurgia e metalomec\u00e2nica, de produ\u00e7\u00e3o de [&hellip;]<\/p>\n","protected":false},"author":1,"featured_media":0,"parent":0,"menu_order":0,"comment_status":"closed","ping_status":"open","template":"","meta":{"footnotes":""},"class_list":["post-539","page","type-page","status-publish","hentry"],"_links":{"self":[{"href":"https:\/\/occasionmachines.com\/pt\/wp-json\/wp\/v2\/pages\/539","targetHints":{"allow":["GET"]}}],"collection":[{"href":"https:\/\/occasionmachines.com\/pt\/wp-json\/wp\/v2\/pages"}],"about":[{"href":"https:\/\/occasionmachines.com\/pt\/wp-json\/wp\/v2\/types\/page"}],"author":[{"embeddable":true,"href":"https:\/\/occasionmachines.com\/pt\/wp-json\/wp\/v2\/users\/1"}],"replies":[{"embeddable":true,"href":"https:\/\/occasionmachines.com\/pt\/wp-json\/wp\/v2\/comments?post=539"}],"version-history":[{"count":10,"href":"https:\/\/occasionmachines.com\/pt\/wp-json\/wp\/v2\/pages\/539\/revisions"}],"predecessor-version":[{"id":69382,"href":"https:\/\/occasionmachines.com\/pt\/wp-json\/wp\/v2\/pages\/539\/revisions\/69382"}],"wp:attachment":[{"href":"https:\/\/occasionmachines.com\/pt\/wp-json\/wp\/v2\/media?parent=539"}],"curies":[{"name":"wp","href":"https:\/\/api.w.org\/{rel}","templated":true}]}}