{"id":10809,"date":"2017-07-04T15:44:29","date_gmt":"2017-07-04T14:44:29","guid":{"rendered":"http:\/\/occasionmachines.com\/?post_type=product&#038;p=10809"},"modified":"2025-03-07T18:31:11","modified_gmt":"2025-03-07T18:31:11","slug":"prensa-hidraulica-75t-2","status":"publish","type":"product","link":"https:\/\/occasionmachines.com\/pt\/produto\/prensa-hidraulica-75t-2\/","title":{"rendered":"Prensa Hidr\u00e1ulica 75T Holzmann WP75H"},"content":{"rendered":"<p>Prensa Hidr\u00e1ulica 75T<\/p>\n<ul>\n<li>adequado para pressionar, alinhar e dobrar<\/li>\n<li>incluindo man\u00f4metro para indicador de for\u00e7a de press\u00e3o<\/li>\n<li>Cilindro hidr\u00e1ulico pneum\u00e1tico de est\u00e1gio \u00fanico robusto<\/li>\n<li>Bomba manual de 2 etapas<\/li>\n<li>Pressionar a press\u00e3o manualmente ou pneumaticamente control\u00e1vel<\/li>\n<li>retra\u00e7\u00e3o autom\u00e1tica do pist\u00e3o<\/li>\n<li>Altura da mesa de apoio ajust\u00e1vel<\/li>\n<li>o assistente de oficina ideal para trabalhos de reparo e montagem<\/li>\n<\/ul>\n<div class=\"row groupRow\">\n<div class=\"zusatzInfo\">\n<div class=\"col-sm-6 col-xs-6\">\n<div class=\"border-bottom-dotted\"><strong>Dimens\u00f5es gerais<\/strong><\/div>\n<\/div>\n<div class=\"clearfix\"><\/div>\n<\/div>\n<\/div>\n<div class=\"row\">\n<div class=\"zusatzInfo\">\n<div class=\"col-sm-6 col-xs-6\">\n<div class=\"border-bottom-dotted\">Curso em mm250<\/div>\n<\/div>\n<\/div>\n<\/div>\n<div class=\"row\">\n<div class=\"zusatzInfo\">\n<div class=\"col-sm-6 col-xs-6\">\n<div class=\"border-bottom-dotted\">Passo em mm1500x1950<\/div>\n<\/div>\n<\/div>\n<\/div>\n<div class=\"row\">\n<div class=\"zusatzInfo\">\n<div class=\"col-sm-6 col-xs-6\">\n<div class=\"border-bottom-dotted\">Pressionando a press\u00e3o em t75<\/div>\n<\/div>\n<\/div>\n<\/div>\n<div class=\"row\">\n<div class=\"zusatzInfo\">\n<div class=\"col-sm-6 col-xs-6\">\n<div class=\"border-bottom-dotted\">\u00c1rea de trabalho em mm0-750<\/div>\n<\/div>\n<div class=\"clearfix\"><\/div>\n<\/div>\n<\/div>\n<div class=\"row groupRow\">\n<div class=\"zusatzInfo\">\n<div class=\"col-sm-6 col-xs-6\">\n<div class=\"border-bottom-dotted\"><strong>Prensas oficina<\/strong><\/div>\n<\/div>\n<\/div>\n<\/div>\n<div class=\"row\">\n<div class=\"zusatzInfo\">\n<div class=\"col-sm-6 col-xs-6\">\n<div class=\"border-bottom-dotted\">Passagem entre o suporte em mm800<\/div>\n<\/div>\n<\/div>\n<\/div>\n<div class=\"row\">\n<div class=\"zusatzInfo\">\n<div class=\"col-sm-6 col-xs-6\">\n<div class=\"border-bottom-dotted\">\u00cambolo \u00d8 em mm93<\/div>\n<\/div>\n<div class=\"clearfix\"><\/div>\n<\/div>\n<\/div>\n<div class=\"row groupRow\">\n<div class=\"zusatzInfo\">\n<div class=\"col-sm-6 col-xs-6\">\n<div class=\"border-bottom-dotted\"><strong>peso<\/strong><\/div>\n<\/div>\n<div class=\"clearfix\">Peso bruto em kg479<\/div>\n<\/div>\n<\/div>\n<div class=\"row\">\n<div class=\"zusatzInfo\">\n<div class=\"clearfix\">Peso l\u00edquido em kg435<\/div>\n<\/div>\n<\/div>\n<div class=\"row\">\n<div class=\"zusatzInfo\">\n<div class=\"clearfix\"><\/div>\n<\/div>\n<\/div>\n<div class=\"row groupRow\">\n<div class=\"zusatzInfo\">\n<div class=\"col-sm-6 col-xs-6\">\n<div class=\"border-bottom-dotted\"><strong>envio Dimens\u00f5es<\/strong><\/div>\n<\/div>\n<div class=\"clearfix\"><\/div>\n<\/div>\n<\/div>\n<div class=\"row\">\n<div class=\"zusatzInfo\">\n<div class=\"col-sm-6 col-xs-6\">\n<div class=\"border-bottom-dotted\">Comprimento da embalagem em mm1100<\/div>\n<\/div>\n<\/div>\n<\/div>\n<div class=\"row\">\n<div class=\"zusatzInfo\">\n<div class=\"col-sm-6 col-xs-6\">\n<div class=\"border-bottom-dotted\">Largura da embalagem em mm320<\/div>\n<\/div>\n<\/div>\n<\/div>\n<div class=\"row\">\n<div class=\"zusatzInfo\">\n<div class=\"col-sm-6 col-xs-6\">\n<div class=\"border-bottom-dotted\">Altura da embalagem em mm2110<\/div>\n<\/div>\n<\/div>\n<\/div>\n<p><\/p>","protected":false},"excerpt":{"rendered":"<p>Prensa Hidr\u00e1ulica 75T adequado para pressionar, alinhar e dobrar incluindo man\u00f4metro para indicador de for\u00e7a de press\u00e3o Cilindro hidr\u00e1ulico pneum\u00e1tico de est\u00e1gio \u00fanico robusto Bomba manual de 2 etapas Pressionar a press\u00e3o manualmente ou pneumaticamente control\u00e1vel retra\u00e7\u00e3o autom\u00e1tica do pist\u00e3o Altura da mesa de apoio ajust\u00e1vel o assistente de oficina ideal para trabalhos de reparo [&hellip;]<\/p>\n","protected":false},"featured_media":10810,"comment_status":"closed","ping_status":"closed","template":"","meta":[],"product_brand":[],"product_cat":[1692],"product_tag":[3280,5212,3279],"class_list":{"0":"post-10809","1":"product","2":"type-product","3":"status-publish","4":"has-post-thumbnail","6":"product_cat-prensas-hidrualicas","7":"product_tag-hydraulic-press-75t","8":"product_tag-hydraulische-presse-75t","9":"product_tag-prensa-hidraulica-75t","10":"product_shipping_class-maquinas-grandes","12":"first","13":"onbackorder","14":"taxable","15":"shipping-taxable","16":"purchasable","17":"product-type-simple"},"_links":{"self":[{"href":"https:\/\/occasionmachines.com\/pt\/wp-json\/wp\/v2\/product\/10809","targetHints":{"allow":["GET"]}}],"collection":[{"href":"https:\/\/occasionmachines.com\/pt\/wp-json\/wp\/v2\/product"}],"about":[{"href":"https:\/\/occasionmachines.com\/pt\/wp-json\/wp\/v2\/types\/product"}],"replies":[{"embeddable":true,"href":"https:\/\/occasionmachines.com\/pt\/wp-json\/wp\/v2\/comments?post=10809"}],"wp:featuredmedia":[{"embeddable":true,"href":"https:\/\/occasionmachines.com\/pt\/wp-json\/wp\/v2\/media\/10810"}],"wp:attachment":[{"href":"https:\/\/occasionmachines.com\/pt\/wp-json\/wp\/v2\/media?parent=10809"}],"wp:term":[{"taxonomy":"product_brand","embeddable":true,"href":"https:\/\/occasionmachines.com\/pt\/wp-json\/wp\/v2\/product_brand?post=10809"},{"taxonomy":"product_cat","embeddable":true,"href":"https:\/\/occasionmachines.com\/pt\/wp-json\/wp\/v2\/product_cat?post=10809"},{"taxonomy":"product_tag","embeddable":true,"href":"https:\/\/occasionmachines.com\/pt\/wp-json\/wp\/v2\/product_tag?post=10809"}],"curies":[{"name":"wp","href":"https:\/\/api.w.org\/{rel}","templated":true}]}}