{"id":10812,"date":"2017-07-04T15:50:38","date_gmt":"2017-07-04T14:50:38","guid":{"rendered":"http:\/\/occasionmachines.com\/?post_type=product&#038;p=10812"},"modified":"2025-03-07T18:28:50","modified_gmt":"2025-03-07T18:28:50","slug":"prensa-hidraulica-50t-2","status":"publish","type":"product","link":"https:\/\/occasionmachines.com\/pt\/produto\/prensa-hidraulica-50t-2\/","title":{"rendered":"Prensa Hidr\u00e1ulica 50T Holzmann WP50H"},"content":{"rendered":"<p>destaques<br \/>\nconveniente para trabalhos de prensagem, dobra e endireitamento<br \/>\nman\u00f4metro indica a for\u00e7a de press\u00e3o<br \/>\nassist\u00eancia de oficina perfeita para manuten\u00e7\u00e3o e montagem<br \/>\ncilindro hidr\u00e1ulico pneum\u00e1tico s\u00f3lido de est\u00e1gio \u00fanico<br \/>\nretorno autom\u00e1tico do pist\u00e3o<br \/>\nmesa de press\u00e3o ajust\u00e1vel em altura<br \/>\najuste de altura da mesa via manivela<br \/>\ncontrole de press\u00e3o manualmente atrav\u00e9s de bomba manual hidr\u00e1ulica ou press\u00e3o pneum\u00e1tica<\/p>\n<p>detalhes t\u00e9cnicos<br \/>\nMedidas<br \/>\ndimens\u00f5es totais em mm<br \/>\n1400&#215;1900<br \/>\ncurso em mm<br \/>\n200<br \/>\npressionando o poder em t<br \/>\n50<br \/>\n\u00e1rea de trabalho em mm<br \/>\n155-995<br \/>\nprensas de loja<br \/>\n\u00d8 da compacta\u00e7\u00e3o em mm<br \/>\n76<br \/>\npasse entre colunas em mm<br \/>\n730<br \/>\npeso<br \/>\npeso l\u00edquido em kg<br \/>\n300<br \/>\npeso bruto em kg<br \/>\n344<br \/>\nembalagem<br \/>\naltura da embalagem em mm<br \/>\n2.110<br \/>\nlargura da embalagem em mm<br \/>\n310<br \/>\ncomprimento da embalagem em mm<br \/>\n980<br \/>\ndados gerais<br \/>\nC\u00f3digo de barra<br \/>\n9120039902067<\/p>","protected":false},"excerpt":{"rendered":"<p>destaques conveniente para trabalhos de prensagem, dobra e endireitamento man\u00f4metro indica a for\u00e7a de press\u00e3o assist\u00eancia de oficina perfeita para manuten\u00e7\u00e3o e montagem cilindro hidr\u00e1ulico pneum\u00e1tico s\u00f3lido de est\u00e1gio \u00fanico retorno autom\u00e1tico do pist\u00e3o mesa de press\u00e3o ajust\u00e1vel em altura ajuste de altura da mesa via manivela controle de press\u00e3o manualmente atrav\u00e9s de bomba manual [&hellip;]<\/p>\n","protected":false},"featured_media":10813,"comment_status":"closed","ping_status":"closed","template":"","meta":[],"product_brand":[],"product_cat":[1692],"product_tag":[3278,5213,3268],"class_list":{"0":"post-10812","1":"product","2":"type-product","3":"status-publish","4":"has-post-thumbnail","6":"product_cat-prensas-hidrualicas","7":"product_tag-hydraulic-press-50t","8":"product_tag-hydraulische-presse-50t","9":"product_tag-prensa-hidraulica-50t","10":"product_shipping_class-maquinas-pequenas","12":"first","13":"onbackorder","14":"taxable","15":"shipping-taxable","16":"purchasable","17":"product-type-simple"},"_links":{"self":[{"href":"https:\/\/occasionmachines.com\/pt\/wp-json\/wp\/v2\/product\/10812","targetHints":{"allow":["GET"]}}],"collection":[{"href":"https:\/\/occasionmachines.com\/pt\/wp-json\/wp\/v2\/product"}],"about":[{"href":"https:\/\/occasionmachines.com\/pt\/wp-json\/wp\/v2\/types\/product"}],"replies":[{"embeddable":true,"href":"https:\/\/occasionmachines.com\/pt\/wp-json\/wp\/v2\/comments?post=10812"}],"wp:featuredmedia":[{"embeddable":true,"href":"https:\/\/occasionmachines.com\/pt\/wp-json\/wp\/v2\/media\/10813"}],"wp:attachment":[{"href":"https:\/\/occasionmachines.com\/pt\/wp-json\/wp\/v2\/media?parent=10812"}],"wp:term":[{"taxonomy":"product_brand","embeddable":true,"href":"https:\/\/occasionmachines.com\/pt\/wp-json\/wp\/v2\/product_brand?post=10812"},{"taxonomy":"product_cat","embeddable":true,"href":"https:\/\/occasionmachines.com\/pt\/wp-json\/wp\/v2\/product_cat?post=10812"},{"taxonomy":"product_tag","embeddable":true,"href":"https:\/\/occasionmachines.com\/pt\/wp-json\/wp\/v2\/product_tag?post=10812"}],"curies":[{"name":"wp","href":"https:\/\/api.w.org\/{rel}","templated":true}]}}