{"id":11102,"date":"2017-07-17T16:23:43","date_gmt":"2017-07-17T15:23:43","guid":{"rendered":"http:\/\/occasionmachines.com\/?post_type=product&#038;p=11102"},"modified":"2025-03-07T18:28:35","modified_gmt":"2025-03-07T18:28:35","slug":"maquina-de-dobrar-tubos-rbm28m","status":"publish","type":"product","link":"https:\/\/occasionmachines.com\/pt\/produto\/maquina-de-dobrar-tubos-rbm28m\/","title":{"rendered":"M\u00e1quina de dobrar tubos Holzmann RBM28M"},"content":{"rendered":"<p><\/p>\n<div class=\"row\">\n<div class=\"zusatzInfo\">\n<div class=\"col-sm-6 col-xs-6\">\n<div>\n<p><span class=\"goog-text-highlight\">Para dobragem de materiais s\u00f3lidos e perfis;<br \/>\n<\/span>Execu\u00e7\u00e3o motora;<br \/>\nVeios de rolos de a\u00e7o temperado especial;<br \/>\nRodas de ferro fundido s\u00f3lidas;<br \/>\nEixo \u00d8 30 mil\u00edmetros;<br \/>\nPerfis redondo \/ quadrado;<br \/>\nM\u00e1x.\u00a016 mil\u00edmetros \/ 30&#215;10 mm;<br \/>\nO material s\u00f3lido redondo \/ quadrado;<br \/>\nM\u00e1x.\u00a030 mm \/ 20 x 20 mm;<\/p>\n<p>&nbsp;<\/p>\n<\/div>\n<div><strong>Peso:<\/strong><\/div>\n<div class=\"border-bottom-dotted\"><span class=\"goog-text-highlight\">Peso bruto em kg:\u00a0<\/span>165<\/div>\n<\/div>\n<div class=\"clearfix\"><\/div>\n<\/div>\n<\/div>\n<div class=\"row\">\n<div class=\"zusatzInfo\">\n<div class=\"col-sm-6 col-xs-6\">\n<div class=\"border-bottom-dotted\">Peso l\u00edquido em kg:\u00a0150<\/div>\n<\/div>\n<div class=\"clearfix\"><\/div>\n<\/div>\n<\/div>\n<div class=\"row groupRow\">\n<div class=\"zusatzInfo\">\n<div class=\"col-sm-6 col-xs-6\">\n<div class=\"border-bottom-dotted\"><strong>Embalagem:<\/strong><\/div>\n<\/div>\n<div class=\"clearfix\"><\/div>\n<\/div>\n<\/div>\n<div class=\"row\">\n<div class=\"zusatzInfo\">\n<div class=\"col-sm-6 col-xs-6\">\n<div class=\"border-bottom-dotted\">Largura:\u00a0480<\/div>\n<\/div>\n<div class=\"clearfix\">\u00a0Altura: 680<\/div>\n<\/div>\n<\/div>\n<div class=\"row\">\n<div class=\"zusatzInfo\">\n<div class=\"clearfix\">\u00a0Comprimento: 500<\/div>\n<\/div>\n<\/div>\n<p><\/p>","protected":false},"excerpt":{"rendered":"<p>Para dobragem de materiais s\u00f3lidos e perfis; Execu\u00e7\u00e3o motora; Veios de rolos de a\u00e7o temperado especial; Rodas de ferro fundido s\u00f3lidas; Eixo \u00d8 30 mil\u00edmetros; Perfis redondo \/ quadrado; M\u00e1x.\u00a016 mil\u00edmetros \/ 30&#215;10 mm; O material s\u00f3lido redondo \/ quadrado; M\u00e1x.\u00a030 mm \/ 20 x 20 mm; &nbsp; Peso: Peso bruto em kg:\u00a0165 Peso l\u00edquido [&hellip;]<\/p>\n","protected":false},"featured_media":11103,"comment_status":"closed","ping_status":"closed","template":"","meta":[],"product_brand":[],"product_cat":[4332],"product_tag":[5321,5322,5320,5323],"class_list":{"0":"post-11102","1":"product","2":"type-product","3":"status-publish","4":"has-post-thumbnail","6":"product_cat-maquinas-de-dobrar-tubos","7":"product_tag-bending-machine-rbm28m","8":"product_tag-maquina-de-doblar-tubos","9":"product_tag-maquina-de-dobrar-tubos-rbm28m","10":"product_tag-ringbendingtool-rbm28m","12":"first","13":"onbackorder","14":"taxable","15":"shipping-taxable","16":"purchasable","17":"product-type-simple"},"_links":{"self":[{"href":"https:\/\/occasionmachines.com\/pt\/wp-json\/wp\/v2\/product\/11102","targetHints":{"allow":["GET"]}}],"collection":[{"href":"https:\/\/occasionmachines.com\/pt\/wp-json\/wp\/v2\/product"}],"about":[{"href":"https:\/\/occasionmachines.com\/pt\/wp-json\/wp\/v2\/types\/product"}],"replies":[{"embeddable":true,"href":"https:\/\/occasionmachines.com\/pt\/wp-json\/wp\/v2\/comments?post=11102"}],"wp:featuredmedia":[{"embeddable":true,"href":"https:\/\/occasionmachines.com\/pt\/wp-json\/wp\/v2\/media\/11103"}],"wp:attachment":[{"href":"https:\/\/occasionmachines.com\/pt\/wp-json\/wp\/v2\/media?parent=11102"}],"wp:term":[{"taxonomy":"product_brand","embeddable":true,"href":"https:\/\/occasionmachines.com\/pt\/wp-json\/wp\/v2\/product_brand?post=11102"},{"taxonomy":"product_cat","embeddable":true,"href":"https:\/\/occasionmachines.com\/pt\/wp-json\/wp\/v2\/product_cat?post=11102"},{"taxonomy":"product_tag","embeddable":true,"href":"https:\/\/occasionmachines.com\/pt\/wp-json\/wp\/v2\/product_tag?post=11102"}],"curies":[{"name":"wp","href":"https:\/\/api.w.org\/{rel}","templated":true}]}}