{"id":11104,"date":"2017-07-17T17:03:59","date_gmt":"2017-07-17T16:03:59","guid":{"rendered":"http:\/\/occasionmachines.com\/?post_type=product&#038;p=11104"},"modified":"2025-01-14T12:22:51","modified_gmt":"2025-01-14T12:22:51","slug":"maquina-de-dobrar-tubos-rbm28","status":"publish","type":"product","link":"https:\/\/occasionmachines.com\/pt\/produto\/maquina-de-dobrar-tubos-rbm28\/","title":{"rendered":"M\u00e1quina de dobrar tubos Holzmann RBM28_400V"},"content":{"rendered":"<p><\/p>\n<div class=\"row groupRow\">\n<div class=\"zusatzInfo\">\n<div class=\"col-sm-6 col-xs-6\">\n<div>\n<p><span class=\"goog-text-highlight\">Para dobragem de materiais s\u00f3lidos e perfis;<br \/>\n<\/span>Execu\u00e7\u00e3o motora;<br \/>\nVeios de rolos de a\u00e7o temperado especial;<br \/>\nRodas de ferro fundido s\u00f3lidas;<br \/>\nEixo \u00d8 30 mil\u00edmetros;<br \/>\nPerfis redondo \/ quadrado;<br \/>\nM\u00e1x.\u00a016 mil\u00edmetros \/ 30&#215;10 mm;<br \/>\nO material s\u00f3lido redondo \/ quadrado;<br \/>\nM\u00e1x.\u00a030 mm \/ 20 x 20 mm;<\/p>\n<\/div>\n<div class=\"border-bottom-dotted\"><strong><span class=\"goog-text-highlight\">Dados do motor:<\/span><\/strong><\/div>\n<\/div>\n<\/div>\n<\/div>\n<div class=\"row\">\n<div class=\"zusatzInfo\">\n<div class=\"col-sm-6 col-xs-6\">\n<div class=\"border-bottom-dotted\">Tens\u00e3o:\u00a0400V \/ 3 \/ 50Hz<\/div>\n<\/div>\n<div class=\"clearfix\">Pot\u00eancia do motor em S1 W: 1100<\/div>\n<\/div>\n<\/div>\n<div class=\"row\"><\/div>\n<div class=\"row groupRow\">\n<div class=\"zusatzInfo\">\n<div class=\"col-sm-6 col-xs-6\">\n<div class=\"border-bottom-dotted\"><strong>Peso:<\/strong><\/div>\n<\/div>\n<div class=\"clearfix\">Peso bruto em kg: 260<\/div>\n<\/div>\n<\/div>\n<div class=\"row\">\n<div class=\"zusatzInfo\">\n<div class=\"clearfix\">Peso l\u00edquido em kg: 230<\/div>\n<\/div>\n<\/div>\n<div class=\"row\"><\/div>\n<div class=\"row groupRow\">\n<div class=\"zusatzInfo\">\n<div class=\"col-sm-6 col-xs-6\">\n<div class=\"border-bottom-dotted\"><strong>Dimens\u00f5es da embalagem:<\/strong><\/div>\n<\/div>\n<div class=\"clearfix\">Embalagem largura em mm: 800<\/div>\n<\/div>\n<\/div>\n<div class=\"row\">\n<div class=\"zusatzInfo\">\n<div class=\"clearfix\">Embalagem altura em mm: 1350<\/div>\n<\/div>\n<\/div>\n<div class=\"row\">\n<div class=\"zusatzInfo\">\n<div class=\"clearfix\">Embalagem comprimento em mm: 950<\/div>\n<\/div>\n<\/div>\n<p><\/p>","protected":false},"excerpt":{"rendered":"<p>Para dobragem de materiais s\u00f3lidos e perfis; Execu\u00e7\u00e3o motora; Veios de rolos de a\u00e7o temperado especial; Rodas de ferro fundido s\u00f3lidas; Eixo \u00d8 30 mil\u00edmetros; Perfis redondo \/ quadrado; M\u00e1x.\u00a016 mil\u00edmetros \/ 30&#215;10 mm; O material s\u00f3lido redondo \/ quadrado; M\u00e1x.\u00a030 mm \/ 20 x 20 mm; Dados do motor: Tens\u00e3o:\u00a0400V \/ 3 \/ 50Hz [&hellip;]<\/p>\n","protected":false},"featured_media":11105,"comment_status":"closed","ping_status":"closed","template":"","meta":[],"product_brand":[],"product_cat":[4332],"product_tag":[5325,5327,5324,5326],"class_list":{"0":"post-11104","1":"product","2":"type-product","3":"status-publish","4":"has-post-thumbnail","6":"product_cat-maquinas-de-dobrar-tubos","7":"product_tag-bending-machine-rbm28","8":"product_tag-maquina-de-doblar-tubos-rbm28","9":"product_tag-maquina-de-dobrar-tubos-rbm28","10":"product_tag-ringbendingtool-rbm28","11":"product_shipping_class-maquinas-medias","13":"first","14":"onbackorder","15":"taxable","16":"shipping-taxable","17":"purchasable","18":"product-type-simple"},"_links":{"self":[{"href":"https:\/\/occasionmachines.com\/pt\/wp-json\/wp\/v2\/product\/11104","targetHints":{"allow":["GET"]}}],"collection":[{"href":"https:\/\/occasionmachines.com\/pt\/wp-json\/wp\/v2\/product"}],"about":[{"href":"https:\/\/occasionmachines.com\/pt\/wp-json\/wp\/v2\/types\/product"}],"replies":[{"embeddable":true,"href":"https:\/\/occasionmachines.com\/pt\/wp-json\/wp\/v2\/comments?post=11104"}],"wp:featuredmedia":[{"embeddable":true,"href":"https:\/\/occasionmachines.com\/pt\/wp-json\/wp\/v2\/media\/11105"}],"wp:attachment":[{"href":"https:\/\/occasionmachines.com\/pt\/wp-json\/wp\/v2\/media?parent=11104"}],"wp:term":[{"taxonomy":"product_brand","embeddable":true,"href":"https:\/\/occasionmachines.com\/pt\/wp-json\/wp\/v2\/product_brand?post=11104"},{"taxonomy":"product_cat","embeddable":true,"href":"https:\/\/occasionmachines.com\/pt\/wp-json\/wp\/v2\/product_cat?post=11104"},{"taxonomy":"product_tag","embeddable":true,"href":"https:\/\/occasionmachines.com\/pt\/wp-json\/wp\/v2\/product_tag?post=11104"}],"curies":[{"name":"wp","href":"https:\/\/api.w.org\/{rel}","templated":true}]}}