{"id":11120,"date":"2017-07-17T19:31:42","date_gmt":"2017-07-17T18:31:42","guid":{"rendered":"http:\/\/occasionmachines.com\/?post_type=product&#038;p=11120"},"modified":"2024-11-05T10:53:29","modified_gmt":"2024-11-05T10:53:29","slug":"torno-mecanico-ed1500indig80","status":"publish","type":"product","link":"https:\/\/occasionmachines.com\/pt\/produto\/torno-mecanico-ed1500indig80\/","title":{"rendered":"Torno Mec\u00e2nico Holzmann ED1500INDIG80_400"},"content":{"rendered":"<p><\/p>\n<ul>\n<li>Com 3-eixo mostrador digital<\/li>\n<li>Pesado e vibra\u00e7\u00e3o absorvendo projeto elenco<\/li>\n<li>Muito ampla, e cama da m\u00e1quina ch\u00e3o indutivo endurecido<\/li>\n<li>Acess\u00edvel e f\u00e1cil de usar, gra\u00e7as a limpar unidade de comuta\u00e7\u00e3o<\/li>\n<li>Ponte remov\u00edvel para o processamento de pe\u00e7as de trabalho de grandes<\/li>\n<li>Quatro maneira batente longitudinal ajust\u00e1vel<\/li>\n<li>Todas as guias ajust\u00e1veis \u200b\u200bpor gibs<\/li>\n<li>Camlock D1-6 fuso, DIN 55029<\/li>\n<li>Para conicidade do cabe\u00e7ote m\u00f3vel pode ser movido fora do centro<\/li>\n<li>Engrenagem banho de \u00f3leo com o solo e as rodas de engrenagem endurecidos<\/li>\n<li>Grande furo de eixo com um di\u00e2metro de 80 mil\u00edmetros<\/li>\n<li>Cpl.\u00a0com o freio de p\u00e9 e desligamento autom\u00e1tico para parada do fuso instant\u00e2nea<\/li>\n<li>N\u00famero muito grande de segmento diferente arremessos poss\u00edvel<\/li>\n<li>Incluindo o sistema de refrigera\u00e7\u00e3o e l\u00e2mpada de halog\u00e9neo<\/li>\n<\/ul>\n<div class=\"row groupRow\">\n<div class=\"zusatzInfo\">\n<div class=\"col-sm-6 col-xs-6\">\n<div class=\"border-bottom-dotted\"><strong>Dados do motor:<\/strong><\/div>\n<div class=\"border-bottom-dotted\">Pot\u00eancia do motor em S1 W: 5500<\/div>\n<\/div>\n<\/div>\n<\/div>\n<div class=\"row\">\n<div class=\"zusatzInfo\">\n<div class=\"clearfix\">Pot\u00eancia do motor em W S6: 7700<\/div>\n<\/div>\n<\/div>\n<div class=\"row\">\n<div class=\"zusatzInfo\">\n<div class=\"clearfix\">Tens\u00e3o: 400V<\/div>\n<\/div>\n<\/div>\n<div class=\"row\">\n<div class=\"zusatzInfo\">\n<div class=\"clearfix\"><\/div>\n<\/div>\n<\/div>\n<div class=\"row groupRow\">\n<div class=\"zusatzInfo\">\n<div class=\"col-sm-6 col-xs-6\">\n<div class=\"border-bottom-dotted\"><strong>Dimens\u00f5es gerais:<\/strong><\/div>\n<\/div>\n<\/div>\n<\/div>\n<div class=\"row\">\n<div class=\"zusatzInfo\">\n<div class=\"col-sm-6 col-xs-6\">\n<div class=\"border-bottom-dotted\">Dimens\u00f5es em mm:\u00a02720x1040x1370<\/div>\n<\/div>\n<div class=\"clearfix\"><\/div>\n<\/div>\n<\/div>\n<div class=\"row groupRow\">\n<div class=\"zusatzInfo\">\n<div class=\"col-sm-6 col-xs-6\">\n<div class=\"border-bottom-dotted\"><strong>Tornos:<\/strong><\/div>\n<\/div>\n<\/div>\n<\/div>\n<div class=\"row\">\n<div class=\"zusatzInfo\">\n<div class=\"col-sm-6 col-xs-6\">\n<div class=\"border-bottom-dotted\">Travessia carro transversal em mm:\u00a0290<\/div>\n<\/div>\n<div class=\"clearfix\">Acidente vascular cerebral fuso em mm: 120<\/div>\n<\/div>\n<\/div>\n<div class=\"row\">\n<div class=\"zusatzInfo\">\n<div class=\"clearfix\">Rosca m\u00e9trica em mm \/ r: (41) 0,1-14<\/div>\n<\/div>\n<\/div>\n<div class=\"row\">\n<div class=\"zusatzInfo\">\n<div class=\"clearfix\">Velocidade do fuso, em min-1(12) 25-2000<\/div>\n<\/div>\n<\/div>\n<div class=\"row\">\n<div class=\"zusatzInfo\">\n<div class=\"clearfix\">M\u00e1x.\u00a0Balan\u00e7o sem uma ponte em mm: 690<\/div>\n<\/div>\n<\/div>\n<div class=\"row\">\n<div class=\"zusatzInfo\">\n<div class=\"clearfix\">M\u00e1x.\u00a0carro transversal balan\u00e7o em mm: 274<\/div>\n<\/div>\n<\/div>\n<div class=\"row\">\n<div class=\"zusatzInfo\">\n<div class=\"clearfix\">Cone tailstock: MK4 \/ MT4<\/div>\n<\/div>\n<\/div>\n<div class=\"row\">\n<div class=\"zusatzInfo\">\n<div class=\"clearfix\">Cone do eixo: MK6 \/ MT6<\/div>\n<\/div>\n<\/div>\n<div class=\"row\">\n<div class=\"zusatzInfo\">\n<div class=\"clearfix\">Orif\u00edcio do fuso em mm: 80<\/div>\n<\/div>\n<\/div>\n<div class=\"row\">\n<div class=\"zusatzInfo\">\n<div class=\"clearfix\">Ra\u00e7\u00e3o transversal: 0,014-0,784<\/div>\n<\/div>\n<\/div>\n<div class=\"row\">\n<div class=\"zusatzInfo\">\n<div class=\"clearfix\">Alimenta\u00e7\u00e3o longitudinal: 0,031-1,7<\/div>\n<\/div>\n<\/div>\n<div class=\"row\">\n<div class=\"zusatzInfo\">\n<div class=\"col-sm-6 col-xs-6\">\n<div class=\"border-bottom-dotted\">Travessia deslizamento de topo em mm:\u00a0120<\/div>\n<\/div>\n<div class=\"clearfix\">Dist\u00e2ncia entre centros em mm: 1500<\/div>\n<\/div>\n<\/div>\n<div class=\"row\">\n<div class=\"zusatzInfo\">\n<div class=\"clearfix\">M\u00e1x.\u00a0Balan\u00e7ar cama mm: 460<\/div>\n<\/div>\n<\/div>\n<div class=\"row\">\n<div class=\"zusatzInfo\">\n<div class=\"clearfix\">Altura do pico em mm: 230<\/div>\n<\/div>\n<\/div>\n<div class=\"row\">\n<div class=\"zusatzInfo\">\n<div class=\"clearfix\"><\/div>\n<\/div>\n<\/div>\n<div class=\"row groupRow\">\n<div class=\"zusatzInfo\">\n<div class=\"col-sm-6 col-xs-6\">\n<div class=\"border-bottom-dotted\"><strong>Peso:<\/strong><\/div>\n<\/div>\n<\/div>\n<\/div>\n<div class=\"row\">\n<div class=\"zusatzInfo\">\n<div class=\"col-sm-6 col-xs-6\">\n<div class=\"border-bottom-dotted\">Peso bruto em kg:\u00a02.1<\/div>\n<\/div>\n<\/div>\n<\/div>\n<div class=\"row\">\n<div class=\"zusatzInfo\">\n<div class=\"col-sm-6 col-xs-6\">\n<div class=\"border-bottom-dotted\">Peso l\u00edquido em kg:\u00a01.9<\/div>\n<\/div>\n<div class=\"clearfix\"><\/div>\n<\/div>\n<\/div>\n<div class=\"row groupRow\">\n<div class=\"zusatzInfo\">\n<div class=\"col-sm-6 col-xs-6\">\n<div class=\"border-bottom-dotted\"><strong>Dimens\u00f5es da embalagem:<\/strong><\/div>\n<\/div>\n<\/div>\n<\/div>\n<div class=\"row\">\n<div class=\"zusatzInfo\">\n<div class=\"col-sm-6 col-xs-6\">\n<div class=\"border-bottom-dotted\">Embalagem comprimento em mm:\u00a02800<\/div>\n<\/div>\n<\/div>\n<\/div>\n<div class=\"row\">\n<div class=\"zusatzInfo\">\n<div class=\"col-sm-6 col-xs-6\">\n<div class=\"border-bottom-dotted\">Embalagem largura em mm:\u00a01120<\/div>\n<\/div>\n<\/div>\n<\/div>\n<div class=\"row\">\n<div class=\"zusatzInfo\">\n<div class=\"col-sm-6 col-xs-6\">\n<div class=\"border-bottom-dotted\">Embalagem altura em mm:\u00a01730<\/div>\n<\/div>\n<\/div>\n<\/div>\n<p><\/p>","protected":false},"excerpt":{"rendered":"<p>Com 3-eixo mostrador digital Pesado e vibra\u00e7\u00e3o absorvendo projeto elenco Muito ampla, e cama da m\u00e1quina ch\u00e3o indutivo endurecido Acess\u00edvel e f\u00e1cil de usar, gra\u00e7as a limpar unidade de comuta\u00e7\u00e3o Ponte remov\u00edvel para o processamento de pe\u00e7as de trabalho de grandes Quatro maneira batente longitudinal ajust\u00e1vel Todas as guias ajust\u00e1veis \u200b\u200bpor gibs Camlock D1-6 fuso, [&hellip;]<\/p>\n","protected":false},"featured_media":67391,"comment_status":"closed","ping_status":"closed","template":"","meta":[],"product_brand":[],"product_cat":[1836],"product_tag":[5343,5345,5344,5342],"class_list":{"0":"post-11120","1":"product","2":"type-product","3":"status-publish","4":"has-post-thumbnail","6":"product_cat-torno-mecanico","7":"product_tag-metal-lathe-ed1500indig80","8":"product_tag-metalldrehbank-ed1500indig80","9":"product_tag-torno-automatico-ed1000indig80","10":"product_tag-torno-mecanico-ed1500indig80","12":"first","13":"onbackorder","14":"sold-individually","15":"taxable","16":"shipping-taxable","17":"purchasable","18":"product-type-simple"},"_links":{"self":[{"href":"https:\/\/occasionmachines.com\/pt\/wp-json\/wp\/v2\/product\/11120","targetHints":{"allow":["GET"]}}],"collection":[{"href":"https:\/\/occasionmachines.com\/pt\/wp-json\/wp\/v2\/product"}],"about":[{"href":"https:\/\/occasionmachines.com\/pt\/wp-json\/wp\/v2\/types\/product"}],"replies":[{"embeddable":true,"href":"https:\/\/occasionmachines.com\/pt\/wp-json\/wp\/v2\/comments?post=11120"}],"wp:featuredmedia":[{"embeddable":true,"href":"https:\/\/occasionmachines.com\/pt\/wp-json\/wp\/v2\/media\/67391"}],"wp:attachment":[{"href":"https:\/\/occasionmachines.com\/pt\/wp-json\/wp\/v2\/media?parent=11120"}],"wp:term":[{"taxonomy":"product_brand","embeddable":true,"href":"https:\/\/occasionmachines.com\/pt\/wp-json\/wp\/v2\/product_brand?post=11120"},{"taxonomy":"product_cat","embeddable":true,"href":"https:\/\/occasionmachines.com\/pt\/wp-json\/wp\/v2\/product_cat?post=11120"},{"taxonomy":"product_tag","embeddable":true,"href":"https:\/\/occasionmachines.com\/pt\/wp-json\/wp\/v2\/product_tag?post=11120"}],"curies":[{"name":"wp","href":"https:\/\/api.w.org\/{rel}","templated":true}]}}