{"id":11687,"date":"2017-10-08T22:48:12","date_gmt":"2017-10-08T21:48:12","guid":{"rendered":"http:\/\/occasionmachines.com\/produto\/conjunto-de-micrometros-25mm-ate-300mm\/"},"modified":"2022-01-17T20:20:02","modified_gmt":"2022-01-17T20:20:02","slug":"conjunto-de-micrometros-25mm-ate-300mm","status":"publish","type":"product","link":"https:\/\/occasionmachines.com\/pt\/produto\/conjunto-de-micrometros-25mm-ate-300mm\/","title":{"rendered":"Conjunto de micr\u00f3metros 25mm at\u00e9 300mm"},"content":{"rendered":"<p><\/p>\n<div class=\"feature\">\n<ul>\n<li>Com medi\u00e7\u00e3o encurvada<\/li>\n<li>Calibre \u00d8 6,5\u00a0mm, inclina\u00e7\u00e3o de 0,5\u00a0mm<\/li>\n<li>Leitura 0,01\u00a0mm, precis\u00e3o DIN 901<\/li>\n<li>Com caixa de madeira, inclui pe\u00e7as de ajuste<\/li>\n<\/ul>\n<\/div>\n<div class=\"product_description\">Contem 12\u00a0unidades<\/div>\n<p><\/p>","protected":false},"excerpt":{"rendered":"<p>Com medi\u00e7\u00e3o encurvada Calibre \u00d8 6,5\u00a0mm, inclina\u00e7\u00e3o de 0,5\u00a0mm Leitura 0,01\u00a0mm, precis\u00e3o DIN 901 Com caixa de madeira, inclui pe\u00e7as de ajuste Contem 12\u00a0unidades<\/p>\n","protected":false},"featured_media":11688,"comment_status":"closed","ping_status":"closed","template":"","meta":[],"product_brand":[],"product_cat":[5351],"product_tag":[],"class_list":{"0":"post-11687","1":"product","2":"type-product","3":"status-publish","4":"has-post-thumbnail","6":"product_cat-micrometros","7":"product_shipping_class-ferramentas-pequenas","9":"first","10":"onbackorder","11":"taxable","12":"shipping-taxable","13":"purchasable","14":"product-type-simple"},"_links":{"self":[{"href":"https:\/\/occasionmachines.com\/pt\/wp-json\/wp\/v2\/product\/11687","targetHints":{"allow":["GET"]}}],"collection":[{"href":"https:\/\/occasionmachines.com\/pt\/wp-json\/wp\/v2\/product"}],"about":[{"href":"https:\/\/occasionmachines.com\/pt\/wp-json\/wp\/v2\/types\/product"}],"replies":[{"embeddable":true,"href":"https:\/\/occasionmachines.com\/pt\/wp-json\/wp\/v2\/comments?post=11687"}],"wp:featuredmedia":[{"embeddable":true,"href":"https:\/\/occasionmachines.com\/pt\/wp-json\/wp\/v2\/media\/11688"}],"wp:attachment":[{"href":"https:\/\/occasionmachines.com\/pt\/wp-json\/wp\/v2\/media?parent=11687"}],"wp:term":[{"taxonomy":"product_brand","embeddable":true,"href":"https:\/\/occasionmachines.com\/pt\/wp-json\/wp\/v2\/product_brand?post=11687"},{"taxonomy":"product_cat","embeddable":true,"href":"https:\/\/occasionmachines.com\/pt\/wp-json\/wp\/v2\/product_cat?post=11687"},{"taxonomy":"product_tag","embeddable":true,"href":"https:\/\/occasionmachines.com\/pt\/wp-json\/wp\/v2\/product_tag?post=11687"}],"curies":[{"name":"wp","href":"https:\/\/api.w.org\/{rel}","templated":true}]}}