{"id":11790,"date":"2017-11-08T18:05:49","date_gmt":"2017-11-08T18:05:49","guid":{"rendered":"http:\/\/occasionmachines.com\/?post_type=product&#038;p=11790"},"modified":"2025-05-27T17:25:06","modified_gmt":"2025-05-27T16:25:06","slug":"lixadeira-m150-de-400v-com-2-velocidades","status":"publish","type":"product","link":"https:\/\/occasionmachines.com\/pt\/produto\/lixadeira-m150-de-400v-com-2-velocidades\/","title":{"rendered":"Lixadora Holzmann MSM150_400V"},"content":{"rendered":"<p>Lixadora M150 de 400V com 2 velocidades<\/p>\n<p>\u00d3timo resultado de lixar devido \u00e0 alta velocidade da correia<br \/>\nF\u00e1cil e r\u00e1pida mudan\u00e7a de fita<br \/>\nUnidade de girat\u00f3ria com ajuste r\u00e1pido<br \/>\nUnidade poderosa para passagem poderosa<br \/>\nCom cobertura de grafite para minimizar a fric\u00e7\u00e3o<br \/>\nAjuste fino para uma fita perfeita<\/p>\n<p>Detalhes t\u00e9cnicos<\/p>\n<p>Dados do motor<br \/>\nTens\u00e3o 400V<br \/>\nPot\u00eancia do motor S1 em W4000<br \/>\nPot\u00eancia do motor S6 em W5900<\/p>\n<p>Velocidade de cinto de lixar18\/37 m \/ s<br \/>\nDimens\u00f5es do cintur\u00e3o de lixa 2000&#215;15 0mm<\/p>\n<p>Peso bruto em 116 kg<br \/>\nPeso l\u00edquido em 110 kg<\/p>\n<p>Dimens\u00f5es da embalagem<br \/>\nComprimento da embalagem em 1100 mm<br \/>\nLargura de embalagem em 540 mm<br \/>\nAltura da embalagem em 65 0mm<\/p>","protected":false},"excerpt":{"rendered":"<p>Lixadora M150 de 400V com 2 velocidades \u00d3timo resultado de lixar devido \u00e0 alta velocidade da correia F\u00e1cil e r\u00e1pida mudan\u00e7a de fita Unidade de girat\u00f3ria com ajuste r\u00e1pido Unidade poderosa para passagem poderosa Com cobertura de grafite para minimizar a fric\u00e7\u00e3o Ajuste fino para uma fita perfeita Detalhes t\u00e9cnicos Dados do motor Tens\u00e3o 400V [&hellip;]<\/p>\n","protected":false},"featured_media":11791,"comment_status":"closed","ping_status":"closed","template":"","meta":[],"product_brand":[],"product_cat":[3421],"product_tag":[],"class_list":{"0":"post-11790","1":"product","2":"type-product","3":"status-publish","4":"has-post-thumbnail","6":"product_cat-lixadoras","7":"product_shipping_class-maquinas-pequenas","9":"first","10":"onbackorder","11":"taxable","12":"shipping-taxable","13":"purchasable","14":"product-type-simple"},"_links":{"self":[{"href":"https:\/\/occasionmachines.com\/pt\/wp-json\/wp\/v2\/product\/11790","targetHints":{"allow":["GET"]}}],"collection":[{"href":"https:\/\/occasionmachines.com\/pt\/wp-json\/wp\/v2\/product"}],"about":[{"href":"https:\/\/occasionmachines.com\/pt\/wp-json\/wp\/v2\/types\/product"}],"replies":[{"embeddable":true,"href":"https:\/\/occasionmachines.com\/pt\/wp-json\/wp\/v2\/comments?post=11790"}],"wp:featuredmedia":[{"embeddable":true,"href":"https:\/\/occasionmachines.com\/pt\/wp-json\/wp\/v2\/media\/11791"}],"wp:attachment":[{"href":"https:\/\/occasionmachines.com\/pt\/wp-json\/wp\/v2\/media?parent=11790"}],"wp:term":[{"taxonomy":"product_brand","embeddable":true,"href":"https:\/\/occasionmachines.com\/pt\/wp-json\/wp\/v2\/product_brand?post=11790"},{"taxonomy":"product_cat","embeddable":true,"href":"https:\/\/occasionmachines.com\/pt\/wp-json\/wp\/v2\/product_cat?post=11790"},{"taxonomy":"product_tag","embeddable":true,"href":"https:\/\/occasionmachines.com\/pt\/wp-json\/wp\/v2\/product_tag?post=11790"}],"curies":[{"name":"wp","href":"https:\/\/api.w.org\/{rel}","templated":true}]}}