{"id":11911,"date":"2018-02-05T20:36:05","date_gmt":"2018-02-05T20:36:05","guid":{"rendered":"http:\/\/occasionmachines.com\/?post_type=product&#038;p=11911"},"modified":"2025-01-31T17:51:32","modified_gmt":"2025-01-31T17:51:32","slug":"kit-7-ferros-12mm-x-12mm","status":"publish","type":"product","link":"https:\/\/occasionmachines.com\/pt\/produto\/kit-7-ferros-12mm-x-12mm\/","title":{"rendered":"Kit 7 ferros 12mm X 12mm"},"content":{"rendered":"<p>Kit 7 ferros 12mm X 12mm<\/p>\n<p>Ferros de corte para torno mec\u00e2nico com pastilhas.<\/p>\n<p>Especifica\u00e7\u00f5es:<br \/>\nMaterial: 42cr<br \/>\nchave: T8<\/p>\n<p>caracter\u00edsticas:<br \/>\n-para opera\u00e7\u00f5es de semi-acabamento e acabamento;<br \/>\n-dureza aproximadamente 45hrc;<br \/>\n\u2013 boa dureza e longa vida \u00fatil.<br \/>\n\u2013 pode reduzir o custo da ferramenta e melhorar a efici\u00eancia do corte;<\/p>\n<p>Inclu\u00eddo no Pacote:<br \/>\n7 ferros para torno mec\u00e2nico.<br \/>\nchaves T8 7<br \/>\n7 pastilhas<\/p>","protected":false},"excerpt":{"rendered":"<p>Kit 7 ferros 12mm X 12mm Ferros de corte para torno mec\u00e2nico com pastilhas. Especifica\u00e7\u00f5es: Material: 42cr chave: T8 caracter\u00edsticas: -para opera\u00e7\u00f5es de semi-acabamento e acabamento; -dureza aproximadamente 45hrc; \u2013 boa dureza e longa vida \u00fatil. \u2013 pode reduzir o custo da ferramenta e melhorar a efici\u00eancia do corte; Inclu\u00eddo no Pacote: 7 ferros para [&hellip;]<\/p>\n","protected":false},"featured_media":11912,"comment_status":"closed","ping_status":"closed","template":"","meta":[],"product_brand":[],"product_cat":[1432,4656],"product_tag":[],"class_list":{"0":"post-11911","1":"product","2":"type-product","3":"status-publish","4":"has-post-thumbnail","6":"product_cat-ferramentas","7":"product_cat-ferramentas-para-torno","8":"product_shipping_class-produtos-ate-10kg","10":"first","11":"onbackorder","12":"taxable","13":"shipping-taxable","14":"purchasable","15":"product-type-simple"},"_links":{"self":[{"href":"https:\/\/occasionmachines.com\/pt\/wp-json\/wp\/v2\/product\/11911","targetHints":{"allow":["GET"]}}],"collection":[{"href":"https:\/\/occasionmachines.com\/pt\/wp-json\/wp\/v2\/product"}],"about":[{"href":"https:\/\/occasionmachines.com\/pt\/wp-json\/wp\/v2\/types\/product"}],"replies":[{"embeddable":true,"href":"https:\/\/occasionmachines.com\/pt\/wp-json\/wp\/v2\/comments?post=11911"}],"wp:featuredmedia":[{"embeddable":true,"href":"https:\/\/occasionmachines.com\/pt\/wp-json\/wp\/v2\/media\/11912"}],"wp:attachment":[{"href":"https:\/\/occasionmachines.com\/pt\/wp-json\/wp\/v2\/media?parent=11911"}],"wp:term":[{"taxonomy":"product_brand","embeddable":true,"href":"https:\/\/occasionmachines.com\/pt\/wp-json\/wp\/v2\/product_brand?post=11911"},{"taxonomy":"product_cat","embeddable":true,"href":"https:\/\/occasionmachines.com\/pt\/wp-json\/wp\/v2\/product_cat?post=11911"},{"taxonomy":"product_tag","embeddable":true,"href":"https:\/\/occasionmachines.com\/pt\/wp-json\/wp\/v2\/product_tag?post=11911"}],"curies":[{"name":"wp","href":"https:\/\/api.w.org\/{rel}","templated":true}]}}