{"id":12085,"date":"2018-03-25T23:17:04","date_gmt":"2018-03-25T22:17:04","guid":{"rendered":"http:\/\/occasionmachines.com\/?post_type=product&#038;p=12085"},"modified":"2025-05-27T17:23:31","modified_gmt":"2025-05-27T16:23:31","slug":"macaco-elevador-hidraulico-levantamento-de-maquina-de-25-toneladas","status":"publish","type":"product","link":"https:\/\/occasionmachines.com\/pt\/produto\/macaco-elevador-hidraulico-levantamento-de-maquina-de-25-toneladas\/","title":{"rendered":"Macaco hidr\u00e1ulico levantamento de m\u00e1quina de 25 toneladas"},"content":{"rendered":"<p>Este macaco elevador hidr\u00e1ulico \u00e9 usado para manuten\u00e7\u00e3o e repara\u00e7\u00e3o de m\u00e1quinas pesadas.<br \/>\nF\u00e1cil de se mover com duas rodas.<\/p>\n<p>&#8211; capacidade de 25 ton<br \/>\n&#8211; faixa de eleva\u00e7\u00e3o 58mm-273mm<br \/>\n&#8211; faixa de eleva\u00e7\u00e3o cabe\u00e7a 505mm-720mm<br \/>\n&#8211; a press\u00e3o da m\u00e3o max = 40 kg.<br \/>\n&#8211; 360 graus<br \/>\n&#8211; CxLxA 450x290x730mm<br \/>\n&#8211; Peso do produto = 102 kg<\/p>","protected":false},"excerpt":{"rendered":"<p>Este macaco elevador hidr\u00e1ulico \u00e9 usado para manuten\u00e7\u00e3o e repara\u00e7\u00e3o de m\u00e1quinas pesadas. F\u00e1cil de se mover com duas rodas. &#8211; capacidade de 25 ton &#8211; faixa de eleva\u00e7\u00e3o 58mm-273mm &#8211; faixa de eleva\u00e7\u00e3o cabe\u00e7a 505mm-720mm &#8211; a press\u00e3o da m\u00e3o max = 40 kg. &#8211; 360 graus &#8211; CxLxA 450x290x730mm &#8211; Peso do produto [&hellip;]<\/p>\n","protected":false},"featured_media":12080,"comment_status":"closed","ping_status":"closed","template":"","meta":[],"product_brand":[],"product_cat":[5367],"product_tag":[],"class_list":{"0":"post-12085","1":"product","2":"type-product","3":"status-publish","4":"has-post-thumbnail","6":"product_cat-macacos-hidraulicos-levantamento-de-maquinas","7":"product_shipping_class-ferramentas-grandes","9":"first","10":"onbackorder","11":"taxable","12":"shipping-taxable","13":"purchasable","14":"product-type-simple"},"_links":{"self":[{"href":"https:\/\/occasionmachines.com\/pt\/wp-json\/wp\/v2\/product\/12085","targetHints":{"allow":["GET"]}}],"collection":[{"href":"https:\/\/occasionmachines.com\/pt\/wp-json\/wp\/v2\/product"}],"about":[{"href":"https:\/\/occasionmachines.com\/pt\/wp-json\/wp\/v2\/types\/product"}],"replies":[{"embeddable":true,"href":"https:\/\/occasionmachines.com\/pt\/wp-json\/wp\/v2\/comments?post=12085"}],"wp:featuredmedia":[{"embeddable":true,"href":"https:\/\/occasionmachines.com\/pt\/wp-json\/wp\/v2\/media\/12080"}],"wp:attachment":[{"href":"https:\/\/occasionmachines.com\/pt\/wp-json\/wp\/v2\/media?parent=12085"}],"wp:term":[{"taxonomy":"product_brand","embeddable":true,"href":"https:\/\/occasionmachines.com\/pt\/wp-json\/wp\/v2\/product_brand?post=12085"},{"taxonomy":"product_cat","embeddable":true,"href":"https:\/\/occasionmachines.com\/pt\/wp-json\/wp\/v2\/product_cat?post=12085"},{"taxonomy":"product_tag","embeddable":true,"href":"https:\/\/occasionmachines.com\/pt\/wp-json\/wp\/v2\/product_tag?post=12085"}],"curies":[{"name":"wp","href":"https:\/\/api.w.org\/{rel}","templated":true}]}}