{"id":12101,"date":"2018-03-26T00:19:22","date_gmt":"2018-03-25T23:19:22","guid":{"rendered":"http:\/\/occasionmachines.com\/?post_type=product&#038;p=12101"},"modified":"2025-05-27T17:23:15","modified_gmt":"2025-05-27T16:23:15","slug":"macaco-levantamento-de-maquinas-de-aco-resistente-5000kg","status":"publish","type":"product","link":"https:\/\/occasionmachines.com\/pt\/produto\/macaco-levantamento-de-maquinas-de-aco-resistente-5000kg\/","title":{"rendered":"Macaco levantamento de m\u00e1quinas de a\u00e7o resistente 5000KG"},"content":{"rendered":"<p><span class=\"goog-text-highlight\">Macaco de a\u00e7o resistente, constru\u00eddo para DIN7355. <\/span>leve f\u00e1cil com pouco esfor\u00e7o.<\/p>\n<p>Capacidade 5.000 kg<br \/>\nAltura do macaco = 725 mm<br \/>\nCurso Elevador Altura = 300 mm<br \/>\nAltura da garra em posi\u00e7\u00e3o mais baixa = 70 mm<\/p>\n<p>Dimens\u00f5es = 760x220x275mm<br \/>\nPeso 29,5kg<\/p>","protected":false},"excerpt":{"rendered":"<p>Macaco de a\u00e7o resistente, constru\u00eddo para DIN7355. leve f\u00e1cil com pouco esfor\u00e7o. Capacidade 5.000 kg Altura do macaco = 725 mm Curso Elevador Altura = 300 mm Altura da garra em posi\u00e7\u00e3o mais baixa = 70 mm Dimens\u00f5es = 760x220x275mm Peso 29,5kg<\/p>\n","protected":false},"featured_media":12096,"comment_status":"closed","ping_status":"closed","template":"","meta":[],"product_brand":[],"product_cat":[5367],"product_tag":[],"class_list":{"0":"post-12101","1":"product","2":"type-product","3":"status-publish","4":"has-post-thumbnail","6":"product_cat-macacos-hidraulicos-levantamento-de-maquinas","7":"product_shipping_class-ferramentas-grandes","9":"first","10":"onbackorder","11":"taxable","12":"shipping-taxable","13":"purchasable","14":"product-type-simple"},"_links":{"self":[{"href":"https:\/\/occasionmachines.com\/pt\/wp-json\/wp\/v2\/product\/12101","targetHints":{"allow":["GET"]}}],"collection":[{"href":"https:\/\/occasionmachines.com\/pt\/wp-json\/wp\/v2\/product"}],"about":[{"href":"https:\/\/occasionmachines.com\/pt\/wp-json\/wp\/v2\/types\/product"}],"replies":[{"embeddable":true,"href":"https:\/\/occasionmachines.com\/pt\/wp-json\/wp\/v2\/comments?post=12101"}],"wp:featuredmedia":[{"embeddable":true,"href":"https:\/\/occasionmachines.com\/pt\/wp-json\/wp\/v2\/media\/12096"}],"wp:attachment":[{"href":"https:\/\/occasionmachines.com\/pt\/wp-json\/wp\/v2\/media?parent=12101"}],"wp:term":[{"taxonomy":"product_brand","embeddable":true,"href":"https:\/\/occasionmachines.com\/pt\/wp-json\/wp\/v2\/product_brand?post=12101"},{"taxonomy":"product_cat","embeddable":true,"href":"https:\/\/occasionmachines.com\/pt\/wp-json\/wp\/v2\/product_cat?post=12101"},{"taxonomy":"product_tag","embeddable":true,"href":"https:\/\/occasionmachines.com\/pt\/wp-json\/wp\/v2\/product_tag?post=12101"}],"curies":[{"name":"wp","href":"https:\/\/api.w.org\/{rel}","templated":true}]}}