{"id":12300,"date":"2018-04-19T12:39:24","date_gmt":"2018-04-19T11:39:24","guid":{"rendered":"http:\/\/occasionmachines.com\/?post_type=product&#038;p=12300"},"modified":"2025-05-27T17:22:33","modified_gmt":"2025-05-27T16:22:33","slug":"maquina-de-desmontagem-de-pneus-626","status":"publish","type":"product","link":"https:\/\/occasionmachines.com\/pt\/produto\/maquina-de-desmontagem-de-pneus-626\/","title":{"rendered":"M\u00e1quina de desmontagem de pneus 626"},"content":{"rendered":"<p><\/p>\n<h1>M\u00e1quina de desmontagem de pneus 626<\/h1>\n<p>Uma m\u00e1quina de desmontagem e montagem de pneus adequada para pneus.\u00a0Gra\u00e7as ao seu bra\u00e7o de rota\u00e7\u00e3o \u00e9 est\u00e1vel o dispositivo a colocar contra a parede<\/p>\n<p>especifica\u00e7\u00f5es t\u00e9cnicas:<br \/>\n&#8211; tens\u00e3o = 230V<br \/>\n&#8211; Frequ\u00eancia = 50Hz<br \/>\n&#8211; motor poder = 1,1 \/ 0.75kW<br \/>\n&#8211; for\u00e7a de 2,500 kg =<br \/>\n&#8211; som 75dB n\u00edvel =<br \/>\n&#8211; press\u00e3o de ar = 8 &#8211; 10 bar<br \/>\n&#8211; aro fora di\u00e2metro = 10 &#8221; &#8211; 21 &#8221;<br \/>\n&#8211; aro di\u00e2metro interior = 12 &#8221; &#8211; 24 &#8221;<br \/>\n&#8211; di\u00e2metro da roda max = 41 &#8220;(1,040 mil\u00edmetros)<br \/>\n&#8211; altura m\u00e1xima roda = 14 &#8221; (355 mil\u00edmetros)<br \/>\nCertificado CE.<\/p>\n<p>Acess\u00f3rios padr\u00e3o fornecidos:<br \/>\nalavanca de pneus, lubrificador,<br \/>\ntampas de protec\u00e7\u00e3o conjunto de garras,<br \/>\nprotetor cap tal\u00e3o disjuntor, calibrador de pneus, mangueiras<\/p>\n<p><strong>Dimens\u00f5es do produto<\/strong><\/p>\n<p>Peso do produto (kg)196<\/p>\n<p><strong>Dimens\u00f5es de embalagem<\/strong><\/p>\n<p>Comprimento da embalagem (mm)970<\/p>\n<p>Largura da embalagem (mm)750<\/p>\n<p>Altura de embalagem (mm)950<\/p>\n<p>Peso de embalagem (kg)216<\/p>","protected":false},"excerpt":{"rendered":"<p>M\u00e1quina de desmontagem de pneus 626 Uma m\u00e1quina de desmontagem e montagem de pneus adequada para pneus.\u00a0Gra\u00e7as ao seu bra\u00e7o de rota\u00e7\u00e3o \u00e9 est\u00e1vel o dispositivo a colocar contra a parede especifica\u00e7\u00f5es t\u00e9cnicas: &#8211; tens\u00e3o = 230V &#8211; Frequ\u00eancia = 50Hz &#8211; motor poder = 1,1 \/ 0.75kW &#8211; for\u00e7a de 2,500 kg = &#8211; [&hellip;]<\/p>\n","protected":false},"featured_media":12302,"comment_status":"closed","ping_status":"closed","template":"","meta":[],"product_brand":[],"product_cat":[5013],"product_tag":[],"class_list":{"0":"post-12300","1":"product","2":"type-product","3":"status-publish","4":"has-post-thumbnail","6":"product_cat-desmontadoras-de-pneus","7":"product_shipping_class-maquinas-medias","9":"first","10":"onbackorder","11":"taxable","12":"shipping-taxable","13":"purchasable","14":"product-type-simple"},"_links":{"self":[{"href":"https:\/\/occasionmachines.com\/pt\/wp-json\/wp\/v2\/product\/12300","targetHints":{"allow":["GET"]}}],"collection":[{"href":"https:\/\/occasionmachines.com\/pt\/wp-json\/wp\/v2\/product"}],"about":[{"href":"https:\/\/occasionmachines.com\/pt\/wp-json\/wp\/v2\/types\/product"}],"replies":[{"embeddable":true,"href":"https:\/\/occasionmachines.com\/pt\/wp-json\/wp\/v2\/comments?post=12300"}],"wp:featuredmedia":[{"embeddable":true,"href":"https:\/\/occasionmachines.com\/pt\/wp-json\/wp\/v2\/media\/12302"}],"wp:attachment":[{"href":"https:\/\/occasionmachines.com\/pt\/wp-json\/wp\/v2\/media?parent=12300"}],"wp:term":[{"taxonomy":"product_brand","embeddable":true,"href":"https:\/\/occasionmachines.com\/pt\/wp-json\/wp\/v2\/product_brand?post=12300"},{"taxonomy":"product_cat","embeddable":true,"href":"https:\/\/occasionmachines.com\/pt\/wp-json\/wp\/v2\/product_cat?post=12300"},{"taxonomy":"product_tag","embeddable":true,"href":"https:\/\/occasionmachines.com\/pt\/wp-json\/wp\/v2\/product_tag?post=12300"}],"curies":[{"name":"wp","href":"https:\/\/api.w.org\/{rel}","templated":true}]}}