{"id":12345,"date":"2018-04-19T16:11:12","date_gmt":"2018-04-19T15:11:12","guid":{"rendered":"http:\/\/occasionmachines.com\/?post_type=product&#038;p=12345"},"modified":"2025-05-27T17:21:40","modified_gmt":"2025-05-27T16:21:40","slug":"maquina-de-desmontagem-de-pneus-com-braco-auxiliar-400v-velocidade-dupla","status":"publish","type":"product","link":"https:\/\/occasionmachines.com\/pt\/produto\/maquina-de-desmontagem-de-pneus-com-braco-auxiliar-400v-velocidade-dupla\/","title":{"rendered":"M\u00e1quina de desmontagem de pneus 202BH com bra\u00e7o auxiliar 400V velocidade dupla"},"content":{"rendered":"<p><\/p>\n<h1>M\u00e1quina de desmontagem de pneus 202BH com bra\u00e7o auxiliar 400V velocidade dupla<\/h1>\n<p>O\u00a0trocador de\u00a0pneus de velocidade dupla totalmente autom\u00e1tico \u00e9 equipado com uma coluna basculante para uso intensivo.\u00a0A plataforma girat\u00f3ria pode funcionar em duas velocidades, ideal para (des) montar pneus muito largos e r\u00edgidos.<\/p>\n<p>&#8211; aro de tens\u00e3o do exterior = 10 &#8211; 22 &#8221;<br \/>\n&#8211; aro de tens\u00e3o do interior = 12 &#8211; 24 &#8221;<br \/>\n&#8211; di\u00e2metro m\u00e1ximo da roda = 1000 mm (39 &#8221;)<br \/>\n&#8211; largura m\u00e1xima da roda = 330 mm (13 &#8221;)<br \/>\n&#8211; for\u00e7a do cilindro do quebra-calcanhar a 10 bar =<br \/>\n2500 kg &#8211; press\u00e3o de trabalho =\u00a010 bar\u00a0(145 psi)<br \/>\n&#8211; press\u00e3o m\u00e1xima de enchimento dos pneus = 3,5 bar<br \/>\n&#8211; tens\u00e3o = 400 V<\/p>\n<p>fornecida incluindo:<br \/>\nalavanca do pneu, pulverizador de \u00f3leo, conjunto de acess\u00f3rios para rodas aluminio,<br \/>\nmedidor de\u00a0pneus, mangueira,\u00a0graxa para\u00a0pneus de balde\u00a0INCLUINDO HUB DE CAPACETE HP1<\/p>\n<table class=\"table spec-table table-bordered\">\n<thead>\n<tr>\n<td colspan=\"2\"><strong>Dimens\u00f5es do produto<\/strong><\/td>\n<\/tr>\n<\/thead>\n<thead>\n<tr>\n<td colspan=\"2\"><strong>Dimens\u00f5es de embalagem<\/strong><\/td>\n<\/tr>\n<\/thead>\n<tbody>\n<tr>\n<td>Comprimento da embalagem (mm)<\/td>\n<td>1080<\/td>\n<\/tr>\n<tr>\n<td>Largura da embalagem (mm)<\/td>\n<td>900<\/td>\n<\/tr>\n<tr>\n<td>Altura de embalagem (mm)<\/td>\n<td>1390<\/td>\n<\/tr>\n<tr>\n<td>Peso de embalagem (kg)<\/td>\n<td>404<\/td>\n<\/tr>\n<\/tbody>\n<\/table>\n<p><\/p>","protected":false},"excerpt":{"rendered":"<p>M\u00e1quina de desmontagem de pneus 202BH com bra\u00e7o auxiliar 400V velocidade dupla O\u00a0trocador de\u00a0pneus de velocidade dupla totalmente autom\u00e1tico \u00e9 equipado com uma coluna basculante para uso intensivo.\u00a0A plataforma girat\u00f3ria pode funcionar em duas velocidades, ideal para (des) montar pneus muito largos e r\u00edgidos. &#8211; aro de tens\u00e3o do exterior = 10 &#8211; 22 &#8221; [&hellip;]<\/p>\n","protected":false},"featured_media":12347,"comment_status":"closed","ping_status":"closed","template":"","meta":[],"product_brand":[],"product_cat":[5013],"product_tag":[],"class_list":{"0":"post-12345","1":"product","2":"type-product","3":"status-publish","4":"has-post-thumbnail","6":"product_cat-desmontadoras-de-pneus","7":"product_shipping_class-maquinas-medias","9":"first","10":"onbackorder","11":"taxable","12":"shipping-taxable","13":"purchasable","14":"product-type-simple"},"_links":{"self":[{"href":"https:\/\/occasionmachines.com\/pt\/wp-json\/wp\/v2\/product\/12345","targetHints":{"allow":["GET"]}}],"collection":[{"href":"https:\/\/occasionmachines.com\/pt\/wp-json\/wp\/v2\/product"}],"about":[{"href":"https:\/\/occasionmachines.com\/pt\/wp-json\/wp\/v2\/types\/product"}],"replies":[{"embeddable":true,"href":"https:\/\/occasionmachines.com\/pt\/wp-json\/wp\/v2\/comments?post=12345"}],"wp:featuredmedia":[{"embeddable":true,"href":"https:\/\/occasionmachines.com\/pt\/wp-json\/wp\/v2\/media\/12347"}],"wp:attachment":[{"href":"https:\/\/occasionmachines.com\/pt\/wp-json\/wp\/v2\/media?parent=12345"}],"wp:term":[{"taxonomy":"product_brand","embeddable":true,"href":"https:\/\/occasionmachines.com\/pt\/wp-json\/wp\/v2\/product_brand?post=12345"},{"taxonomy":"product_cat","embeddable":true,"href":"https:\/\/occasionmachines.com\/pt\/wp-json\/wp\/v2\/product_cat?post=12345"},{"taxonomy":"product_tag","embeddable":true,"href":"https:\/\/occasionmachines.com\/pt\/wp-json\/wp\/v2\/product_tag?post=12345"}],"curies":[{"name":"wp","href":"https:\/\/api.w.org\/{rel}","templated":true}]}}