{"id":12359,"date":"2018-04-19T16:46:56","date_gmt":"2018-04-19T15:46:56","guid":{"rendered":"http:\/\/occasionmachines.com\/?post_type=product&#038;p=12359"},"modified":"2025-05-27T17:20:40","modified_gmt":"2025-05-27T16:20:40","slug":"braco-auxiliar-de-desmontagem-hp1","status":"publish","type":"product","link":"https:\/\/occasionmachines.com\/pt\/produto\/braco-auxiliar-de-desmontagem-hp1\/","title":{"rendered":"Bra\u00e7o auxiliar de desmontagem HP1"},"content":{"rendered":"<p>Bra\u00e7o auxiliar de desmontagem HP1<\/p>\n<p>Bra\u00e7o auxiliar de desmontagem HP1<\/p>\n<p>Adequado para o desmontador de pneus 202B<\/p>\n<p>Dimens\u00f5es do produto<br \/>\nDimens\u00f5es de embalagem<br \/>\nPeso de embalagem (kg) 175<\/p>\n<p>&nbsp;<\/p>","protected":false},"excerpt":{"rendered":"<p>Bra\u00e7o auxiliar de desmontagem HP1 Bra\u00e7o auxiliar de desmontagem HP1 Adequado para o desmontador de pneus 202B Dimens\u00f5es do produto Dimens\u00f5es de embalagem Peso de embalagem (kg) 175 &nbsp;<\/p>\n","protected":false},"featured_media":12368,"comment_status":"closed","ping_status":"closed","template":"","meta":[],"product_brand":[],"product_cat":[5013],"product_tag":[],"class_list":{"0":"post-12359","1":"product","2":"type-product","3":"status-publish","4":"has-post-thumbnail","6":"product_cat-desmontadoras-de-pneus","7":"product_shipping_class-maquinas-medias","9":"first","10":"onbackorder","11":"taxable","12":"shipping-taxable","13":"purchasable","14":"product-type-simple"},"_links":{"self":[{"href":"https:\/\/occasionmachines.com\/pt\/wp-json\/wp\/v2\/product\/12359","targetHints":{"allow":["GET"]}}],"collection":[{"href":"https:\/\/occasionmachines.com\/pt\/wp-json\/wp\/v2\/product"}],"about":[{"href":"https:\/\/occasionmachines.com\/pt\/wp-json\/wp\/v2\/types\/product"}],"replies":[{"embeddable":true,"href":"https:\/\/occasionmachines.com\/pt\/wp-json\/wp\/v2\/comments?post=12359"}],"wp:featuredmedia":[{"embeddable":true,"href":"https:\/\/occasionmachines.com\/pt\/wp-json\/wp\/v2\/media\/12368"}],"wp:attachment":[{"href":"https:\/\/occasionmachines.com\/pt\/wp-json\/wp\/v2\/media?parent=12359"}],"wp:term":[{"taxonomy":"product_brand","embeddable":true,"href":"https:\/\/occasionmachines.com\/pt\/wp-json\/wp\/v2\/product_brand?post=12359"},{"taxonomy":"product_cat","embeddable":true,"href":"https:\/\/occasionmachines.com\/pt\/wp-json\/wp\/v2\/product_cat?post=12359"},{"taxonomy":"product_tag","embeddable":true,"href":"https:\/\/occasionmachines.com\/pt\/wp-json\/wp\/v2\/product_tag?post=12359"}],"curies":[{"name":"wp","href":"https:\/\/api.w.org\/{rel}","templated":true}]}}