{"id":12396,"date":"2018-04-20T11:05:14","date_gmt":"2018-04-20T10:05:14","guid":{"rendered":"http:\/\/occasionmachines.com\/?post_type=product&#038;p=12396"},"modified":"2025-05-27T17:19:55","modified_gmt":"2025-05-27T16:19:55","slug":"maquina-de-calibrar-de-pneus-212","status":"publish","type":"product","link":"https:\/\/occasionmachines.com\/pt\/produto\/maquina-de-calibrar-de-pneus-212\/","title":{"rendered":"M\u00e1quina de Calibrar de pneus 212"},"content":{"rendered":"<p>M\u00e1quina de Calibrar de pneus 212<\/p>\n<p>especifica\u00e7\u00f5es t\u00e9cnicas:<br \/>\n&#8211; fornecimento de energia de 230V 50-60Hz = 1Ph<br \/>\n&#8211; poder = 60W<br \/>\n&#8211; 98 RPM = velocidade de rota\u00e7\u00e3o<br \/>\n&#8211; da borda da roda de di\u00e2metro = 8 &#8221; ~ 26 &#8221; (200-650mm)<br \/>\n&#8211; di\u00e2metro da roda = 34 &#8221; (850 mil\u00edmetros)<br \/>\n&#8211; largura da jante max = 16 &#8221; &#8216;(415 mm)<br \/>\n&#8211; capacidade m\u00e1xima = 75 kg<br \/>\n&#8211; dura\u00e7\u00e3o do ciclo = 8 &#8211; 15 seg.<br \/>\n&#8211; precis\u00e3o = 1 gr<\/p>\n<p>Fun\u00e7\u00f5es padr\u00e3o:<br \/>\n&#8211; Arranque-paragem<br \/>\nautom\u00e1tico &#8211; Autodiagn\u00f3stico &#8211; Modo de auto-calibra\u00e7\u00e3o<br \/>\n&#8211; Modo Stop-on-top &#8211; desequil\u00edbrio 00:00<br \/>\n&#8211; Modo SPLIT &#8211; dividindo o peso por tr\u00e1s dos raios<br \/>\n&#8211; Estat\u00edsticas &#8211; Mem\u00f3ria<br \/>\n&#8211; do adaptador modo de flange Calibra\u00e7\u00e3o r\u00e1pida &#8211; FFC<br \/>\n4 programas ALU para jantes de alum\u00ednio -.<br \/>\n&#8211; ALU-S &#8211; programa\u00e7\u00e3o de alum\u00ednio<br \/>\n&#8211; 16 Bit de mem\u00f3ria Flash<br \/>\n&#8211; DYN &#8211; modo de balanceamento din\u00e2mico<br \/>\n&#8211; MARS autom\u00e1tica desequil\u00edbrio est\u00e1tico minimiza\u00e7\u00e3o<\/p>\n<p>Acess\u00f3rios Standard:<br \/>\n&#8211; 40 mil\u00edmetros rosca do fuso<br \/>\n&#8211; qualidade HAWEKA bra\u00e7adeira de libera\u00e7\u00e3o r\u00e1pida<br \/>\n&#8211; Calibra\u00e7\u00e3o de peso<br \/>\n&#8211; Saldo alicate de peso<br \/>\n&#8211; Chumbadores<br \/>\n&#8211; Largura do aro metros<br \/>\n&#8211; kit cone<\/p>\n<table class=\"table spec-table table-bordered\">\n<tbody>\n<tr>\n<td>Comprimento do produto (mm)<\/td>\n<td>1110<\/td>\n<\/tr>\n<tr>\n<td>Largura do produto (mm)<\/td>\n<td>510<\/td>\n<\/tr>\n<tr>\n<td>Altura do produto (mm)<\/td>\n<td>990<\/td>\n<\/tr>\n<tr>\n<td>Peso do produto (kg)<\/td>\n<td>59<\/td>\n<\/tr>\n<\/tbody>\n<thead>\n<tr>\n<td colspan=\"2\"><strong>Dimens\u00f5es de embalagem<\/strong><\/td>\n<\/tr>\n<\/thead>\n<tbody>\n<tr>\n<td>Comprimento da embalagem (mm)<\/td>\n<td>900<\/td>\n<\/tr>\n<tr>\n<td>Largura da embalagem (mm)<\/td>\n<td>500<\/td>\n<\/tr>\n<tr>\n<td>Altura de embalagem (mm)<\/td>\n<td>1120<\/td>\n<\/tr>\n<tr>\n<td>Peso de embalagem (kg)<\/td>\n<td>70<\/td>\n<\/tr>\n<\/tbody>\n<\/table>\n<p><\/p>","protected":false},"excerpt":{"rendered":"<p>M\u00e1quina de Calibrar de pneus 212 especifica\u00e7\u00f5es t\u00e9cnicas: &#8211; fornecimento de energia de 230V 50-60Hz = 1Ph &#8211; poder = 60W &#8211; 98 RPM = velocidade de rota\u00e7\u00e3o &#8211; da borda da roda de di\u00e2metro = 8 &#8221; ~ 26 &#8221; (200-650mm) &#8211; di\u00e2metro da roda = 34 &#8221; (850 mil\u00edmetros) &#8211; largura da jante [&hellip;]<\/p>\n","protected":false},"featured_media":12398,"comment_status":"closed","ping_status":"closed","template":"","meta":[],"product_brand":[],"product_cat":[7716],"product_tag":[],"class_list":{"0":"post-12396","1":"product","2":"type-product","3":"status-publish","4":"has-post-thumbnail","6":"product_cat-equipamento-de-oficina","7":"product_shipping_class-ferramentas-grandes","9":"first","10":"onbackorder","11":"taxable","12":"shipping-taxable","13":"purchasable","14":"product-type-simple"},"_links":{"self":[{"href":"https:\/\/occasionmachines.com\/pt\/wp-json\/wp\/v2\/product\/12396","targetHints":{"allow":["GET"]}}],"collection":[{"href":"https:\/\/occasionmachines.com\/pt\/wp-json\/wp\/v2\/product"}],"about":[{"href":"https:\/\/occasionmachines.com\/pt\/wp-json\/wp\/v2\/types\/product"}],"replies":[{"embeddable":true,"href":"https:\/\/occasionmachines.com\/pt\/wp-json\/wp\/v2\/comments?post=12396"}],"wp:featuredmedia":[{"embeddable":true,"href":"https:\/\/occasionmachines.com\/pt\/wp-json\/wp\/v2\/media\/12398"}],"wp:attachment":[{"href":"https:\/\/occasionmachines.com\/pt\/wp-json\/wp\/v2\/media?parent=12396"}],"wp:term":[{"taxonomy":"product_brand","embeddable":true,"href":"https:\/\/occasionmachines.com\/pt\/wp-json\/wp\/v2\/product_brand?post=12396"},{"taxonomy":"product_cat","embeddable":true,"href":"https:\/\/occasionmachines.com\/pt\/wp-json\/wp\/v2\/product_cat?post=12396"},{"taxonomy":"product_tag","embeddable":true,"href":"https:\/\/occasionmachines.com\/pt\/wp-json\/wp\/v2\/product_tag?post=12396"}],"curies":[{"name":"wp","href":"https:\/\/api.w.org\/{rel}","templated":true}]}}