{"id":12410,"date":"2018-04-20T11:32:50","date_gmt":"2018-04-20T10:32:50","guid":{"rendered":"http:\/\/occasionmachines.com\/?post_type=product&#038;p=12410"},"modified":"2025-05-27T17:19:15","modified_gmt":"2025-05-27T16:19:15","slug":"maquina-de-calibrar-pneus-555-com-monitor-19","status":"publish","type":"product","link":"https:\/\/occasionmachines.com\/pt\/produto\/maquina-de-calibrar-pneus-555-com-monitor-19\/","title":{"rendered":"M\u00e1quina de Calibrar Pneus 555 com monitor 19&#8243;\u00f6"},"content":{"rendered":"<p>M\u00e1quina de Calibrar Pneus 555<\/p>\n<p>Especifica\u00e7\u00f5es t\u00e9cnicas:<br \/>\n&#8211; Fonte de alimenta\u00e7\u00e3o = 230V 50-60Hz 1Ph<br \/>\n&#8211; Pot\u00eancia = 400W<br \/>\n&#8211; Velocidade = 98 rpm<br \/>\n&#8211; Di\u00e2metro do aro = 8 &#8221; ~ 26 &#8221; (200-650mm)<br \/>\n&#8211; Di\u00e2metro da roda = 34 &#8221; (850 mil\u00edmetros)<br \/>\n&#8211; largura da jante Max = 16 &#8216; &#8220;(415 mil\u00edmetros)<br \/>\n&#8211; capacidade m\u00e1xima = 90 kg<br \/>\n&#8211; tempo de ciclo = 8-15 seg<br \/>\n&#8211; precis\u00e3o = 1 g<\/p>\n<p>As caracter\u00edsticas padr\u00e3o:<br \/>\n&#8211; Automatic start-stop<br \/>\nmodo de auto-calibra\u00e7\u00e3o &#8211; &#8211; Auto-diagn\u00f3stico<br \/>\n&#8211; ALU-SE &#8211; entrada remota roda autom\u00e1tica<br \/>\n&#8211; OPT &#8211; Tape otimiza\u00e7\u00e3o posi\u00e7\u00e3o<br \/>\n&#8211; Stop-on-top mode &#8211; 12:00 desequil\u00edbrio<br \/>\n&#8211; Modo SPLIT &#8211; peso dividido por tr\u00e1s dos raios<br \/>\n&#8211; Estat\u00edsticas &#8211; Mem\u00f3ria<br \/>\n&#8211; FFC &#8211; flange de calibra\u00e7\u00e3o adaptadores de modo r\u00e1pido<br \/>\n&#8211; 4 alu programas para rodas de alum\u00ednio.<br \/>\n&#8211; Alu-S &#8211; Programa de alum\u00ednio<br \/>\n&#8211; 16 Bit de mem\u00f3ria flash<br \/>\n&#8211; DYN &#8211; modo de balanceamento din\u00e2mico<br \/>\n&#8211; MARS autom\u00e1tica desequil\u00edbrio est\u00e1tico minimiza\u00e7\u00e3o<br \/>\n&#8211; ASF fun\u00e7\u00f5es de alum\u00ednio especial<br \/>\n&#8211; rim correr para fora &#8211; controle exc\u00eantrico do aro<br \/>\n&#8211; Planarity &#8211; controle geom\u00e9trico do aro<br \/>\n&#8211; APS &#8211; Modo autom\u00e1tico de posi\u00e7\u00e3o do peso da roda<br \/>\n&#8211; FAST &#8211; modo de ciclo acelerado opcional<br \/>\n&#8211; MS-DOS &#8211; Software<\/p>\n<p>Acess\u00f3rios Standard:<br \/>\n&#8211; 40 mil\u00edmetros Eixo T\u00f3pico<br \/>\n&#8211; Haweka qualidade 40 mil\u00edmetros bra\u00e7adeira de libera\u00e7\u00e3o r\u00e1pida<br \/>\n&#8211; Calibra\u00e7\u00e3o de peso<br \/>\n&#8211; Alicate Roda de chumbo<br \/>\n&#8211; Chumbadores<\/p>\n<table class=\"table spec-table table-bordered\">\n<thead>\n<tr>\n<td colspan=\"2\"><strong>Dimens\u00f5es do produto<\/strong><\/td>\n<\/tr>\n<\/thead>\n<tbody>\n<tr>\n<td>Comprimento do produto (mm)<\/td>\n<td>1100<\/td>\n<\/tr>\n<tr>\n<td>Largura do produto (mm)<\/td>\n<td>1070<\/td>\n<\/tr>\n<tr>\n<td>Altura do produto (mm)<\/td>\n<td>1730<\/td>\n<\/tr>\n<tr>\n<td>Peso do produto (kg)<\/td>\n<td>126<\/td>\n<\/tr>\n<\/tbody>\n<thead>\n<tr>\n<td colspan=\"2\"><strong>Dimens\u00f5es de embalagem<\/strong><\/td>\n<\/tr>\n<\/thead>\n<tbody>\n<tr>\n<td>Comprimento da embalagem (mm)<\/td>\n<td>1130<\/td>\n<\/tr>\n<tr>\n<td>Largura da embalagem (mm)<\/td>\n<td>760<\/td>\n<\/tr>\n<tr>\n<td>Altura de embalagem (mm)<\/td>\n<td>1120<\/td>\n<\/tr>\n<tr>\n<td>Peso de embalagem (kg)<\/td>\n<td>150<\/td>\n<\/tr>\n<\/tbody>\n<\/table>\n<p><\/p>","protected":false},"excerpt":{"rendered":"<p>M\u00e1quina de Calibrar Pneus 555 Especifica\u00e7\u00f5es t\u00e9cnicas: &#8211; Fonte de alimenta\u00e7\u00e3o = 230V 50-60Hz 1Ph &#8211; Pot\u00eancia = 400W &#8211; Velocidade = 98 rpm &#8211; Di\u00e2metro do aro = 8 &#8221; ~ 26 &#8221; (200-650mm) &#8211; Di\u00e2metro da roda = 34 &#8221; (850 mil\u00edmetros) &#8211; largura da jante Max = 16 &#8216; &#8220;(415 mil\u00edmetros) &#8211; [&hellip;]<\/p>\n","protected":false},"featured_media":12412,"comment_status":"closed","ping_status":"closed","template":"","meta":[],"product_brand":[],"product_cat":[7716],"product_tag":[],"class_list":{"0":"post-12410","1":"product","2":"type-product","3":"status-publish","4":"has-post-thumbnail","6":"product_cat-equipamento-de-oficina","7":"product_shipping_class-maquinas-medias","9":"first","10":"onbackorder","11":"taxable","12":"shipping-taxable","13":"purchasable","14":"product-type-simple"},"_links":{"self":[{"href":"https:\/\/occasionmachines.com\/pt\/wp-json\/wp\/v2\/product\/12410","targetHints":{"allow":["GET"]}}],"collection":[{"href":"https:\/\/occasionmachines.com\/pt\/wp-json\/wp\/v2\/product"}],"about":[{"href":"https:\/\/occasionmachines.com\/pt\/wp-json\/wp\/v2\/types\/product"}],"replies":[{"embeddable":true,"href":"https:\/\/occasionmachines.com\/pt\/wp-json\/wp\/v2\/comments?post=12410"}],"wp:featuredmedia":[{"embeddable":true,"href":"https:\/\/occasionmachines.com\/pt\/wp-json\/wp\/v2\/media\/12412"}],"wp:attachment":[{"href":"https:\/\/occasionmachines.com\/pt\/wp-json\/wp\/v2\/media?parent=12410"}],"wp:term":[{"taxonomy":"product_brand","embeddable":true,"href":"https:\/\/occasionmachines.com\/pt\/wp-json\/wp\/v2\/product_brand?post=12410"},{"taxonomy":"product_cat","embeddable":true,"href":"https:\/\/occasionmachines.com\/pt\/wp-json\/wp\/v2\/product_cat?post=12410"},{"taxonomy":"product_tag","embeddable":true,"href":"https:\/\/occasionmachines.com\/pt\/wp-json\/wp\/v2\/product_tag?post=12410"}],"curies":[{"name":"wp","href":"https:\/\/api.w.org\/{rel}","templated":true}]}}