{"id":12485,"date":"2018-04-20T14:47:08","date_gmt":"2018-04-20T13:47:08","guid":{"rendered":"http:\/\/occasionmachines.com\/?post_type=product&#038;p=12485"},"modified":"2025-05-27T16:48:59","modified_gmt":"2025-05-27T15:48:59","slug":"lixadeira-100x1220mm-230v","status":"publish","type":"product","link":"https:\/\/occasionmachines.com\/pt\/produto\/lixadeira-100x1220mm-230v\/","title":{"rendered":"Lixadora de cinta 100 x 1220mm 230V"},"content":{"rendered":"<p>Lixadora de cinta<\/p>\n<p>Esta lixadora de cinta Cowley \u00e9 usada principalmente para polir e lixar pe\u00e7as de metal, madeira ou pl\u00e1stico para remover irregularidades. A m\u00e1quina tamb\u00e9m pode ser usada para polir superf\u00edcies para faz\u00ea-las brilhar.<\/p>\n<p>Especifica\u00e7\u00f5es:<br \/>\n&#8211; tens\u00e3o = 230V\/50Hz<br \/>\n&#8211; pot\u00eancia do motor = 1,5kW<br \/>\n&#8211; velocidade da correia = 19m\/s<br \/>\n&#8211; medidas do cinto (breedte x length) = 100 x 1220mm<\/p>\n<p>Nota: Esta lixadora de cinta \u00e9 entregue sem suporte! Este suporte tamb\u00e9m est\u00e1 dispon\u00edvel e o c\u00f3digo do produto \u00e9 BSM100S.<\/p>\n<p>Dimens\u00f5es do produto:<br \/>\nComprimento do produto 630 mm<br \/>\nLargura do produto 355 mm<br \/>\nAltura do produto 410 mm<br \/>\nPeso do Produto 38,0 Kg<br \/>\nDimens\u00f5es da embalagem:<br \/>\nComprimento da embalagem 710 mm<br \/>\nLargura da embalagem 420 mm<br \/>\nAltura da embalagem 380 mm<br \/>\nPeso da Embalagem 40,00 Kg<br \/>\nTipo de pacote: 25 pe\u00e7as<\/p>","protected":false},"excerpt":{"rendered":"<p>Lixadora de cinta Esta lixadora de cinta Cowley \u00e9 usada principalmente para polir e lixar pe\u00e7as de metal, madeira ou pl\u00e1stico para remover irregularidades. A m\u00e1quina tamb\u00e9m pode ser usada para polir superf\u00edcies para faz\u00ea-las brilhar. Especifica\u00e7\u00f5es: &#8211; tens\u00e3o = 230V\/50Hz &#8211; pot\u00eancia do motor = 1,5kW &#8211; velocidade da correia = 19m\/s &#8211; medidas [&hellip;]<\/p>\n","protected":false},"featured_media":67986,"comment_status":"closed","ping_status":"closed","template":"","meta":[],"product_brand":[],"product_cat":[3421],"product_tag":[],"class_list":{"0":"post-12485","1":"product","2":"type-product","3":"status-publish","4":"has-post-thumbnail","6":"product_cat-lixadoras","7":"product_shipping_class-ferramentas-grandes","9":"first","10":"onbackorder","11":"taxable","12":"shipping-taxable","13":"purchasable","14":"product-type-simple"},"_links":{"self":[{"href":"https:\/\/occasionmachines.com\/pt\/wp-json\/wp\/v2\/product\/12485","targetHints":{"allow":["GET"]}}],"collection":[{"href":"https:\/\/occasionmachines.com\/pt\/wp-json\/wp\/v2\/product"}],"about":[{"href":"https:\/\/occasionmachines.com\/pt\/wp-json\/wp\/v2\/types\/product"}],"replies":[{"embeddable":true,"href":"https:\/\/occasionmachines.com\/pt\/wp-json\/wp\/v2\/comments?post=12485"}],"wp:featuredmedia":[{"embeddable":true,"href":"https:\/\/occasionmachines.com\/pt\/wp-json\/wp\/v2\/media\/67986"}],"wp:attachment":[{"href":"https:\/\/occasionmachines.com\/pt\/wp-json\/wp\/v2\/media?parent=12485"}],"wp:term":[{"taxonomy":"product_brand","embeddable":true,"href":"https:\/\/occasionmachines.com\/pt\/wp-json\/wp\/v2\/product_brand?post=12485"},{"taxonomy":"product_cat","embeddable":true,"href":"https:\/\/occasionmachines.com\/pt\/wp-json\/wp\/v2\/product_cat?post=12485"},{"taxonomy":"product_tag","embeddable":true,"href":"https:\/\/occasionmachines.com\/pt\/wp-json\/wp\/v2\/product_tag?post=12485"}],"curies":[{"name":"wp","href":"https:\/\/api.w.org\/{rel}","templated":true}]}}