{"id":12526,"date":"2018-04-20T16:16:02","date_gmt":"2018-04-20T15:16:02","guid":{"rendered":"http:\/\/occasionmachines.com\/?post_type=product&#038;p=12526"},"modified":"2025-05-27T16:39:51","modified_gmt":"2025-05-27T15:39:51","slug":"quinadeira-manual-2mm-1270mm","status":"publish","type":"product","link":"https:\/\/occasionmachines.com\/pt\/produto\/quinadeira-manual-2mm-1270mm\/","title":{"rendered":"Quinadeira Manual 1270mm x 2,0mm"},"content":{"rendered":"<p>Quinadeira Manual 1270mm x 2,0mm<\/p>\n<p>Assentos de bancada\u00a0com pedal de controle\u00a0&#8211; comprimento m\u00e1ximo de trabalho = 1270mm<br \/>\n&#8211; espessura = 2mm<br \/>\n&#8211; m\u00e1ximo \u00c2ngulo de ajuste = 135 graus<br \/>\n&#8211; m\u00e1x .. Eleva\u00e7\u00e3o da barra de fixa\u00e7\u00e3o = 47mm<br \/>\n&#8211; bom backgauge<br \/>\n&#8211; bra\u00e7adeira a pedal<\/p>\n<table class=\"table spec-table table-bordered\">\n<thead>\n<tr>\n<td colspan=\"2\"><strong>Dimens\u00f5es do produto<\/strong><\/td>\n<\/tr>\n<\/thead>\n<tbody>\n<tr>\n<td>Comprimento do produto (mm)<\/td>\n<td>1605<\/td>\n<\/tr>\n<tr>\n<td>Largura do produto (mm)<\/td>\n<td>895<\/td>\n<\/tr>\n<tr>\n<td>Altura do produto (mm)<\/td>\n<td>1140<\/td>\n<\/tr>\n<tr>\n<td>Peso do produto (kg)<\/td>\n<td>320<\/td>\n<\/tr>\n<\/tbody>\n<thead>\n<tr>\n<td colspan=\"2\"><strong>Dimens\u00f5es de embalagem<\/strong><\/td>\n<\/tr>\n<\/thead>\n<tbody>\n<tr>\n<td>Comprimento da embalagem (mm)<\/td>\n<td>1710<\/td>\n<\/tr>\n<tr>\n<td>Largura da embalagem (mm)<\/td>\n<td>710<\/td>\n<\/tr>\n<tr>\n<td>Altura de embalagem (mm)<\/td>\n<td>1310<\/td>\n<\/tr>\n<tr>\n<td>Peso de embalagem (kg)<\/td>\n<td>360<\/td>\n<\/tr>\n<\/tbody>\n<\/table>\n<p><\/p>","protected":false},"excerpt":{"rendered":"<p>Quinadeira Manual 1270mm x 2,0mm Assentos de bancada\u00a0com pedal de controle\u00a0&#8211; comprimento m\u00e1ximo de trabalho = 1270mm &#8211; espessura = 2mm &#8211; m\u00e1ximo \u00c2ngulo de ajuste = 135 graus &#8211; m\u00e1x .. Eleva\u00e7\u00e3o da barra de fixa\u00e7\u00e3o = 47mm &#8211; bom backgauge &#8211; bra\u00e7adeira a pedal Dimens\u00f5es do produto Comprimento do produto (mm) 1605 Largura [&hellip;]<\/p>\n","protected":false},"featured_media":12528,"comment_status":"closed","ping_status":"closed","template":"","meta":[],"product_brand":[],"product_cat":[1945],"product_tag":[],"class_list":{"0":"post-12526","1":"product","2":"type-product","3":"status-publish","4":"has-post-thumbnail","6":"product_cat-quinadeiras","7":"product_shipping_class-maquinas-medias","9":"first","10":"onbackorder","11":"taxable","12":"shipping-taxable","13":"purchasable","14":"product-type-simple"},"_links":{"self":[{"href":"https:\/\/occasionmachines.com\/pt\/wp-json\/wp\/v2\/product\/12526","targetHints":{"allow":["GET"]}}],"collection":[{"href":"https:\/\/occasionmachines.com\/pt\/wp-json\/wp\/v2\/product"}],"about":[{"href":"https:\/\/occasionmachines.com\/pt\/wp-json\/wp\/v2\/types\/product"}],"replies":[{"embeddable":true,"href":"https:\/\/occasionmachines.com\/pt\/wp-json\/wp\/v2\/comments?post=12526"}],"wp:featuredmedia":[{"embeddable":true,"href":"https:\/\/occasionmachines.com\/pt\/wp-json\/wp\/v2\/media\/12528"}],"wp:attachment":[{"href":"https:\/\/occasionmachines.com\/pt\/wp-json\/wp\/v2\/media?parent=12526"}],"wp:term":[{"taxonomy":"product_brand","embeddable":true,"href":"https:\/\/occasionmachines.com\/pt\/wp-json\/wp\/v2\/product_brand?post=12526"},{"taxonomy":"product_cat","embeddable":true,"href":"https:\/\/occasionmachines.com\/pt\/wp-json\/wp\/v2\/product_cat?post=12526"},{"taxonomy":"product_tag","embeddable":true,"href":"https:\/\/occasionmachines.com\/pt\/wp-json\/wp\/v2\/product_tag?post=12526"}],"curies":[{"name":"wp","href":"https:\/\/api.w.org\/{rel}","templated":true}]}}