{"id":12534,"date":"2018-04-20T16:38:14","date_gmt":"2018-04-20T15:38:14","guid":{"rendered":"http:\/\/occasionmachines.com\/?post_type=product&#038;p=12534"},"modified":"2025-05-27T16:39:40","modified_gmt":"2025-05-27T15:39:40","slug":"maquina-de-dobrar-tubos-30e","status":"publish","type":"product","link":"https:\/\/occasionmachines.com\/pt\/produto\/maquina-de-dobrar-tubos-30e\/","title":{"rendered":"M\u00e1quina de dobrar tubos el\u00e9trica BM30E"},"content":{"rendered":"<p>M\u00e1quina de dobrar tubos<\/p>\n<p>&#8211; m\u00e1x. capacidade:<br \/>\ntubo de a\u00e7o = 30 x 1mm<br \/>\ntubo quadrado de a\u00e7o = 30 x 30 x 1mm<br \/>\na\u00e7o redondo = 16mm<br \/>\na\u00e7o plano = 30 x 10mm<\/p>\n<p>&#8211; di\u00e2metro do eixo do rolo = 30mm<br \/>\n&#8211; pot\u00eancia do motor = 0,75kW\/1HP<br \/>\n&#8211; pot\u00eancia = 400V \/ 16A<br \/>\n&#8211; velocidade de rota\u00e7\u00e3o = 9rpm<br \/>\n&#8211; padr\u00e3o entregue com rolos conforme imagem<br \/>\n&#8211; opera\u00e7\u00e3o horizontal e vertical<\/p>\n<p>Dimens\u00f5es do produto:<br \/>\nComprimento do produto 1.100 mm<br \/>\nLargura do produto 700 mm<br \/>\nAltura do produto 1.150 mm<br \/>\nPeso do Produto 244,0 Kg<br \/>\nDimens\u00f5es da embalagem:<br \/>\nComprimento do pacote 1.200 mm<br \/>\nLargura da embalagem 750 mm<br \/>\nAltura da embalagem 1.210 mm<br \/>\nPeso da Embalagem 282,00 Kg<\/p>","protected":false},"excerpt":{"rendered":"<p>M\u00e1quina de dobrar tubos &#8211; m\u00e1x. capacidade: tubo de a\u00e7o = 30 x 1mm tubo quadrado de a\u00e7o = 30 x 30 x 1mm a\u00e7o redondo = 16mm a\u00e7o plano = 30 x 10mm &#8211; di\u00e2metro do eixo do rolo = 30mm &#8211; pot\u00eancia do motor = 0,75kW\/1HP &#8211; pot\u00eancia = 400V \/ 16A &#8211; [&hellip;]<\/p>\n","protected":false},"featured_media":12536,"comment_status":"closed","ping_status":"closed","template":"","meta":[],"product_brand":[],"product_cat":[4332],"product_tag":[],"class_list":{"0":"post-12534","1":"product","2":"type-product","3":"status-publish","4":"has-post-thumbnail","6":"product_cat-maquinas-de-dobrar-tubos","7":"product_shipping_class-maquinas-medias","9":"first","10":"onbackorder","11":"taxable","12":"shipping-taxable","13":"purchasable","14":"product-type-simple"},"_links":{"self":[{"href":"https:\/\/occasionmachines.com\/pt\/wp-json\/wp\/v2\/product\/12534","targetHints":{"allow":["GET"]}}],"collection":[{"href":"https:\/\/occasionmachines.com\/pt\/wp-json\/wp\/v2\/product"}],"about":[{"href":"https:\/\/occasionmachines.com\/pt\/wp-json\/wp\/v2\/types\/product"}],"replies":[{"embeddable":true,"href":"https:\/\/occasionmachines.com\/pt\/wp-json\/wp\/v2\/comments?post=12534"}],"wp:featuredmedia":[{"embeddable":true,"href":"https:\/\/occasionmachines.com\/pt\/wp-json\/wp\/v2\/media\/12536"}],"wp:attachment":[{"href":"https:\/\/occasionmachines.com\/pt\/wp-json\/wp\/v2\/media?parent=12534"}],"wp:term":[{"taxonomy":"product_brand","embeddable":true,"href":"https:\/\/occasionmachines.com\/pt\/wp-json\/wp\/v2\/product_brand?post=12534"},{"taxonomy":"product_cat","embeddable":true,"href":"https:\/\/occasionmachines.com\/pt\/wp-json\/wp\/v2\/product_cat?post=12534"},{"taxonomy":"product_tag","embeddable":true,"href":"https:\/\/occasionmachines.com\/pt\/wp-json\/wp\/v2\/product_tag?post=12534"}],"curies":[{"name":"wp","href":"https:\/\/api.w.org\/{rel}","templated":true}]}}