{"id":12539,"date":"2018-04-20T16:43:58","date_gmt":"2018-04-20T15:43:58","guid":{"rendered":"http:\/\/occasionmachines.com\/?post_type=product&#038;p=12539"},"modified":"2025-05-27T16:39:30","modified_gmt":"2025-05-27T15:39:30","slug":"maquina-de-dobrar-tubos-30","status":"publish","type":"product","link":"https:\/\/occasionmachines.com\/pt\/produto\/maquina-de-dobrar-tubos-30\/","title":{"rendered":"M\u00e1quina de dobrar tubos el\u00e9trica BM30"},"content":{"rendered":"<p>M\u00e1quina de dobrar tubos<\/p>\n<p>&#8211; di\u00e2metro do rolo = 30mm<br \/>\n&#8211; pot\u00eancia = 1,1kW \/ 1,5HP<br \/>\n&#8211; velocidade do fuso = 9rpm<br \/>\n&#8211; m\u00e1x. tubo = 30 x 30 x 1 mm<br \/>\n&#8211; redondo s\u00f3lido = 16 mm<br \/>\n&#8211; quadrado s\u00f3lido = 30 x 10 mm<br \/>\n&#8211; quadrado = 30 x 30 x 1 mm<br \/>\n&#8211; padr\u00e3o entregue com 9 rolos extras<br \/>\n&#8211; opera\u00e7\u00e3o vertical<\/p>\n<p>Dimens\u00f5es do produto:<br \/>\nComprimento do produto 650 mm<br \/>\nLargura do produto 505 mm<br \/>\nAltura do produto 1.090 mm<br \/>\nPeso do Produto 270,0 Kg<br \/>\nDimens\u00f5es da embalagem:<br \/>\nComprimento da embalagem 820 mm<br \/>\nLargura da embalagem 620 mm<br \/>\nAltura da embalagem 1.260 mm<br \/>\nPeso da Embalagem 320,00 Kg<\/p>","protected":false},"excerpt":{"rendered":"<p>M\u00e1quina de dobrar tubos &#8211; di\u00e2metro do rolo = 30mm &#8211; pot\u00eancia = 1,1kW \/ 1,5HP &#8211; velocidade do fuso = 9rpm &#8211; m\u00e1x. tubo = 30 x 30 x 1 mm &#8211; redondo s\u00f3lido = 16 mm &#8211; quadrado s\u00f3lido = 30 x 10 mm &#8211; quadrado = 30 x 30 x 1 mm [&hellip;]<\/p>\n","protected":false},"featured_media":12541,"comment_status":"closed","ping_status":"closed","template":"","meta":[],"product_brand":[],"product_cat":[4332],"product_tag":[],"class_list":{"0":"post-12539","1":"product","2":"type-product","3":"status-publish","4":"has-post-thumbnail","6":"product_cat-maquinas-de-dobrar-tubos","7":"product_shipping_class-maquinas-medias","9":"first","10":"onbackorder","11":"taxable","12":"shipping-taxable","13":"purchasable","14":"product-type-simple"},"_links":{"self":[{"href":"https:\/\/occasionmachines.com\/pt\/wp-json\/wp\/v2\/product\/12539","targetHints":{"allow":["GET"]}}],"collection":[{"href":"https:\/\/occasionmachines.com\/pt\/wp-json\/wp\/v2\/product"}],"about":[{"href":"https:\/\/occasionmachines.com\/pt\/wp-json\/wp\/v2\/types\/product"}],"replies":[{"embeddable":true,"href":"https:\/\/occasionmachines.com\/pt\/wp-json\/wp\/v2\/comments?post=12539"}],"wp:featuredmedia":[{"embeddable":true,"href":"https:\/\/occasionmachines.com\/pt\/wp-json\/wp\/v2\/media\/12541"}],"wp:attachment":[{"href":"https:\/\/occasionmachines.com\/pt\/wp-json\/wp\/v2\/media?parent=12539"}],"wp:term":[{"taxonomy":"product_brand","embeddable":true,"href":"https:\/\/occasionmachines.com\/pt\/wp-json\/wp\/v2\/product_brand?post=12539"},{"taxonomy":"product_cat","embeddable":true,"href":"https:\/\/occasionmachines.com\/pt\/wp-json\/wp\/v2\/product_cat?post=12539"},{"taxonomy":"product_tag","embeddable":true,"href":"https:\/\/occasionmachines.com\/pt\/wp-json\/wp\/v2\/product_tag?post=12539"}],"curies":[{"name":"wp","href":"https:\/\/api.w.org\/{rel}","templated":true}]}}