{"id":12560,"date":"2018-04-20T17:17:21","date_gmt":"2018-04-20T16:17:21","guid":{"rendered":"http:\/\/occasionmachines.com\/?post_type=product&#038;p=12560"},"modified":"2025-05-27T11:23:32","modified_gmt":"2025-05-27T10:23:32","slug":"maquina-3-em-1-manual-1067mm","status":"publish","type":"product","link":"https:\/\/occasionmachines.com\/pt\/produto\/maquina-3-em-1-manual-1067mm\/","title":{"rendered":"M\u00e1quina 3 em 1 Manual 1067mm"},"content":{"rendered":"<p>M\u00e1quina 3 em 1 Manual 1067mm<\/p>\n<p>&#8211; largura de trabalho = 1,067 mil\u00edmetros max.<br \/>\n&#8211; m\u00e1x corte gama = 1,5 mm.<br \/>\n-. Max gama Converte = 1,5 mil\u00edmetros<br \/>\n-. Max \u00e2ngulo Converte = 90 graus<br \/>\n&#8211; gama rolo max = 1.5 mm.<br \/>\n&#8211; rolos 60 mm de di\u00e2metro<\/p>\n<table class=\"table spec-table table-bordered\">\n<thead>\n<tr>\n<td colspan=\"2\"><strong>Dimens\u00f5es do produto<\/strong><\/td>\n<\/tr>\n<\/thead>\n<tbody>\n<tr>\n<td>Comprimento do produto (mm)<\/td>\n<td>1600<\/td>\n<\/tr>\n<tr>\n<td>Largura do produto (mm)<\/td>\n<td>720<\/td>\n<\/tr>\n<tr>\n<td>Altura do produto (mm)<\/td>\n<td>850<\/td>\n<\/tr>\n<tr>\n<td>Peso do produto (kg)<\/td>\n<td>390<\/td>\n<\/tr>\n<\/tbody>\n<thead>\n<tr>\n<td colspan=\"2\"><strong>Dimens\u00f5es de embalagem<\/strong><\/td>\n<\/tr>\n<\/thead>\n<tbody>\n<tr>\n<td>Comprimento da embalagem (mm)<\/td>\n<td>1500<\/td>\n<\/tr>\n<tr>\n<td>Largura da embalagem (mm)<\/td>\n<td>590<\/td>\n<\/tr>\n<tr>\n<td>Altura de embalagem (mm)<\/td>\n<td>930<\/td>\n<\/tr>\n<tr>\n<td>Peso de embalagem (kg)<\/td>\n<td>440<\/td>\n<\/tr>\n<\/tbody>\n<\/table>\n<p><\/p>","protected":false},"excerpt":{"rendered":"<p>M\u00e1quina 3 em 1 Manual 1067mm &#8211; largura de trabalho = 1,067 mil\u00edmetros max. &#8211; m\u00e1x corte gama = 1,5 mm. -. Max gama Converte = 1,5 mil\u00edmetros -. Max \u00e2ngulo Converte = 90 graus &#8211; gama rolo max = 1.5 mm. &#8211; rolos 60 mm de di\u00e2metro Dimens\u00f5es do produto Comprimento do produto (mm) [&hellip;]<\/p>\n","protected":false},"featured_media":12562,"comment_status":"closed","ping_status":"closed","template":"","meta":[],"product_brand":[],"product_cat":[2870],"product_tag":[],"class_list":{"0":"post-12560","1":"product","2":"type-product","3":"status-publish","4":"has-post-thumbnail","6":"product_cat-3-em-1-quinadeira-guilhotina-e-calandra","7":"product_shipping_class-maquinas-medias","9":"first","10":"onbackorder","11":"taxable","12":"shipping-taxable","13":"purchasable","14":"product-type-simple"},"_links":{"self":[{"href":"https:\/\/occasionmachines.com\/pt\/wp-json\/wp\/v2\/product\/12560","targetHints":{"allow":["GET"]}}],"collection":[{"href":"https:\/\/occasionmachines.com\/pt\/wp-json\/wp\/v2\/product"}],"about":[{"href":"https:\/\/occasionmachines.com\/pt\/wp-json\/wp\/v2\/types\/product"}],"replies":[{"embeddable":true,"href":"https:\/\/occasionmachines.com\/pt\/wp-json\/wp\/v2\/comments?post=12560"}],"wp:featuredmedia":[{"embeddable":true,"href":"https:\/\/occasionmachines.com\/pt\/wp-json\/wp\/v2\/media\/12562"}],"wp:attachment":[{"href":"https:\/\/occasionmachines.com\/pt\/wp-json\/wp\/v2\/media?parent=12560"}],"wp:term":[{"taxonomy":"product_brand","embeddable":true,"href":"https:\/\/occasionmachines.com\/pt\/wp-json\/wp\/v2\/product_brand?post=12560"},{"taxonomy":"product_cat","embeddable":true,"href":"https:\/\/occasionmachines.com\/pt\/wp-json\/wp\/v2\/product_cat?post=12560"},{"taxonomy":"product_tag","embeddable":true,"href":"https:\/\/occasionmachines.com\/pt\/wp-json\/wp\/v2\/product_tag?post=12560"}],"curies":[{"name":"wp","href":"https:\/\/api.w.org\/{rel}","templated":true}]}}