{"id":13901,"date":"2018-05-08T16:02:41","date_gmt":"2018-05-08T15:02:41","guid":{"rendered":"http:\/\/occasionmachines.com\/?post_type=product&#038;p=13901"},"modified":"2025-05-27T11:17:28","modified_gmt":"2025-05-27T10:17:28","slug":"torreta-rapida-multifix-e","status":"publish","type":"product","link":"https:\/\/occasionmachines.com\/pt\/produto\/torreta-rapida-multifix-e\/","title":{"rendered":"Torreta R\u00e1pida Multifix &#8220;E&#8221;"},"content":{"rendered":"<p>Torreta R\u00e1pida Multifix &#8220;E&#8221;<\/p>\n<p>O conjunto \u00e9 composto por um corpo b\u00e1sico, quatro suportes de a\u00e7o (altura m\u00e1xima de a\u00e7o de 20 mm) e duas chaves!<\/p>\n<p>Precis\u00e3o: 0,01 mm<\/p>\n<p>Especifica\u00e7\u00f5es de dureza do fabricante:<br \/>\nCorpo 50 HRC \/ suporte de a\u00e7o: 40 HRC<\/p>\n<p>As dimens\u00f5es exactas\u00a0podem ser encontradas na ultima foto\/tabela.<\/p>","protected":false},"excerpt":{"rendered":"<p>Torreta R\u00e1pida Multifix &#8220;E&#8221; O conjunto \u00e9 composto por um corpo b\u00e1sico, quatro suportes de a\u00e7o (altura m\u00e1xima de a\u00e7o de 20 mm) e duas chaves! Precis\u00e3o: 0,01 mm Especifica\u00e7\u00f5es de dureza do fabricante: Corpo 50 HRC \/ suporte de a\u00e7o: 40 HRC As dimens\u00f5es exactas\u00a0podem ser encontradas na ultima foto\/tabela.<\/p>\n","protected":false},"featured_media":13903,"comment_status":"open","ping_status":"closed","template":"","meta":[],"product_brand":[],"product_cat":[1432,5352],"product_tag":[],"class_list":{"0":"post-13901","1":"product","2":"type-product","3":"status-publish","4":"has-post-thumbnail","6":"product_cat-ferramentas","7":"product_cat-torretas-para-torno","8":"product_shipping_class-ferramentas-medias","10":"first","11":"onbackorder","12":"featured","13":"sold-individually","14":"taxable","15":"shipping-taxable","16":"purchasable","17":"product-type-simple"},"_links":{"self":[{"href":"https:\/\/occasionmachines.com\/pt\/wp-json\/wp\/v2\/product\/13901","targetHints":{"allow":["GET"]}}],"collection":[{"href":"https:\/\/occasionmachines.com\/pt\/wp-json\/wp\/v2\/product"}],"about":[{"href":"https:\/\/occasionmachines.com\/pt\/wp-json\/wp\/v2\/types\/product"}],"replies":[{"embeddable":true,"href":"https:\/\/occasionmachines.com\/pt\/wp-json\/wp\/v2\/comments?post=13901"}],"wp:featuredmedia":[{"embeddable":true,"href":"https:\/\/occasionmachines.com\/pt\/wp-json\/wp\/v2\/media\/13903"}],"wp:attachment":[{"href":"https:\/\/occasionmachines.com\/pt\/wp-json\/wp\/v2\/media?parent=13901"}],"wp:term":[{"taxonomy":"product_brand","embeddable":true,"href":"https:\/\/occasionmachines.com\/pt\/wp-json\/wp\/v2\/product_brand?post=13901"},{"taxonomy":"product_cat","embeddable":true,"href":"https:\/\/occasionmachines.com\/pt\/wp-json\/wp\/v2\/product_cat?post=13901"},{"taxonomy":"product_tag","embeddable":true,"href":"https:\/\/occasionmachines.com\/pt\/wp-json\/wp\/v2\/product_tag?post=13901"}],"curies":[{"name":"wp","href":"https:\/\/api.w.org\/{rel}","templated":true}]}}