{"id":14298,"date":"2018-06-07T11:15:29","date_gmt":"2018-06-07T10:15:29","guid":{"rendered":"http:\/\/occasionmachines.com\/?post_type=product&#038;p=14298"},"modified":"2025-05-27T11:17:13","modified_gmt":"2025-05-27T10:17:13","slug":"torno-mecanico-1000fbdigital","status":"publish","type":"product","link":"https:\/\/occasionmachines.com\/pt\/produto\/torno-mecanico-1000fbdigital\/","title":{"rendered":"Torno Mec\u00e2nico Holzmann ED1000FBDIG_400V"},"content":{"rendered":"<p><\/p>\n<h4><span class=\"notranslate\">Detalhes t\u00e9cnicos<\/span><\/h4>\n<div class=\"row groupRow\">\n<div class=\"zusatzInfo\">\n<div class=\"col-sm-6 col-xs-6\">\n<div class=\"border-bottom-dotted\"><strong><span class=\"notranslate\"> Dados do motor<\/span><\/strong><\/div>\n<\/div>\n<div class=\"clearfix\"><\/div>\n<\/div>\n<\/div>\n<div class=\"row\">\n<div class=\"zusatzInfo\">\n<div class=\"col-sm-6 col-xs-6\">\n<div class=\"border-bottom-dotted\"><span class=\"notranslate\"> Pot\u00eancia do motor s1 em W:1,5 kW<\/span><\/div>\n<\/div>\n<\/div>\n<\/div>\n<div class=\"row\">\n<div class=\"zusatzInfo\">\n<div class=\"col-sm-6 col-xs-6\">\n<div class=\"border-bottom-dotted\"><span class=\"notranslate\"> Voltagem: 400V \/ 3 \/ 50Hz<\/span><\/div>\n<\/div>\n<div class=\"clearfix\"><\/div>\n<\/div>\n<\/div>\n<div class=\"row groupRow\">\n<div class=\"zusatzInfo\">\n<div class=\"col-sm-6 col-xs-6\">\n<div class=\"border-bottom-dotted\"><span class=\"notranslate\"> dist\u00e2ncia entre centros em mm: 1000<\/span><\/div>\n<\/div>\n<\/div>\n<\/div>\n<div class=\"row\">\n<div class=\"zusatzInfo\">\n<div class=\"col-sm-6 col-xs-6\">\n<div class=\"border-bottom-dotted\"><span class=\"notranslate\"> altura do centro em mm: 165<\/span><\/div>\n<\/div>\n<\/div>\n<\/div>\n<div class=\"row\">\n<div class=\"zusatzInfo\">\n<div class=\"col-sm-6 col-xs-6\">\n<div class=\"border-bottom-dotted\"><span class=\"notranslate\"> max.<\/span><span class=\"notranslate\"> sobre a cama em mm: 330<\/span><\/div>\n<\/div>\n<\/div>\n<\/div>\n<div class=\"row\">\n<div class=\"zusatzInfo\">\n<div class=\"col-sm-6 col-xs-6\">\n<div class=\"border-bottom-dotted\"><span class=\"notranslate\"> max.<\/span> <span class=\"notranslate\">sobre a corredi\u00e7a transversal em mm: 198<\/span><\/div>\n<\/div>\n<\/div>\n<\/div>\n<div class=\"row\">\n<div class=\"zusatzInfo\">\n<div class=\"col-sm-6 col-xs-6\">\n<div class=\"border-bottom-dotted\"><span class=\"notranslate\"> max.<\/span><span class=\"notranslate\"> no intervalo em mm: 450<\/span><\/div>\n<\/div>\n<\/div>\n<\/div>\n<div class=\"row\">\n<div class=\"zusatzInfo\">\n<div class=\"col-sm-6 col-xs-6\">\n<div class=\"border-bottom-dotted\"><span class=\"notranslate\"> velocidade do fuso do torno em min-1: 70-2000<\/span><\/div>\n<\/div>\n<\/div>\n<\/div>\n<div class=\"row\">\n<div class=\"zusatzInfo\">\n<div class=\"col-sm-6 col-xs-6\">\n<div class=\"border-bottom-dotted\"><span class=\"notranslate\"> furo do eixo em mm: 40<\/span><\/div>\n<\/div>\n<\/div>\n<\/div>\n<div class=\"row\">\n<div class=\"zusatzInfo\">\n<div class=\"col-sm-6 col-xs-6\">\n<div class=\"border-bottom-dotted\"><span class=\"notranslate\"> montagem do nariz do fuso: MK \/ MT5<\/span><\/div>\n<\/div>\n<\/div>\n<\/div>\n<div class=\"row\">\n<div class=\"zusatzInfo\">\n<div class=\"col-sm-6 col-xs-6\">\n<div class=\"border-bottom-dotted\"><span class=\"notranslate\"> cone do cabe\u00e7ote m\u00f3vel: MK \/ MT3<\/span><\/div>\n<\/div>\n<\/div>\n<\/div>\n<div class=\"row\">\n<div class=\"zusatzInfo\">\n<div class=\"col-sm-6 col-xs-6\">\n<div class=\"border-bottom-dotted\"><span class=\"notranslate\"> alimenta\u00e7\u00e3o longitudinal: 0,053-1,29 mm<\/span><\/div>\n<\/div>\n<\/div>\n<\/div>\n<div class=\"row\">\n<div class=\"zusatzInfo\">\n<div class=\"col-sm-6 col-xs-6\">\n<div class=\"border-bottom-dotted\"><span class=\"notranslate\"> alimenta\u00e7\u00e3o cruzada: 0,013-0,31 mm<\/span><\/div>\n<\/div>\n<\/div>\n<\/div>\n<div class=\"row\">\n<div class=\"zusatzInfo\">\n<div class=\"col-sm-6 col-xs-6\">\n<div class=\"border-bottom-dotted\"><span class=\"notranslate\"> deslize a corredi\u00e7a em mm: 130<\/span><\/div>\n<\/div>\n<\/div>\n<\/div>\n<div class=\"row\">\n<div class=\"zusatzInfo\">\n<div class=\"col-sm-6 col-xs-6\">\n<div class=\"border-bottom-dotted\"><span class=\"notranslate\"> deslocamento composto em mm: 75<\/span><\/div>\n<\/div>\n<\/div>\n<\/div>\n<div class=\"row\">\n<div class=\"zusatzInfo\">\n<div class=\"col-sm-6 col-xs-6\">\n<div class=\"border-bottom-dotted\"><span class=\"notranslate\"> manga de cabe\u00e7ote: 100<\/span><\/div>\n<\/div>\n<\/div>\n<\/div>\n<div class=\"row\">\n<div class=\"zusatzInfo\">\n<div class=\"col-sm-6 col-xs-6\">\n<div class=\"border-bottom-dotted\"><span class=\"notranslate\"> gama de roscas m\u00e9tricas em mm \/ r: 0,4-7<\/span><\/div>\n<\/div>\n<\/div>\n<\/div>\n<div class=\"row\">\n<div class=\"zusatzInfo\">\n<div class=\"col-sm-6 col-xs-6\">\n<div class=\"border-bottom-dotted\"><span class=\"notranslate\"> faixa de rosca em polegadas: 4-60 TPI<\/span><\/div>\n<\/div>\n<\/div>\n<\/div>\n<div class=\"row\">\n<div class=\"zusatzInfo\">\n<div class=\"col-sm-6 col-xs-6\">\n<div class=\"border-bottom-dotted\"><span class=\"notranslate\"> max.<\/span> <span class=\"notranslate\"> sec\u00e7\u00e3o transversal do porta-ferramentas: 14&#215;14 mm<\/span><\/div>\n<\/div>\n<div class=\"clearfix\"><\/div>\n<\/div>\n<\/div>\n<div class=\"row groupRow\">\n<div class=\"zusatzInfo\">\n<div class=\"col-sm-6 col-xs-6\">\n<div class=\"border-bottom-dotted\"><strong><span class=\"notranslate\"> Peso<\/span><\/strong><\/div>\n<\/div>\n<\/div>\n<\/div>\n<div class=\"row\">\n<div class=\"zusatzInfo\">\n<div class=\"col-sm-6 col-xs-6\">\n<div class=\"border-bottom-dotted\"><span class=\"notranslate\"> peso bruto em kg: 635<\/span><\/div>\n<\/div>\n<\/div>\n<\/div>\n<div class=\"row\">\n<div class=\"zusatzInfo\">\n<div class=\"col-sm-6 col-xs-6\">\n<div class=\"border-bottom-dotted\"><span class=\"notranslate\"> peso l\u00edquido em kg: 600<\/span><\/div>\n<\/div>\n<div class=\"clearfix\"><\/div>\n<\/div>\n<\/div>\n<div class=\"row groupRow\">\n<div class=\"zusatzInfo\">\n<div class=\"col-sm-6 col-xs-6\">\n<div class=\"border-bottom-dotted\"><strong><span class=\"notranslate\"> Embalagem<\/span><\/strong><\/div>\n<\/div>\n<\/div>\n<\/div>\n<div class=\"row\">\n<div class=\"zusatzInfo\">\n<div class=\"col-sm-6 col-xs-6\">\n<ul>\n<li><span class=\"notranslate\"> largura da embalagem em mm: 740<\/span><\/li>\n<\/ul>\n<\/div>\n<\/div>\n<\/div>\n<div class=\"row\">\n<div class=\"zusatzInfo\">\n<div class=\"col-sm-6 col-xs-6\">\n<div class=\"border-bottom-dotted\"><span class=\"notranslate\"> altura da embalagem em mm: 1,565<\/span><\/div>\n<\/div>\n<\/div>\n<\/div>\n<div class=\"row\">\n<div class=\"zusatzInfo\">\n<div class=\"col-sm-6 col-xs-6\">\n<div class=\"border-bottom-dotted\"><span class=\"notranslate\"> Comprimento da embalagem em mm: 1,860<\/span><\/div>\n<\/div>\n<div class=\"clearfix\"><\/div>\n<\/div>\n<\/div>\n<p><\/p>","protected":false},"excerpt":{"rendered":"<p>\u00faltima gera\u00e7\u00e3o e torno de giro de haste de alimenta\u00e7\u00e3o<br \/>\nideal para fabrica\u00e7\u00e3o de ferramentas, v\u00e1rias produ\u00e7\u00f5es freio electromagn\u00e9tico do p\u00e9 assegura a seguran\u00e7a m\u00e1xima do trabalho.<br \/>\nGuias prism\u00e1tica prensadas e endurecidas por indu\u00e7\u00e3o<br \/>\nponte remov\u00edvel permite a fabrica\u00e7\u00e3o de pe\u00e7as de trabalho com di\u00e2metros at\u00e9 \u00d8 476 mm<br \/>\nengrenagens e fusos s\u00e3o endurecidos, mo\u00eddos e funcionando em banho de \u00f3leo<br \/>\nconfigura\u00e7\u00e3o de velocidade vari\u00e1vel devido ao conversor de frequ\u00eancia, a velocidade pode ser lida convenientemente a partir do mostrador de velocidade digital<br \/>\nincl. dispositivo de refrigera\u00e7\u00e3o, l\u00e2mpada e porta-ferramentas de troca r\u00e1pida<\/p>\n","protected":false},"featured_media":14302,"comment_status":"closed","ping_status":"closed","template":"","meta":[],"product_brand":[],"product_cat":[1836],"product_tag":[],"class_list":{"0":"post-14298","1":"product","2":"type-product","3":"status-publish","4":"has-post-thumbnail","6":"product_cat-torno-mecanico","7":"product_shipping_class-maquinas-pequenas","9":"first","10":"onbackorder","11":"taxable","12":"shipping-taxable","13":"purchasable","14":"product-type-simple"},"_links":{"self":[{"href":"https:\/\/occasionmachines.com\/pt\/wp-json\/wp\/v2\/product\/14298","targetHints":{"allow":["GET"]}}],"collection":[{"href":"https:\/\/occasionmachines.com\/pt\/wp-json\/wp\/v2\/product"}],"about":[{"href":"https:\/\/occasionmachines.com\/pt\/wp-json\/wp\/v2\/types\/product"}],"replies":[{"embeddable":true,"href":"https:\/\/occasionmachines.com\/pt\/wp-json\/wp\/v2\/comments?post=14298"}],"wp:featuredmedia":[{"embeddable":true,"href":"https:\/\/occasionmachines.com\/pt\/wp-json\/wp\/v2\/media\/14302"}],"wp:attachment":[{"href":"https:\/\/occasionmachines.com\/pt\/wp-json\/wp\/v2\/media?parent=14298"}],"wp:term":[{"taxonomy":"product_brand","embeddable":true,"href":"https:\/\/occasionmachines.com\/pt\/wp-json\/wp\/v2\/product_brand?post=14298"},{"taxonomy":"product_cat","embeddable":true,"href":"https:\/\/occasionmachines.com\/pt\/wp-json\/wp\/v2\/product_cat?post=14298"},{"taxonomy":"product_tag","embeddable":true,"href":"https:\/\/occasionmachines.com\/pt\/wp-json\/wp\/v2\/product_tag?post=14298"}],"curies":[{"name":"wp","href":"https:\/\/api.w.org\/{rel}","templated":true}]}}