{"id":14308,"date":"2018-06-07T11:42:04","date_gmt":"2018-06-07T10:42:04","guid":{"rendered":"http:\/\/occasionmachines.com\/?post_type=product&#038;p=14308"},"modified":"2025-05-27T11:16:48","modified_gmt":"2025-05-27T10:16:48","slug":"torno-mecanico-1080adigital","status":"publish","type":"product","link":"https:\/\/occasionmachines.com\/pt\/produto\/torno-mecanico-1080adigital\/","title":{"rendered":"Torno Mec\u00e2nico Holzmann 1080ADigital"},"content":{"rendered":"<p>Ideal para fabrica\u00e7\u00e3o de ferramentas, v\u00e1rias produ\u00e7\u00f5es<br \/>\nfuro do fuso excepcionalmente largo \u00d8 52mm para o processamento de grandes di\u00e2metros de eixo<br \/>\nfreio de p\u00e9 garante seguran\u00e7a m\u00e1xima de trabalho e reduz o tempo improdutivo<br \/>\nguias de caminho prism\u00e1ticos de solo endurecidos por indu\u00e7\u00e3o e de precis\u00e3o<br \/>\nferro fundido estabilizado, assegurando max. precis\u00e3o por toda a vida<br \/>\nponte remov\u00edvel permite pe\u00e7as com di\u00e2metros de at\u00e9 520 mm<br \/>\nMecanismos de corte de precis\u00e3o de ferro fundido inibidoras de vibra\u00e7\u00f5es garantem alta precis\u00e3o de rota\u00e7\u00e3o<\/p>\n<p><strong>Dados t\u00e9cnicos<\/strong><br \/>\nDados do motor:<br \/>\npot\u00eancia do motor s1 em W 2,2 kW<br \/>\ntens\u00e3o 400V \/ 3 \/ 50Hz<br \/>\ncone do cabe\u00e7ote m\u00f3vel MK \/ MT 4<br \/>\ndist\u00e2ncia entre centros em mm 1080<br \/>\naltura central em mm 200<br \/>\nmax. deslize sobre a corredi\u00e7a transversal em mm 250<br \/>\nm\u00e1x. di\u00e2metro torneavel em mm 520<br \/>\nvelocidade do fuso do torno em min-1: 65-1810<br \/>\nfuro do eixo em mm 52<br \/>\nmontagem do nariz do fuso MK \/ MT6<br \/>\nviagem de transporte em mm 1080<br \/>\ndeslize a corredi\u00e7a em mm 1250<br \/>\ndeslocamento composto em mm210<br \/>\nviagem de manga de cabe\u00e7ote115<br \/>\ngama de roscas m\u00e9tricas em mm \/ r 0,4-7<br \/>\nfaixa de rosca em polegadas 4-60 TPI<br \/>\nmax.sec\u00e7\u00e3o transversal do porta-ferramentas 20&#215;20 mm<br \/>\nalimenta\u00e7\u00e3o longitudinal 0,0527-1,2912 mm<br \/>\nalimenta\u00e7\u00e3o cruzada 0,011-0,276 mm<\/p>\n<p>Peso<br \/>\npeso bruto em kg 750<br \/>\npeso l\u00edquido em kg 630<\/p>\n<p>Embalagem<br \/>\nlargura da embalagem em mm 760<br \/>\naltura da embalagem em mm 1,545<br \/>\nComprimento da embalagem em mm 1,940<\/p>","protected":false},"excerpt":{"rendered":"<p>Ideal para fabrica\u00e7\u00e3o de ferramentas, v\u00e1rias produ\u00e7\u00f5es furo do fuso excepcionalmente largo \u00d8 52mm para o processamento de grandes di\u00e2metros de eixo freio de p\u00e9 garante seguran\u00e7a m\u00e1xima de trabalho e reduz o tempo improdutivo guias de caminho prism\u00e1ticos de solo endurecidos por indu\u00e7\u00e3o e de precis\u00e3o ferro fundido estabilizado, assegurando max. precis\u00e3o por toda [&hellip;]<\/p>\n","protected":false},"featured_media":14309,"comment_status":"closed","ping_status":"closed","template":"","meta":[],"product_brand":[],"product_cat":[1836],"product_tag":[],"class_list":{"0":"post-14308","1":"product","2":"type-product","3":"status-publish","4":"has-post-thumbnail","6":"product_cat-torno-mecanico","7":"product_shipping_class-maquinas-medias","9":"first","10":"onbackorder","11":"taxable","12":"shipping-taxable","13":"purchasable","14":"product-type-simple"},"_links":{"self":[{"href":"https:\/\/occasionmachines.com\/pt\/wp-json\/wp\/v2\/product\/14308","targetHints":{"allow":["GET"]}}],"collection":[{"href":"https:\/\/occasionmachines.com\/pt\/wp-json\/wp\/v2\/product"}],"about":[{"href":"https:\/\/occasionmachines.com\/pt\/wp-json\/wp\/v2\/types\/product"}],"replies":[{"embeddable":true,"href":"https:\/\/occasionmachines.com\/pt\/wp-json\/wp\/v2\/comments?post=14308"}],"wp:featuredmedia":[{"embeddable":true,"href":"https:\/\/occasionmachines.com\/pt\/wp-json\/wp\/v2\/media\/14309"}],"wp:attachment":[{"href":"https:\/\/occasionmachines.com\/pt\/wp-json\/wp\/v2\/media?parent=14308"}],"wp:term":[{"taxonomy":"product_brand","embeddable":true,"href":"https:\/\/occasionmachines.com\/pt\/wp-json\/wp\/v2\/product_brand?post=14308"},{"taxonomy":"product_cat","embeddable":true,"href":"https:\/\/occasionmachines.com\/pt\/wp-json\/wp\/v2\/product_cat?post=14308"},{"taxonomy":"product_tag","embeddable":true,"href":"https:\/\/occasionmachines.com\/pt\/wp-json\/wp\/v2\/product_tag?post=14308"}],"curies":[{"name":"wp","href":"https:\/\/api.w.org\/{rel}","templated":true}]}}