{"id":14385,"date":"2018-06-08T13:11:30","date_gmt":"2018-06-08T12:11:30","guid":{"rendered":"http:\/\/occasionmachines.com\/?post_type=product&#038;p=14385"},"modified":"2025-05-27T11:14:59","modified_gmt":"2025-05-27T10:14:59","slug":"guilhotina-s22","status":"publish","type":"product","link":"https:\/\/occasionmachines.com\/pt\/produto\/guilhotina-s22\/","title":{"rendered":"Guilhotina S22"},"content":{"rendered":"<p>Detalhes t\u00e9cnicos<\/p>\n<p>Desempenho de corte<br \/>\nmax. comprimento de corte 90 \u00b0 em mm: 175<\/p>\n<p>Trabalho de chapa<br \/>\nmax. espessura da parede perfilado em mm: 7<br \/>\nmax. \u00d8 de a\u00e7o redondo em mm: 22<br \/>\nmax. espessura de material plana em mm: 10<br \/>\nmax. a\u00e7o quadrado lxh em mm: 20&#215;20<\/p>\n<p>Peso<br \/>\npeso bruto em kg: 175<br \/>\npeso l\u00edquido em kg: 145<\/p>\n<p>Embalagem<br \/>\nComprimento da embalagem em mm: 990<br \/>\nlargura da embalagem em mm: 400<br \/>\naltura da embalagem em mm: 660<\/p>","protected":false},"excerpt":{"rendered":"<p>Para cortar chapa, material redondo e quadrado, bem como perfis L e T<br \/>\ntransmiss\u00e3o da for\u00e7a da alavanca atrav\u00e9s da roda de engrenagem grande e do cograil<br \/>\n\u00e1rea de aplica\u00e7\u00e3o universal para chapas de a\u00e7o e perfis diferentes<br \/>\nalavanca enorme para criar for\u00e7as extremamente altas<br \/>\nplacas de corte endurecidas e alisadas<\/p>\n","protected":false},"featured_media":14387,"comment_status":"open","ping_status":"closed","template":"","meta":[],"product_brand":[],"product_cat":[1946],"product_tag":[],"class_list":{"0":"post-14385","1":"product","2":"type-product","3":"status-publish","4":"has-post-thumbnail","6":"product_cat-guilhotinas","7":"product_shipping_class-maquinas-pequenas","9":"first","10":"onbackorder","11":"taxable","12":"shipping-taxable","13":"purchasable","14":"product-type-simple"},"_links":{"self":[{"href":"https:\/\/occasionmachines.com\/pt\/wp-json\/wp\/v2\/product\/14385","targetHints":{"allow":["GET"]}}],"collection":[{"href":"https:\/\/occasionmachines.com\/pt\/wp-json\/wp\/v2\/product"}],"about":[{"href":"https:\/\/occasionmachines.com\/pt\/wp-json\/wp\/v2\/types\/product"}],"replies":[{"embeddable":true,"href":"https:\/\/occasionmachines.com\/pt\/wp-json\/wp\/v2\/comments?post=14385"}],"wp:featuredmedia":[{"embeddable":true,"href":"https:\/\/occasionmachines.com\/pt\/wp-json\/wp\/v2\/media\/14387"}],"wp:attachment":[{"href":"https:\/\/occasionmachines.com\/pt\/wp-json\/wp\/v2\/media?parent=14385"}],"wp:term":[{"taxonomy":"product_brand","embeddable":true,"href":"https:\/\/occasionmachines.com\/pt\/wp-json\/wp\/v2\/product_brand?post=14385"},{"taxonomy":"product_cat","embeddable":true,"href":"https:\/\/occasionmachines.com\/pt\/wp-json\/wp\/v2\/product_cat?post=14385"},{"taxonomy":"product_tag","embeddable":true,"href":"https:\/\/occasionmachines.com\/pt\/wp-json\/wp\/v2\/product_tag?post=14385"}],"curies":[{"name":"wp","href":"https:\/\/api.w.org\/{rel}","templated":true}]}}