{"id":14389,"date":"2018-06-08T13:18:15","date_gmt":"2018-06-08T12:18:15","guid":{"rendered":"http:\/\/occasionmachines.com\/?post_type=product&#038;p=14389"},"modified":"2025-05-27T11:14:42","modified_gmt":"2025-05-27T10:14:42","slug":"guilhotina-s1000","status":"publish","type":"product","link":"https:\/\/occasionmachines.com\/pt\/produto\/guilhotina-s1000\/","title":{"rendered":"Guilhotina S1000"},"content":{"rendered":"<p>Detalhes t\u00e9cnicos<\/p>\n<p>Desempenho de corte<br \/>\nmax. comprimento de corte 90 \u00b0 em mm: 1000<\/p>\n<p>Trabalho de chapa<br \/>\nmax. espessura da chapa em mm: 1,5<\/p>\n<p>Peso<br \/>\npeso bruto em kg: 90<br \/>\npeso l\u00edquido em kg: 70<\/p>\n<p>Embalagem<br \/>\nComprimento da embalagem em mm: 1,290<br \/>\nlargura da embalagem em mm: 260<br \/>\naltura da embalagem em mm: 470<\/p>","protected":false},"excerpt":{"rendered":"<p>m\u00e1quina universal para cortar chapas met\u00e1licas<br \/>\nl\u00e2minas de a\u00e7o de alta qualidade garantem uma durabilidade muito longa<br \/>\nopera\u00e7\u00e3o confort\u00e1vel com uma m\u00e3o<\/p>\n","protected":false},"featured_media":14391,"comment_status":"open","ping_status":"closed","template":"","meta":[],"product_brand":[],"product_cat":[1946],"product_tag":[],"class_list":{"0":"post-14389","1":"product","2":"type-product","3":"status-publish","4":"has-post-thumbnail","6":"product_cat-guilhotinas","7":"product_shipping_class-ferramentas-grandes","9":"first","10":"onbackorder","11":"taxable","12":"shipping-taxable","13":"purchasable","14":"product-type-simple"},"_links":{"self":[{"href":"https:\/\/occasionmachines.com\/pt\/wp-json\/wp\/v2\/product\/14389","targetHints":{"allow":["GET"]}}],"collection":[{"href":"https:\/\/occasionmachines.com\/pt\/wp-json\/wp\/v2\/product"}],"about":[{"href":"https:\/\/occasionmachines.com\/pt\/wp-json\/wp\/v2\/types\/product"}],"replies":[{"embeddable":true,"href":"https:\/\/occasionmachines.com\/pt\/wp-json\/wp\/v2\/comments?post=14389"}],"wp:featuredmedia":[{"embeddable":true,"href":"https:\/\/occasionmachines.com\/pt\/wp-json\/wp\/v2\/media\/14391"}],"wp:attachment":[{"href":"https:\/\/occasionmachines.com\/pt\/wp-json\/wp\/v2\/media?parent=14389"}],"wp:term":[{"taxonomy":"product_brand","embeddable":true,"href":"https:\/\/occasionmachines.com\/pt\/wp-json\/wp\/v2\/product_brand?post=14389"},{"taxonomy":"product_cat","embeddable":true,"href":"https:\/\/occasionmachines.com\/pt\/wp-json\/wp\/v2\/product_cat?post=14389"},{"taxonomy":"product_tag","embeddable":true,"href":"https:\/\/occasionmachines.com\/pt\/wp-json\/wp\/v2\/product_tag?post=14389"}],"curies":[{"name":"wp","href":"https:\/\/api.w.org\/{rel}","templated":true}]}}