{"id":14466,"date":"2018-06-11T17:30:12","date_gmt":"2018-06-11T16:30:12","guid":{"rendered":"http:\/\/occasionmachines.com\/?post_type=product&#038;p=14466"},"modified":"2025-05-27T11:14:17","modified_gmt":"2025-05-27T10:14:17","slug":"quinadeira-1250mag","status":"publish","type":"product","link":"https:\/\/occasionmachines.com\/pt\/produto\/quinadeira-1250mag\/","title":{"rendered":"Quinadeira Holzmann AKM1250MAG_230V"},"content":{"rendered":"<p>Detalhes t\u00e9cnicos<\/p>\n<p>Dados do motor<br \/>\nVoltagem: 230V \/ 50Hz<\/p>\n<p>Trabalho de chapa<br \/>\nmax. espessura da chapa em mm: 1,6<br \/>\npress\u00e3o de trabalho em t: 6<\/p>\n<p>Medidas<br \/>\nLargura de trabalho em mm: 1250<\/p>\n<p>Peso<br \/>\npeso bruto em kg: 210<br \/>\npeso l\u00edquido em kg: 175<\/p>\n<p>Embalagem<br \/>\nlargura da embalagem em mm: 1.120<br \/>\naltura da embalagem em mm: 380<br \/>\nComprimento da embalagem em mm: 1,450<\/p>","protected":false},"excerpt":{"rendered":"<p>Confort\u00e1vel, r\u00e1pido e extremamente f\u00e1cil de usar<br \/>\nalta capacidade de flex\u00e3o atrav\u00e9s de transmiss\u00e3o de pot\u00eancia precisa<br \/>\npara dobrar a\u00e7o, alum\u00ednio, a\u00e7o inoxid\u00e1vel, cobre e mais.<\/p>\n","protected":false},"featured_media":14468,"comment_status":"open","ping_status":"closed","template":"","meta":[],"product_brand":[],"product_cat":[1945],"product_tag":[],"class_list":{"0":"post-14466","1":"product","2":"type-product","3":"status-publish","4":"has-post-thumbnail","6":"product_cat-quinadeiras","7":"product_shipping_class-maquinas-pequenas","9":"first","10":"onbackorder","11":"taxable","12":"shipping-taxable","13":"purchasable","14":"product-type-simple"},"_links":{"self":[{"href":"https:\/\/occasionmachines.com\/pt\/wp-json\/wp\/v2\/product\/14466","targetHints":{"allow":["GET"]}}],"collection":[{"href":"https:\/\/occasionmachines.com\/pt\/wp-json\/wp\/v2\/product"}],"about":[{"href":"https:\/\/occasionmachines.com\/pt\/wp-json\/wp\/v2\/types\/product"}],"replies":[{"embeddable":true,"href":"https:\/\/occasionmachines.com\/pt\/wp-json\/wp\/v2\/comments?post=14466"}],"wp:featuredmedia":[{"embeddable":true,"href":"https:\/\/occasionmachines.com\/pt\/wp-json\/wp\/v2\/media\/14468"}],"wp:attachment":[{"href":"https:\/\/occasionmachines.com\/pt\/wp-json\/wp\/v2\/media?parent=14466"}],"wp:term":[{"taxonomy":"product_brand","embeddable":true,"href":"https:\/\/occasionmachines.com\/pt\/wp-json\/wp\/v2\/product_brand?post=14466"},{"taxonomy":"product_cat","embeddable":true,"href":"https:\/\/occasionmachines.com\/pt\/wp-json\/wp\/v2\/product_cat?post=14466"},{"taxonomy":"product_tag","embeddable":true,"href":"https:\/\/occasionmachines.com\/pt\/wp-json\/wp\/v2\/product_tag?post=14466"}],"curies":[{"name":"wp","href":"https:\/\/api.w.org\/{rel}","templated":true}]}}