{"id":14537,"date":"2018-06-12T15:30:28","date_gmt":"2018-06-12T14:30:28","guid":{"rendered":"http:\/\/occasionmachines.com\/?post_type=product&#038;p=14537"},"modified":"2025-05-27T11:13:32","modified_gmt":"2025-05-27T10:13:32","slug":"braco-de-roscar-pneumatico-m3-m16","status":"publish","type":"product","link":"https:\/\/occasionmachines.com\/pt\/produto\/braco-de-roscar-pneumatico-m3-m16\/","title":{"rendered":"Bra\u00e7o de Roscar Pneum\u00e1tico M3-M16"},"content":{"rendered":"<p>Bra\u00e7o de Roscar Pneum\u00e1tico M3-M16<\/p>\n<p>para Roscar M3-M16<br \/>\nvelocidade rpm 300<br \/>\nraio de ac\u00e7\u00e3o eficaz cerca de 360 \u200b\u200b\u00b0 (1) mm Rmax 1900<br \/>\nraio de ac\u00e7\u00e3o eficaz cerca de 360 \u200b\u200b\u00b0 (2) R min mil\u00edmetros 200<br \/>\npress\u00e3o m\u00e1xima recomendada bar 6<br \/>\nconsumo de ar l \/ min +\/- 950<br \/>\nVelocidade sem carga rpm 300<br \/>\npeso kg 27,20<br \/>\nTodos os valores apresentados s\u00e3o mais Iva \u00e0 taxa em vigor<\/p>\n<p>Temos modelos de outras capacidades.<\/p>\n<p>Consulte-nos para verifica\u00e7\u00e3o de stock, caso ruptura de stock,<br \/>\nPrazo de entrega 10 a 15 dias ap\u00f3s encomenda.<\/p>\n<p><div id='gallery-1' class='gallery galleryid-14537 gallery-columns-3 gallery-size-thumbnail'><figure class='gallery-item'>\n\t\t\t<div class='gallery-icon landscape'>\n\t\t\t\t<a href='https:\/\/occasionmachines.com\/pt\/?attachment_id=14539'><img loading=\"lazy\" decoding=\"async\" width=\"74\" height=\"74\" src=\"https:\/\/occasionmachines.com\/wp-content\/uploads\/2018\/06\/1-7-74x74.jpg\" class=\"attachment-thumbnail size-thumbnail\" alt=\"\" aria-describedby=\"gallery-1-14539\" srcset=\"https:\/\/occasionmachines.com\/wp-content\/uploads\/2018\/06\/1-7-74x74.jpg 74w, https:\/\/occasionmachines.com\/wp-content\/uploads\/2018\/06\/1-7-324x324.jpg 324w, https:\/\/occasionmachines.com\/wp-content\/uploads\/2018\/06\/1-7-100x100.jpg 100w, https:\/\/occasionmachines.com\/wp-content\/uploads\/2018\/06\/1-7-144x144.jpg 144w, https:\/\/occasionmachines.com\/wp-content\/uploads\/2018\/06\/1-7-400x400.jpg 400w\" sizes=\"auto, (max-width: 74px) 100vw, 74px\" \/><\/a>\n\t\t\t<\/div>\n\t\t\t\t<figcaption class='wp-caption-text gallery-caption' id='gallery-1-14539'>\n\t\t\t\tBra\u00e7o de Roscar Pneum\u00e1tico M3-M16\n\t\t\t\t<\/figcaption><\/figure><figure class='gallery-item'>\n\t\t\t<div class='gallery-icon landscape'>\n\t\t\t\t<a href='https:\/\/occasionmachines.com\/pt\/?attachment_id=14540'><img loading=\"lazy\" decoding=\"async\" width=\"74\" height=\"74\" src=\"https:\/\/occasionmachines.com\/wp-content\/uploads\/2018\/06\/2-3-74x74.jpg\" class=\"attachment-thumbnail size-thumbnail\" alt=\"\" aria-describedby=\"gallery-1-14540\" srcset=\"https:\/\/occasionmachines.com\/wp-content\/uploads\/2018\/06\/2-3-74x74.jpg 74w, https:\/\/occasionmachines.com\/wp-content\/uploads\/2018\/06\/2-3-324x324.jpg 324w, https:\/\/occasionmachines.com\/wp-content\/uploads\/2018\/06\/2-3-100x100.jpg 100w, https:\/\/occasionmachines.com\/wp-content\/uploads\/2018\/06\/2-3-144x144.jpg 144w, https:\/\/occasionmachines.com\/wp-content\/uploads\/2018\/06\/2-3-400x400.jpg 400w\" sizes=\"auto, (max-width: 74px) 100vw, 74px\" \/><\/a>\n\t\t\t<\/div>\n\t\t\t\t<figcaption class='wp-caption-text gallery-caption' id='gallery-1-14540'>\n\t\t\t\tBra\u00e7o de Roscar Pneum\u00e1tico M3-M16\n\t\t\t\t<\/figcaption><\/figure><figure class='gallery-item'>\n\t\t\t<div class='gallery-icon portrait'>\n\t\t\t\t<a href='https:\/\/occasionmachines.com\/pt\/?attachment_id=14541'><img loading=\"lazy\" decoding=\"async\" width=\"74\" height=\"74\" src=\"https:\/\/occasionmachines.com\/wp-content\/uploads\/2018\/06\/3-3-74x74.jpg\" class=\"attachment-thumbnail size-thumbnail\" alt=\"\" aria-describedby=\"gallery-1-14541\" srcset=\"https:\/\/occasionmachines.com\/wp-content\/uploads\/2018\/06\/3-3-74x74.jpg 74w, https:\/\/occasionmachines.com\/wp-content\/uploads\/2018\/06\/3-3-324x324.jpg 324w, https:\/\/occasionmachines.com\/wp-content\/uploads\/2018\/06\/3-3-100x100.jpg 100w, https:\/\/occasionmachines.com\/wp-content\/uploads\/2018\/06\/3-3-144x144.jpg 144w, https:\/\/occasionmachines.com\/wp-content\/uploads\/2018\/06\/3-3-400x400.jpg 400w\" sizes=\"auto, (max-width: 74px) 100vw, 74px\" \/><\/a>\n\t\t\t<\/div>\n\t\t\t\t<figcaption class='wp-caption-text gallery-caption' id='gallery-1-14541'>\n\t\t\t\tBra\u00e7o de Roscar Pneum\u00e1tico M3-M16\n\t\t\t\t<\/figcaption><\/figure><figure class='gallery-item'>\n\t\t\t<div class='gallery-icon portrait'>\n\t\t\t\t<a href='https:\/\/occasionmachines.com\/pt\/?attachment_id=14542'><img loading=\"lazy\" decoding=\"async\" width=\"74\" height=\"74\" src=\"https:\/\/occasionmachines.com\/wp-content\/uploads\/2018\/06\/4-2-74x74.jpg\" class=\"attachment-thumbnail size-thumbnail\" alt=\"\" aria-describedby=\"gallery-1-14542\" srcset=\"https:\/\/occasionmachines.com\/wp-content\/uploads\/2018\/06\/4-2-74x74.jpg 74w, https:\/\/occasionmachines.com\/wp-content\/uploads\/2018\/06\/4-2-324x324.jpg 324w, https:\/\/occasionmachines.com\/wp-content\/uploads\/2018\/06\/4-2-100x100.jpg 100w, https:\/\/occasionmachines.com\/wp-content\/uploads\/2018\/06\/4-2-144x144.jpg 144w, https:\/\/occasionmachines.com\/wp-content\/uploads\/2018\/06\/4-2-400x400.jpg 400w\" sizes=\"auto, (max-width: 74px) 100vw, 74px\" \/><\/a>\n\t\t\t<\/div>\n\t\t\t\t<figcaption class='wp-caption-text gallery-caption' id='gallery-1-14542'>\n\t\t\t\tBra\u00e7o de Roscar Pneum\u00e1tico M3-M16\n\t\t\t\t<\/figcaption><\/figure><figure class='gallery-item'>\n\t\t\t<div class='gallery-icon portrait'>\n\t\t\t\t<a href='https:\/\/occasionmachines.com\/pt\/?attachment_id=14543'><img loading=\"lazy\" decoding=\"async\" width=\"74\" height=\"74\" src=\"https:\/\/occasionmachines.com\/wp-content\/uploads\/2018\/06\/5-2-74x74.jpg\" class=\"attachment-thumbnail size-thumbnail\" alt=\"\" aria-describedby=\"gallery-1-14543\" srcset=\"https:\/\/occasionmachines.com\/wp-content\/uploads\/2018\/06\/5-2-74x74.jpg 74w, https:\/\/occasionmachines.com\/wp-content\/uploads\/2018\/06\/5-2-324x324.jpg 324w, https:\/\/occasionmachines.com\/wp-content\/uploads\/2018\/06\/5-2-100x100.jpg 100w, https:\/\/occasionmachines.com\/wp-content\/uploads\/2018\/06\/5-2-144x144.jpg 144w, https:\/\/occasionmachines.com\/wp-content\/uploads\/2018\/06\/5-2-399x400.jpg 399w\" sizes=\"auto, (max-width: 74px) 100vw, 74px\" \/><\/a>\n\t\t\t<\/div>\n\t\t\t\t<figcaption class='wp-caption-text gallery-caption' id='gallery-1-14543'>\n\t\t\t\tBra\u00e7o de Roscar Pneum\u00e1tico M3-M16\n\t\t\t\t<\/figcaption><\/figure>\n\t\t<\/div>\n<\/p>","protected":false},"excerpt":{"rendered":"<p>Bra\u00e7o de Roscar Pneum\u00e1tico M3-M16 para Roscar M3-M16 velocidade rpm 300 raio de ac\u00e7\u00e3o eficaz cerca de 360 \u200b\u200b\u00b0 (1) mm Rmax 1900 raio de ac\u00e7\u00e3o eficaz cerca de 360 \u200b\u200b\u00b0 (2) R min mil\u00edmetros 200 press\u00e3o m\u00e1xima recomendada bar 6 consumo de ar l \/ min +\/- 950 Velocidade sem carga rpm 300 peso [&hellip;]<\/p>\n","protected":false},"featured_media":14540,"comment_status":"open","ping_status":"closed","template":"","meta":[],"product_brand":[],"product_cat":[5597],"product_tag":[],"class_list":{"0":"post-14537","1":"product","2":"type-product","3":"status-publish","4":"has-post-thumbnail","6":"product_cat-bracos-de-roscar","7":"product_shipping_class-ferramentas-pequenas","9":"first","10":"onbackorder","11":"taxable","12":"shipping-taxable","13":"purchasable","14":"product-type-simple"},"_links":{"self":[{"href":"https:\/\/occasionmachines.com\/pt\/wp-json\/wp\/v2\/product\/14537","targetHints":{"allow":["GET"]}}],"collection":[{"href":"https:\/\/occasionmachines.com\/pt\/wp-json\/wp\/v2\/product"}],"about":[{"href":"https:\/\/occasionmachines.com\/pt\/wp-json\/wp\/v2\/types\/product"}],"replies":[{"embeddable":true,"href":"https:\/\/occasionmachines.com\/pt\/wp-json\/wp\/v2\/comments?post=14537"}],"wp:featuredmedia":[{"embeddable":true,"href":"https:\/\/occasionmachines.com\/pt\/wp-json\/wp\/v2\/media\/14540"}],"wp:attachment":[{"href":"https:\/\/occasionmachines.com\/pt\/wp-json\/wp\/v2\/media?parent=14537"}],"wp:term":[{"taxonomy":"product_brand","embeddable":true,"href":"https:\/\/occasionmachines.com\/pt\/wp-json\/wp\/v2\/product_brand?post=14537"},{"taxonomy":"product_cat","embeddable":true,"href":"https:\/\/occasionmachines.com\/pt\/wp-json\/wp\/v2\/product_cat?post=14537"},{"taxonomy":"product_tag","embeddable":true,"href":"https:\/\/occasionmachines.com\/pt\/wp-json\/wp\/v2\/product_tag?post=14537"}],"curies":[{"name":"wp","href":"https:\/\/api.w.org\/{rel}","templated":true}]}}