{"id":14603,"date":"2018-06-12T16:38:56","date_gmt":"2018-06-12T15:38:56","guid":{"rendered":"http:\/\/occasionmachines.com\/?post_type=product&#038;p=14603"},"modified":"2025-05-27T11:13:04","modified_gmt":"2025-05-27T10:13:04","slug":"maquina-de-dobrar-tubos-manual-mod-1","status":"publish","type":"product","link":"https:\/\/occasionmachines.com\/pt\/produto\/maquina-de-dobrar-tubos-manual-mod-1\/","title":{"rendered":"M\u00e1quina de dobrar tubos manual"},"content":{"rendered":"<p>M\u00e1quina de dobrar Tubos Manual Mod.1<br \/>\n\u00e9 adequado para a dobra de diferentes tipos de tubos.<br \/>\nCurvas a 2 &#8221;<\/p>\n<p>Fornecido com moldes padr\u00e3o:<br \/>\n&#8211; 1&#8243; com o raio de 3 &#8216;<br \/>\n&#8211; 1-1 \/ 2&#8217; com raio de 5 &#8216;<br \/>\n&#8211; 1-3 \/ 4&#8217; com o raio de 6&#8243;<\/p>\n<p>O raio total de dobragem \u00e9 180graus.<\/p>\n<p>Dimens\u00f5es do produto:<br \/>\nComprimento do produto 650 mm<br \/>\nLargura do produto 750 mm<br \/>\nAltura do produto 1.120 mm<br \/>\nPeso do Produto 66,0 Kg<br \/>\nDimens\u00f5es da embalagem:<br \/>\nComprimento do pacote 940 mm<br \/>\nLargura da embalagem 335 mm<br \/>\nAltura da embalagem 310 mm<br \/>\nPeso da Embalagem 73,00 Kg<\/p>","protected":false},"excerpt":{"rendered":"<p>M\u00e1quina de dobrar Tubos Manual Mod.1 \u00e9 adequado para a dobra de diferentes tipos de tubos. Curvas a 2 &#8221; Fornecido com moldes padr\u00e3o: &#8211; 1&#8243; com o raio de 3 &#8216; &#8211; 1-1 \/ 2&#8217; com raio de 5 &#8216; &#8211; 1-3 \/ 4&#8217; com o raio de 6&#8243; O raio total de dobragem [&hellip;]<\/p>\n","protected":false},"featured_media":14605,"comment_status":"open","ping_status":"closed","template":"","meta":[],"product_brand":[],"product_cat":[4332],"product_tag":[],"class_list":{"0":"post-14603","1":"product","2":"type-product","3":"status-publish","4":"has-post-thumbnail","6":"product_cat-maquinas-de-dobrar-tubos","7":"product_shipping_class-ferramentas-pequenas","9":"first","10":"onbackorder","11":"taxable","12":"shipping-taxable","13":"purchasable","14":"product-type-simple"},"_links":{"self":[{"href":"https:\/\/occasionmachines.com\/pt\/wp-json\/wp\/v2\/product\/14603","targetHints":{"allow":["GET"]}}],"collection":[{"href":"https:\/\/occasionmachines.com\/pt\/wp-json\/wp\/v2\/product"}],"about":[{"href":"https:\/\/occasionmachines.com\/pt\/wp-json\/wp\/v2\/types\/product"}],"replies":[{"embeddable":true,"href":"https:\/\/occasionmachines.com\/pt\/wp-json\/wp\/v2\/comments?post=14603"}],"wp:featuredmedia":[{"embeddable":true,"href":"https:\/\/occasionmachines.com\/pt\/wp-json\/wp\/v2\/media\/14605"}],"wp:attachment":[{"href":"https:\/\/occasionmachines.com\/pt\/wp-json\/wp\/v2\/media?parent=14603"}],"wp:term":[{"taxonomy":"product_brand","embeddable":true,"href":"https:\/\/occasionmachines.com\/pt\/wp-json\/wp\/v2\/product_brand?post=14603"},{"taxonomy":"product_cat","embeddable":true,"href":"https:\/\/occasionmachines.com\/pt\/wp-json\/wp\/v2\/product_cat?post=14603"},{"taxonomy":"product_tag","embeddable":true,"href":"https:\/\/occasionmachines.com\/pt\/wp-json\/wp\/v2\/product_tag?post=14603"}],"curies":[{"name":"wp","href":"https:\/\/api.w.org\/{rel}","templated":true}]}}