{"id":14621,"date":"2018-06-12T16:49:16","date_gmt":"2018-06-12T15:49:16","guid":{"rendered":"http:\/\/occasionmachines.com\/?post_type=product&#038;p=14621"},"modified":"2025-05-27T11:11:57","modified_gmt":"2025-05-27T10:11:57","slug":"maquina-de-dobrar-tubos-3010","status":"publish","type":"product","link":"https:\/\/occasionmachines.com\/pt\/produto\/maquina-de-dobrar-tubos-3010\/","title":{"rendered":"M\u00e1quina de dobrar Tubos 30&#215;10"},"content":{"rendered":"<p>M\u00e1quina de dobrar Tubos 30&#215;10<\/p>\n<p>Dados t\u00e9cnicos:<br \/>\n&#8211; a\u00e7o plano = 30 x 10 mm<br \/>\n&#8211; de a\u00e7o redondo 10 mil\u00edmetros<br \/>\n&#8211; dimens\u00f5es 750x230x160mm<br \/>\n&#8211; peso do produto de 27 kg<\/p>\n<p>Dimens\u00f5es do produto:<br \/>\nComprimento do produto 750 mm<br \/>\nLargura do produto 230 mm<br \/>\nAltura do produto 160 mm<br \/>\nPeso do Produto 27,0 Kg<br \/>\nDimens\u00f5es da embalagem:<br \/>\nComprimento do pacote 550 mm<br \/>\nLargura da embalagem 300 mm<br \/>\nAltura da embalagem 220 mm<br \/>\nPeso da Embalagem 29,00 Kg<\/p>","protected":false},"excerpt":{"rendered":"<p>M\u00e1quina de dobrar Tubos 30&#215;10 Dados t\u00e9cnicos: &#8211; a\u00e7o plano = 30 x 10 mm &#8211; de a\u00e7o redondo 10 mil\u00edmetros &#8211; dimens\u00f5es 750x230x160mm &#8211; peso do produto de 27 kg Dimens\u00f5es do produto: Comprimento do produto 750 mm Largura do produto 230 mm Altura do produto 160 mm Peso do Produto 27,0 Kg Dimens\u00f5es [&hellip;]<\/p>\n","protected":false},"featured_media":14623,"comment_status":"open","ping_status":"closed","template":"","meta":[],"product_brand":[],"product_cat":[4332],"product_tag":[],"class_list":{"0":"post-14621","1":"product","2":"type-product","3":"status-publish","4":"has-post-thumbnail","6":"product_cat-maquinas-de-dobrar-tubos","7":"product_shipping_class-ferramentas-pequenas","9":"first","10":"onbackorder","11":"taxable","12":"shipping-taxable","13":"purchasable","14":"product-type-simple"},"_links":{"self":[{"href":"https:\/\/occasionmachines.com\/pt\/wp-json\/wp\/v2\/product\/14621","targetHints":{"allow":["GET"]}}],"collection":[{"href":"https:\/\/occasionmachines.com\/pt\/wp-json\/wp\/v2\/product"}],"about":[{"href":"https:\/\/occasionmachines.com\/pt\/wp-json\/wp\/v2\/types\/product"}],"replies":[{"embeddable":true,"href":"https:\/\/occasionmachines.com\/pt\/wp-json\/wp\/v2\/comments?post=14621"}],"wp:featuredmedia":[{"embeddable":true,"href":"https:\/\/occasionmachines.com\/pt\/wp-json\/wp\/v2\/media\/14623"}],"wp:attachment":[{"href":"https:\/\/occasionmachines.com\/pt\/wp-json\/wp\/v2\/media?parent=14621"}],"wp:term":[{"taxonomy":"product_brand","embeddable":true,"href":"https:\/\/occasionmachines.com\/pt\/wp-json\/wp\/v2\/product_brand?post=14621"},{"taxonomy":"product_cat","embeddable":true,"href":"https:\/\/occasionmachines.com\/pt\/wp-json\/wp\/v2\/product_cat?post=14621"},{"taxonomy":"product_tag","embeddable":true,"href":"https:\/\/occasionmachines.com\/pt\/wp-json\/wp\/v2\/product_tag?post=14621"}],"curies":[{"name":"wp","href":"https:\/\/api.w.org\/{rel}","templated":true}]}}