{"id":14834,"date":"2018-06-18T12:49:54","date_gmt":"2018-06-18T11:49:54","guid":{"rendered":"http:\/\/occasionmachines.com\/?post_type=product&#038;p=14834"},"modified":"2025-05-27T11:05:51","modified_gmt":"2025-05-27T10:05:51","slug":"guincho-eletrico-para-carro-24v-5400kg","status":"publish","type":"product","link":"https:\/\/occasionmachines.com\/pt\/produto\/guincho-eletrico-para-carro-24v-5400kg\/","title":{"rendered":"Guincho el\u00e9trico para carro 24V 5400kg"},"content":{"rendered":"<p>Guincho de p\u00e1ra-choques confi\u00e1vel e robusto, especialmente concebido para a Moto4 \/ buggies \/ reboques.<br \/>\nOs guinchos s\u00e3o adequados para diferentes aplica\u00e7\u00f5es dentro do puxar e rebocar.<br \/>\nA tarefa de puxar \u00e9 uma abordagem, a carga real depende do solo, inclina\u00e7\u00e3o, tempo e peso.<\/p>\n<p>Dados t\u00e9cnicos:<br \/>\n24V linha \u00fanica<br \/>\npoder do motor:5400 kg<br \/>\nRedu\u00e7\u00e3o = 230: 1<br \/>\nmotor: 24V 7.2HP<br \/>\ntamanho de tambor= 63x223mm<br \/>\ndi\u00e2metro do cabo = 10,2 mil\u00edmetros<\/p>","protected":false},"excerpt":{"rendered":"<p>Guincho de p\u00e1ra-choques confi\u00e1vel e robusto, especialmente concebido para a Moto4 \/ buggies \/ reboques. Os guinchos s\u00e3o adequados para diferentes aplica\u00e7\u00f5es dentro do puxar e rebocar. A tarefa de puxar \u00e9 uma abordagem, a carga real depende do solo, inclina\u00e7\u00e3o, tempo e peso. Dados t\u00e9cnicos: 24V linha \u00fanica poder do motor:5400 kg Redu\u00e7\u00e3o = [&hellip;]<\/p>\n","protected":false},"featured_media":14836,"comment_status":"open","ping_status":"closed","template":"","meta":[],"product_brand":[],"product_cat":[3014],"product_tag":[],"class_list":{"0":"post-14834","1":"product","2":"type-product","3":"status-publish","4":"has-post-thumbnail","6":"product_cat-guinchos-eletricos-de-elevacao","7":"product_shipping_class-maquinas-pequenas","9":"first","10":"onbackorder","11":"taxable","12":"shipping-taxable","13":"purchasable","14":"product-type-simple"},"_links":{"self":[{"href":"https:\/\/occasionmachines.com\/pt\/wp-json\/wp\/v2\/product\/14834","targetHints":{"allow":["GET"]}}],"collection":[{"href":"https:\/\/occasionmachines.com\/pt\/wp-json\/wp\/v2\/product"}],"about":[{"href":"https:\/\/occasionmachines.com\/pt\/wp-json\/wp\/v2\/types\/product"}],"replies":[{"embeddable":true,"href":"https:\/\/occasionmachines.com\/pt\/wp-json\/wp\/v2\/comments?post=14834"}],"wp:featuredmedia":[{"embeddable":true,"href":"https:\/\/occasionmachines.com\/pt\/wp-json\/wp\/v2\/media\/14836"}],"wp:attachment":[{"href":"https:\/\/occasionmachines.com\/pt\/wp-json\/wp\/v2\/media?parent=14834"}],"wp:term":[{"taxonomy":"product_brand","embeddable":true,"href":"https:\/\/occasionmachines.com\/pt\/wp-json\/wp\/v2\/product_brand?post=14834"},{"taxonomy":"product_cat","embeddable":true,"href":"https:\/\/occasionmachines.com\/pt\/wp-json\/wp\/v2\/product_cat?post=14834"},{"taxonomy":"product_tag","embeddable":true,"href":"https:\/\/occasionmachines.com\/pt\/wp-json\/wp\/v2\/product_tag?post=14834"}],"curies":[{"name":"wp","href":"https:\/\/api.w.org\/{rel}","templated":true}]}}