{"id":14842,"date":"2018-06-18T14:54:24","date_gmt":"2018-06-18T13:54:24","guid":{"rendered":"http:\/\/occasionmachines.com\/?post_type=product&#038;p=14842"},"modified":"2024-11-12T10:49:21","modified_gmt":"2024-11-12T10:49:21","slug":"guincho-eletrico-para-carro-12v-5443kg","status":"publish","type":"product","link":"https:\/\/occasionmachines.com\/pt\/produto\/guincho-eletrico-para-carro-12v-5443kg\/","title":{"rendered":"Guincho el\u00e9trico para carro 12V 5443kg"},"content":{"rendered":"<p>Guincho de p\u00e1ra-choques confi\u00e1vel e robusto, especialmente concebido para a Moto4 \/ buggies \/ reboques.<br \/>\nOs guinchos s\u00e3o adequados para diferentes aplica\u00e7\u00f5es dentro do puxar e rebocar.<br \/>\nA tarefa de puxar \u00e9 uma abordagem, a carga real depende do solo, inclina\u00e7\u00e3o, tempo e peso.<\/p>\n<p>Dados t\u00e9cnicos:<br \/>\n12V linha \u00fanica<br \/>\npoder do motor: 5443 kg<br \/>\nRedu\u00e7\u00e3o = 265: 1<br \/>\nmotor: 12V 6HP<br \/>\ntamanho de tambor= 63x226mm<br \/>\ncomprimento do cabo: 25 m<br \/>\ndi\u00e2metro do cabo = 7,8 mil\u00edmetros<br \/>\npeso: 43kg<\/p>","protected":false},"excerpt":{"rendered":"<p>Guincho de p\u00e1ra-choques confi\u00e1vel e robusto, especialmente concebido para a Moto4 \/ buggies \/ reboques. Os guinchos s\u00e3o adequados para diferentes aplica\u00e7\u00f5es dentro do puxar e rebocar. A tarefa de puxar \u00e9 uma abordagem, a carga real depende do solo, inclina\u00e7\u00e3o, tempo e peso. Dados t\u00e9cnicos: 12V linha \u00fanica poder do motor: 5443 kg Redu\u00e7\u00e3o [&hellip;]<\/p>\n","protected":false},"featured_media":14825,"comment_status":"open","ping_status":"closed","template":"","meta":[],"product_brand":[],"product_cat":[3014],"product_tag":[],"class_list":{"0":"post-14842","1":"product","2":"type-product","3":"status-publish","4":"has-post-thumbnail","6":"product_cat-guinchos-eletricos-de-elevacao","7":"product_shipping_class-ferramentas-pequenas","9":"first","10":"onbackorder","11":"taxable","12":"shipping-taxable","13":"purchasable","14":"product-type-simple"},"_links":{"self":[{"href":"https:\/\/occasionmachines.com\/pt\/wp-json\/wp\/v2\/product\/14842","targetHints":{"allow":["GET"]}}],"collection":[{"href":"https:\/\/occasionmachines.com\/pt\/wp-json\/wp\/v2\/product"}],"about":[{"href":"https:\/\/occasionmachines.com\/pt\/wp-json\/wp\/v2\/types\/product"}],"replies":[{"embeddable":true,"href":"https:\/\/occasionmachines.com\/pt\/wp-json\/wp\/v2\/comments?post=14842"}],"wp:featuredmedia":[{"embeddable":true,"href":"https:\/\/occasionmachines.com\/pt\/wp-json\/wp\/v2\/media\/14825"}],"wp:attachment":[{"href":"https:\/\/occasionmachines.com\/pt\/wp-json\/wp\/v2\/media?parent=14842"}],"wp:term":[{"taxonomy":"product_brand","embeddable":true,"href":"https:\/\/occasionmachines.com\/pt\/wp-json\/wp\/v2\/product_brand?post=14842"},{"taxonomy":"product_cat","embeddable":true,"href":"https:\/\/occasionmachines.com\/pt\/wp-json\/wp\/v2\/product_cat?post=14842"},{"taxonomy":"product_tag","embeddable":true,"href":"https:\/\/occasionmachines.com\/pt\/wp-json\/wp\/v2\/product_tag?post=14842"}],"curies":[{"name":"wp","href":"https:\/\/api.w.org\/{rel}","templated":true}]}}