{"id":15114,"date":"2018-06-25T12:14:33","date_gmt":"2018-06-25T11:14:33","guid":{"rendered":"http:\/\/occasionmachines.com\/?post_type=product&#038;p=15114"},"modified":"2025-05-27T11:04:31","modified_gmt":"2025-05-27T10:04:31","slug":"conjunto-paralelas-18-pecas-de-120-mm","status":"publish","type":"product","link":"https:\/\/occasionmachines.com\/pt\/produto\/conjunto-paralelas-18-pecas-de-120-mm\/","title":{"rendered":"Conjunto paralelas 18 pe\u00e7as de 120 mm"},"content":{"rendered":"<p>Conjunto de paralelas 18 pe\u00e7as de comprimento 120 mm<br \/>\nendurecidas e retificadas<\/p>\n<p>Dureza: 55 &#8211; 62 HRC<br \/>\nPrecis\u00e3o: +\/- 0,01 mm<br \/>\nParalelismo: 0,005 mm<\/p>\n<p>Conte\u00fado:<br \/>\n2 pe\u00e7as 4 x 8 x 120 mm<br \/>\n2 pe\u00e7as 4 x 10 x 120 mm<br \/>\n2 pe\u00e7as 4 x 12 x 120 mm<br \/>\n2 pe\u00e7as 4 x 14 x 120 mm<br \/>\n2 pe\u00e7as 4 x 16 x 120 mm<br \/>\n2 pe\u00e7as 4 x 18 x 120 mm<br \/>\n2 pe\u00e7as 4 x 20 x 120 mm<br \/>\n2 pe\u00e7as 4 x 25 x 120 mm<br \/>\n2 pe\u00e7as 4 x 30 x 120 mm<\/p>\n<p>O conjunto vem numa caixa de armazenamento acess\u00edvel.<br \/>\nPeso: 1,5 kg<\/p>","protected":false},"excerpt":{"rendered":"<p>Conjunto de paralelas 18 pe\u00e7as de comprimento 120 mm endurecidas e retificadas Dureza: 55 &#8211; 62 HRC Precis\u00e3o: +\/- 0,01 mm Paralelismo: 0,005 mm Conte\u00fado: 2 pe\u00e7as 4 x 8 x 120 mm 2 pe\u00e7as 4 x 10 x 120 mm 2 pe\u00e7as 4 x 12 x 120 mm 2 pe\u00e7as 4 x 14 x [&hellip;]<\/p>\n","protected":false},"featured_media":15115,"comment_status":"open","ping_status":"closed","template":"","meta":[],"product_brand":[],"product_cat":[1432],"product_tag":[],"class_list":{"0":"post-15114","1":"product","2":"type-product","3":"status-publish","4":"has-post-thumbnail","6":"product_cat-ferramentas","7":"product_shipping_class-ferramentas-minusculas","9":"first","10":"onbackorder","11":"taxable","12":"shipping-taxable","13":"purchasable","14":"product-type-simple"},"_links":{"self":[{"href":"https:\/\/occasionmachines.com\/pt\/wp-json\/wp\/v2\/product\/15114","targetHints":{"allow":["GET"]}}],"collection":[{"href":"https:\/\/occasionmachines.com\/pt\/wp-json\/wp\/v2\/product"}],"about":[{"href":"https:\/\/occasionmachines.com\/pt\/wp-json\/wp\/v2\/types\/product"}],"replies":[{"embeddable":true,"href":"https:\/\/occasionmachines.com\/pt\/wp-json\/wp\/v2\/comments?post=15114"}],"wp:featuredmedia":[{"embeddable":true,"href":"https:\/\/occasionmachines.com\/pt\/wp-json\/wp\/v2\/media\/15115"}],"wp:attachment":[{"href":"https:\/\/occasionmachines.com\/pt\/wp-json\/wp\/v2\/media?parent=15114"}],"wp:term":[{"taxonomy":"product_brand","embeddable":true,"href":"https:\/\/occasionmachines.com\/pt\/wp-json\/wp\/v2\/product_brand?post=15114"},{"taxonomy":"product_cat","embeddable":true,"href":"https:\/\/occasionmachines.com\/pt\/wp-json\/wp\/v2\/product_cat?post=15114"},{"taxonomy":"product_tag","embeddable":true,"href":"https:\/\/occasionmachines.com\/pt\/wp-json\/wp\/v2\/product_tag?post=15114"}],"curies":[{"name":"wp","href":"https:\/\/api.w.org\/{rel}","templated":true}]}}