{"id":15194,"date":"2018-06-28T14:08:50","date_gmt":"2018-06-28T13:08:50","guid":{"rendered":"http:\/\/occasionmachines.com\/?post_type=product&#038;p=15194"},"modified":"2025-05-27T11:01:01","modified_gmt":"2025-05-27T10:01:01","slug":"bucha-de-4-grampos-125mm","status":"publish","type":"product","link":"https:\/\/occasionmachines.com\/pt\/produto\/bucha-de-4-grampos-125mm\/","title":{"rendered":"Bucha de 4 grampos 125mm"},"content":{"rendered":"<p>Montagem cil\u00edndrica de acordo com DIN 6350<\/p>\n<p>N\u00famero de cozimento 4 pe\u00e7as<br \/>\ndi\u00e2metro externo 125 mm<br \/>\npassagem 30 mm<br \/>\najuste interno cil\u00edndrico 95 mm<br \/>\nc\u00edrculo primitivo 108 mm<br \/>\nperfura\u00e7\u00e3o 4 x M8<br \/>\nAltura total (sem cozimento) 56 mm<\/p>\n<p>Incluido:<br \/>\nconjunto de grampos internos, conjunto de grampos externos, chave, conjunto de parafusos de fixa\u00e7\u00e3o<\/p>","protected":false},"excerpt":{"rendered":"<p>Montagem cil\u00edndrica de acordo com DIN 6350 N\u00famero de cozimento 4 pe\u00e7as di\u00e2metro externo 125 mm passagem 30 mm ajuste interno cil\u00edndrico 95 mm c\u00edrculo primitivo 108 mm perfura\u00e7\u00e3o 4 x M8 Altura total (sem cozimento) 56 mm Incluido: conjunto de grampos internos, conjunto de grampos externos, chave, conjunto de parafusos de fixa\u00e7\u00e3o<\/p>\n","protected":false},"featured_media":15191,"comment_status":"open","ping_status":"closed","template":"","meta":[],"product_brand":[],"product_cat":[5613,1432],"product_tag":[],"class_list":{"0":"post-15194","1":"product","2":"type-product","3":"status-publish","4":"has-post-thumbnail","6":"product_cat-buchas","7":"product_cat-ferramentas","8":"product_shipping_class-ferramentas-minusculas","10":"first","11":"onbackorder","12":"taxable","13":"shipping-taxable","14":"purchasable","15":"product-type-simple"},"_links":{"self":[{"href":"https:\/\/occasionmachines.com\/pt\/wp-json\/wp\/v2\/product\/15194","targetHints":{"allow":["GET"]}}],"collection":[{"href":"https:\/\/occasionmachines.com\/pt\/wp-json\/wp\/v2\/product"}],"about":[{"href":"https:\/\/occasionmachines.com\/pt\/wp-json\/wp\/v2\/types\/product"}],"replies":[{"embeddable":true,"href":"https:\/\/occasionmachines.com\/pt\/wp-json\/wp\/v2\/comments?post=15194"}],"wp:featuredmedia":[{"embeddable":true,"href":"https:\/\/occasionmachines.com\/pt\/wp-json\/wp\/v2\/media\/15191"}],"wp:attachment":[{"href":"https:\/\/occasionmachines.com\/pt\/wp-json\/wp\/v2\/media?parent=15194"}],"wp:term":[{"taxonomy":"product_brand","embeddable":true,"href":"https:\/\/occasionmachines.com\/pt\/wp-json\/wp\/v2\/product_brand?post=15194"},{"taxonomy":"product_cat","embeddable":true,"href":"https:\/\/occasionmachines.com\/pt\/wp-json\/wp\/v2\/product_cat?post=15194"},{"taxonomy":"product_tag","embeddable":true,"href":"https:\/\/occasionmachines.com\/pt\/wp-json\/wp\/v2\/product_tag?post=15194"}],"curies":[{"name":"wp","href":"https:\/\/api.w.org\/{rel}","templated":true}]}}