{"id":15206,"date":"2018-06-28T15:46:35","date_gmt":"2018-06-28T14:46:35","guid":{"rendered":"http:\/\/occasionmachines.com\/?post_type=product&#038;p=15206"},"modified":"2025-05-27T10:59:59","modified_gmt":"2025-05-27T09:59:59","slug":"bucha-centralmente-ajustavel-de-4-grampos-160mm","status":"publish","type":"product","link":"https:\/\/occasionmachines.com\/pt\/produto\/bucha-centralmente-ajustavel-de-4-grampos-160mm\/","title":{"rendered":"Bucha centralmente ajust\u00e1vel de 4 grampos 160mm"},"content":{"rendered":"<p>Montagem cil\u00edndrica de acordo com DIN 6350<\/p>\n<p>N\u00famero de cozimento 4 pe\u00e7as<br \/>\ndi\u00e2metro externo 160 mm<br \/>\npassagem 45 mm<br \/>\najuste interno cil\u00edndrico 130 mm<br \/>\nc\u00edrculo primitivo 142 mm<br \/>\nperfura\u00e7\u00e3o 3 x M8<br \/>\nAltura total (sem cozimento) 65 mm<br \/>\ngama de aperto 3 &#8211; 160 mm<\/p>\n<p>Incluido:<br \/>\nconjunto de grampos internos, conjunto de grampos externos, chave, conjunto de parafusos de fixa\u00e7\u00e3o<\/p>","protected":false},"excerpt":{"rendered":"<p>Montagem cil\u00edndrica de acordo com DIN 6350 N\u00famero de cozimento 4 pe\u00e7as di\u00e2metro externo 160 mm passagem 45 mm ajuste interno cil\u00edndrico 130 mm c\u00edrculo primitivo 142 mm perfura\u00e7\u00e3o 3 x M8 Altura total (sem cozimento) 65 mm gama de aperto 3 &#8211; 160 mm Incluido: conjunto de grampos internos, conjunto de grampos externos, chave, [&hellip;]<\/p>\n","protected":false},"featured_media":15200,"comment_status":"open","ping_status":"closed","template":"","meta":[],"product_brand":[],"product_cat":[5613,1432],"product_tag":[],"class_list":{"0":"post-15206","1":"product","2":"type-product","3":"status-publish","4":"has-post-thumbnail","6":"product_cat-buchas","7":"product_cat-ferramentas","8":"product_shipping_class-ferramentas-minusculas","10":"first","11":"onbackorder","12":"taxable","13":"shipping-taxable","14":"purchasable","15":"product-type-simple"},"_links":{"self":[{"href":"https:\/\/occasionmachines.com\/pt\/wp-json\/wp\/v2\/product\/15206","targetHints":{"allow":["GET"]}}],"collection":[{"href":"https:\/\/occasionmachines.com\/pt\/wp-json\/wp\/v2\/product"}],"about":[{"href":"https:\/\/occasionmachines.com\/pt\/wp-json\/wp\/v2\/types\/product"}],"replies":[{"embeddable":true,"href":"https:\/\/occasionmachines.com\/pt\/wp-json\/wp\/v2\/comments?post=15206"}],"wp:featuredmedia":[{"embeddable":true,"href":"https:\/\/occasionmachines.com\/pt\/wp-json\/wp\/v2\/media\/15200"}],"wp:attachment":[{"href":"https:\/\/occasionmachines.com\/pt\/wp-json\/wp\/v2\/media?parent=15206"}],"wp:term":[{"taxonomy":"product_brand","embeddable":true,"href":"https:\/\/occasionmachines.com\/pt\/wp-json\/wp\/v2\/product_brand?post=15206"},{"taxonomy":"product_cat","embeddable":true,"href":"https:\/\/occasionmachines.com\/pt\/wp-json\/wp\/v2\/product_cat?post=15206"},{"taxonomy":"product_tag","embeddable":true,"href":"https:\/\/occasionmachines.com\/pt\/wp-json\/wp\/v2\/product_tag?post=15206"}],"curies":[{"name":"wp","href":"https:\/\/api.w.org\/{rel}","templated":true}]}}