{"id":15227,"date":"2018-07-03T12:38:40","date_gmt":"2018-07-03T11:38:40","guid":{"rendered":"http:\/\/occasionmachines.com\/?post_type=product&#038;p=15227"},"modified":"2022-01-15T15:28:20","modified_gmt":"2022-01-15T15:28:20","slug":"recartilha-com-duas-rodas-ajustavel","status":"publish","type":"product","link":"https:\/\/occasionmachines.com\/pt\/produto\/recartilha-com-duas-rodas-ajustavel\/","title":{"rendered":"Recartilha com duas rodas ajust\u00e1vel"},"content":{"rendered":"<p>Auto-centragem<br \/>\nm\u00e1x. Di\u00e2metro da pe\u00e7a de trabalho: 22 mm<br \/>\nHaste: 10 x 10 mm<br \/>\nComprimento total: 120 mm<br \/>\ndi\u00e2metro das rodas recartilhadas: 19 mm<br \/>\nRodas largas de recartilhamento: 9 mm<\/p>","protected":false},"excerpt":{"rendered":"<p>Auto-centragem m\u00e1x. Di\u00e2metro da pe\u00e7a de trabalho: 22 mm Haste: 10 x 10 mm Comprimento total: 120 mm di\u00e2metro das rodas recartilhadas: 19 mm Rodas largas de recartilhamento: 9 mm<\/p>\n","protected":false},"featured_media":15228,"comment_status":"open","ping_status":"closed","template":"","meta":[],"product_brand":[],"product_cat":[1432,5614],"product_tag":[],"class_list":{"0":"post-15227","1":"product","2":"type-product","3":"status-publish","4":"has-post-thumbnail","6":"product_cat-ferramentas","7":"product_cat-recartilhas","8":"product_shipping_class-ferramentas-minusculas","10":"first","11":"onbackorder","12":"taxable","13":"shipping-taxable","14":"purchasable","15":"product-type-simple"},"_links":{"self":[{"href":"https:\/\/occasionmachines.com\/pt\/wp-json\/wp\/v2\/product\/15227","targetHints":{"allow":["GET"]}}],"collection":[{"href":"https:\/\/occasionmachines.com\/pt\/wp-json\/wp\/v2\/product"}],"about":[{"href":"https:\/\/occasionmachines.com\/pt\/wp-json\/wp\/v2\/types\/product"}],"replies":[{"embeddable":true,"href":"https:\/\/occasionmachines.com\/pt\/wp-json\/wp\/v2\/comments?post=15227"}],"wp:featuredmedia":[{"embeddable":true,"href":"https:\/\/occasionmachines.com\/pt\/wp-json\/wp\/v2\/media\/15228"}],"wp:attachment":[{"href":"https:\/\/occasionmachines.com\/pt\/wp-json\/wp\/v2\/media?parent=15227"}],"wp:term":[{"taxonomy":"product_brand","embeddable":true,"href":"https:\/\/occasionmachines.com\/pt\/wp-json\/wp\/v2\/product_brand?post=15227"},{"taxonomy":"product_cat","embeddable":true,"href":"https:\/\/occasionmachines.com\/pt\/wp-json\/wp\/v2\/product_cat?post=15227"},{"taxonomy":"product_tag","embeddable":true,"href":"https:\/\/occasionmachines.com\/pt\/wp-json\/wp\/v2\/product_tag?post=15227"}],"curies":[{"name":"wp","href":"https:\/\/api.w.org\/{rel}","templated":true}]}}