{"id":16662,"date":"2018-12-04T16:13:59","date_gmt":"2018-12-04T16:13:59","guid":{"rendered":"http:\/\/occasionmachines.com\/?post_type=product&#038;p=16662"},"modified":"2025-05-27T10:57:38","modified_gmt":"2025-05-27T09:57:38","slug":"compressor-amortecido-4kw-8bar","status":"publish","type":"product","link":"https:\/\/occasionmachines.com\/pt\/produto\/compressor-amortecido-4kw-8bar\/","title":{"rendered":"Compressor amortecido 4Kw 8Bar"},"content":{"rendered":"<p>Descri\u00e7\u00e3o do produto<\/p>\n<p>Compressor silencioso com amortecimento de som<\/p>\n<p>Este\u00a0compressor silencioso da\u00a0\u00e9 equipado com um interruptor de prote\u00e7\u00e3o do motor, um enrolamento de cobre para longa durabilidade e comuta\u00e7\u00e3o estrela delta.<\/p>\n<p>&#8211; pot\u00eancia = 4kw \/ 5,5 hp<br \/>\n&#8211; tens\u00e3o = 400V<br \/>\n&#8211; sa\u00edda de ar = 480lpm<br \/>\n&#8211; press\u00e3o = 8bar<br \/>\n&#8211; som = 85dBa @ 7m<\/p>\n<table class=\"table spec-table table-bordered\">\n<thead>\n<tr>\n<td colspan=\"2\"><strong>Dimens\u00f5es do produto<\/strong><\/td>\n<\/tr>\n<\/thead>\n<thead>\n<tr>\n<td colspan=\"2\"><strong>Dimens\u00f5es de embalagem<\/strong><\/td>\n<\/tr>\n<\/thead>\n<tbody>\n<tr>\n<td>Comprimento da embalagem (mm)<\/td>\n<td>910<\/td>\n<\/tr>\n<tr>\n<td>Largura da embalagem (mm)<\/td>\n<td>840<\/td>\n<\/tr>\n<tr>\n<td>Altura de embalagem (mm)<\/td>\n<td>1230<\/td>\n<\/tr>\n<tr>\n<td>Peso de embalagem (kg)<\/td>\n<td>220<\/td>\n<\/tr>\n<\/tbody>\n<\/table>\n<p><\/p>","protected":false},"excerpt":{"rendered":"<p>Descri\u00e7\u00e3o do produto Compressor silencioso com amortecimento de som Este\u00a0compressor silencioso da\u00a0\u00e9 equipado com um interruptor de prote\u00e7\u00e3o do motor, um enrolamento de cobre para longa durabilidade e comuta\u00e7\u00e3o estrela delta. &#8211; pot\u00eancia = 4kw \/ 5,5 hp &#8211; tens\u00e3o = 400V &#8211; sa\u00edda de ar = 480lpm &#8211; press\u00e3o = 8bar &#8211; som = [&hellip;]<\/p>\n","protected":false},"featured_media":16655,"comment_status":"closed","ping_status":"closed","template":"","meta":[],"product_brand":[],"product_cat":[4810],"product_tag":[],"class_list":{"0":"post-16662","1":"product","2":"type-product","3":"status-publish","4":"has-post-thumbnail","6":"product_cat-compressores","7":"product_shipping_class-maquinas-medias","9":"first","10":"onbackorder","11":"taxable","12":"shipping-taxable","13":"purchasable","14":"product-type-simple"},"_links":{"self":[{"href":"https:\/\/occasionmachines.com\/pt\/wp-json\/wp\/v2\/product\/16662","targetHints":{"allow":["GET"]}}],"collection":[{"href":"https:\/\/occasionmachines.com\/pt\/wp-json\/wp\/v2\/product"}],"about":[{"href":"https:\/\/occasionmachines.com\/pt\/wp-json\/wp\/v2\/types\/product"}],"replies":[{"embeddable":true,"href":"https:\/\/occasionmachines.com\/pt\/wp-json\/wp\/v2\/comments?post=16662"}],"wp:featuredmedia":[{"embeddable":true,"href":"https:\/\/occasionmachines.com\/pt\/wp-json\/wp\/v2\/media\/16655"}],"wp:attachment":[{"href":"https:\/\/occasionmachines.com\/pt\/wp-json\/wp\/v2\/media?parent=16662"}],"wp:term":[{"taxonomy":"product_brand","embeddable":true,"href":"https:\/\/occasionmachines.com\/pt\/wp-json\/wp\/v2\/product_brand?post=16662"},{"taxonomy":"product_cat","embeddable":true,"href":"https:\/\/occasionmachines.com\/pt\/wp-json\/wp\/v2\/product_cat?post=16662"},{"taxonomy":"product_tag","embeddable":true,"href":"https:\/\/occasionmachines.com\/pt\/wp-json\/wp\/v2\/product_tag?post=16662"}],"curies":[{"name":"wp","href":"https:\/\/api.w.org\/{rel}","templated":true}]}}