{"id":17037,"date":"2018-12-12T15:38:19","date_gmt":"2018-12-12T15:38:19","guid":{"rendered":"http:\/\/occasionmachines.com\/?post_type=product&#038;p=17037"},"modified":"2025-05-27T10:54:37","modified_gmt":"2025-05-27T09:54:37","slug":"carrinho-elevatorio-movel-300kg","status":"publish","type":"product","link":"https:\/\/occasionmachines.com\/pt\/produto\/carrinho-elevatorio-movel-300kg\/","title":{"rendered":"Carrinho elevat\u00f3rio m\u00f3vel 300Kg"},"content":{"rendered":"<p>Carrinho elevat\u00f3rio m\u00f3vel 300Kg<\/p>\n<p>Esta mesa de eleva\u00e7\u00e3o \u00e9 ideal para colocar os seus produtos na altura desejada.\u00a0A mesa \u00e9 f\u00e1cil de usar com a ajuda da bomba de p\u00e9 hidr\u00e1ulica.<br \/>\nAl\u00e9m disso, a mesa est\u00e1 equipada com dois rod\u00edzios fixos e dois rod\u00edzios com trav\u00e3o.<\/p>\n<p>&#8211; capacidade = 300kg<br \/>\n&#8211; altura m\u00e1xima = 1520mm<br \/>\n&#8211; altura m\u00ednima = 450mm<br \/>\n&#8211; tamanho da mesa = 920 x 520mm<\/p>\n<table class=\"table spec-table table-bordered\">\n<thead>\n<tr>\n<td colspan=\"2\"><strong>Dimens\u00f5es do produto<\/strong><\/td>\n<\/tr>\n<\/thead>\n<tbody>\n<tr>\n<td>Comprimento do produto (mm)<\/td>\n<td>1260<\/td>\n<\/tr>\n<tr>\n<td>Largura do produto (mm)<\/td>\n<td>520<\/td>\n<\/tr>\n<tr>\n<td>Altura do produto (mm)<\/td>\n<td>1600<\/td>\n<\/tr>\n<tr>\n<td>Peso do produto (kg)<\/td>\n<td>160<\/td>\n<\/tr>\n<\/tbody>\n<thead>\n<tr>\n<td colspan=\"2\"><strong>Dimens\u00f5es de embalagem<\/strong><\/td>\n<\/tr>\n<\/thead>\n<tbody>\n<tr>\n<td>Comprimento da embalagem (mm)<\/td>\n<td>1100<\/td>\n<\/tr>\n<tr>\n<td>Largura da embalagem (mm)<\/td>\n<td>550<\/td>\n<\/tr>\n<tr>\n<td>Altura de embalagem (mm)<\/td>\n<td>420<\/td>\n<\/tr>\n<tr>\n<td>Peso de embalagem (kg)<\/td>\n<td>170<\/td>\n<\/tr>\n<\/tbody>\n<\/table>\n<p><\/p>","protected":false},"excerpt":{"rendered":"<p>Carrinho elevat\u00f3rio m\u00f3vel 300Kg Esta mesa de eleva\u00e7\u00e3o \u00e9 ideal para colocar os seus produtos na altura desejada.\u00a0A mesa \u00e9 f\u00e1cil de usar com a ajuda da bomba de p\u00e9 hidr\u00e1ulica. Al\u00e9m disso, a mesa est\u00e1 equipada com dois rod\u00edzios fixos e dois rod\u00edzios com trav\u00e3o. &#8211; capacidade = 300kg &#8211; altura m\u00e1xima = 1520mm [&hellip;]<\/p>\n","protected":false},"featured_media":17038,"comment_status":"closed","ping_status":"closed","template":"","meta":[],"product_brand":[],"product_cat":[7804],"product_tag":[],"class_list":{"0":"post-17037","1":"product","2":"type-product","3":"status-publish","4":"has-post-thumbnail","6":"product_cat-mesas-de-elevacao","7":"product_shipping_class-maquinas-pequenas","9":"first","10":"onbackorder","11":"taxable","12":"shipping-taxable","13":"purchasable","14":"product-type-simple"},"_links":{"self":[{"href":"https:\/\/occasionmachines.com\/pt\/wp-json\/wp\/v2\/product\/17037","targetHints":{"allow":["GET"]}}],"collection":[{"href":"https:\/\/occasionmachines.com\/pt\/wp-json\/wp\/v2\/product"}],"about":[{"href":"https:\/\/occasionmachines.com\/pt\/wp-json\/wp\/v2\/types\/product"}],"replies":[{"embeddable":true,"href":"https:\/\/occasionmachines.com\/pt\/wp-json\/wp\/v2\/comments?post=17037"}],"wp:featuredmedia":[{"embeddable":true,"href":"https:\/\/occasionmachines.com\/pt\/wp-json\/wp\/v2\/media\/17038"}],"wp:attachment":[{"href":"https:\/\/occasionmachines.com\/pt\/wp-json\/wp\/v2\/media?parent=17037"}],"wp:term":[{"taxonomy":"product_brand","embeddable":true,"href":"https:\/\/occasionmachines.com\/pt\/wp-json\/wp\/v2\/product_brand?post=17037"},{"taxonomy":"product_cat","embeddable":true,"href":"https:\/\/occasionmachines.com\/pt\/wp-json\/wp\/v2\/product_cat?post=17037"},{"taxonomy":"product_tag","embeddable":true,"href":"https:\/\/occasionmachines.com\/pt\/wp-json\/wp\/v2\/product_tag?post=17037"}],"curies":[{"name":"wp","href":"https:\/\/api.w.org\/{rel}","templated":true}]}}