{"id":17041,"date":"2018-12-12T15:51:06","date_gmt":"2018-12-12T15:51:06","guid":{"rendered":"http:\/\/occasionmachines.com\/?post_type=product&#038;p=17041"},"modified":"2025-05-27T10:54:21","modified_gmt":"2025-05-27T09:54:21","slug":"elevador-de-coluna-3500kg","status":"publish","type":"product","link":"https:\/\/occasionmachines.com\/pt\/produto\/elevador-de-coluna-3500kg\/","title":{"rendered":"Elevador de Coluna 3500Kg"},"content":{"rendered":"<p>Elevador de Coluna 3500Kg<\/p>\n<p><strong>Descri\u00e7\u00e3o do produto:<\/strong><\/p>\n<p>Gra\u00e7as ao desenho \u00fanico pensada, o elevador est\u00e1 equipado com as seguintes propriedades \u00fateis:<\/p>\n<p>&#8211; min altura de eleva\u00e7\u00e3o de 95 mil\u00edmetros.<br \/>\n&#8211; almofadas de suporte ajust\u00e1veis em altura<br \/>\n&#8211; suporte autom\u00e1tico bra\u00e7o de bloqueio<br \/>\n&#8211; de dois e telesc\u00f3picos tr\u00eas vezes extens\u00edveis bra\u00e7os de apoio<br \/>\n&#8211; de bloqueio el\u00e9ctrico inteiramente autom\u00e1tica<br \/>\n&#8211; proteger coluna interna<br \/>\n&#8211; controle s\u00edncrono de cabo de a\u00e7o<br \/>\n&#8211; qualidade bomba hidr\u00e1ulica com alertas de resfriamento<br \/>\n&#8211; reservat\u00f3rio de \u00f3leo transparente com n\u00edvel de \u00f3leo<br \/>\n&#8211; colunas robustas de a\u00e7o laminado<br \/>\n&#8211; protec\u00e7\u00e3o batente de porta de borracha<br \/>\n&#8211; cilindro hidr\u00e1ulico em ambos os lados<br \/>\n&#8211; sinal de protec\u00e7\u00e3o ac\u00fastica protec\u00e7\u00e3o incl p\u00e9.<br \/>\n&#8211; extremamente baixo limiar de 40 mm<br \/>\n&#8211; controlo homem-morto, no levantamento e abaixamento<br \/>\n&#8211; protec\u00e7\u00e3o autom\u00e1tica contra sobrecarga<br \/>\n&#8211; sa\u00edda para alcan\u00e7ar a posi\u00e7\u00e3o de topo<br \/>\n&#8211; 12x pesados parafusos de bloqueio M18<br \/>\n&#8211; l\u00edngua NED incl Manual protocolo de manuten\u00e7\u00e3o e certificado CE 2006\/42 \/ CE<br \/>\n&#8211; est\u00e1 em conformidade com BS EN1493 padr\u00e3o de seguran\u00e7a<\/p>\n<p><strong>especifica\u00e7\u00f5es t\u00e9cnicas:<\/strong><br \/>\n&#8211; capacidade de 3.500 kg =<br \/>\n&#8211; = tens\u00e3o 230v<br \/>\n&#8211; pot\u00eancia do Motor = 2,2 kW<br \/>\n&#8211; min altura de grava\u00e7\u00e3o = 100 mil\u00edmetros.<br \/>\n&#8211; altura m\u00e1xima de eleva\u00e7\u00e3o = 1.850 mil\u00edmetro.<br \/>\n&#8211; hefduur = 40 segundos<br \/>\n&#8211; atingir alavancas de curto bra\u00e7o = 620 &#8211; 890 mil\u00edmetros<br \/>\n&#8211; longos bra\u00e7os de eleva\u00e7\u00e3o gama = 790 &#8211; 1570 mil\u00edmetros<br \/>\n&#8211; a dist\u00e2ncia entre as colunas = 2.815 mil\u00edmetros<br \/>\n&#8211; 2,806 mil\u00edmetros altura das colunas =<br \/>\n&#8211; peso = 610 kg<\/p>\n<table class=\"table spec-table table-bordered\">\n<thead>\n<tr>\n<td colspan=\"2\"><strong>Dimens\u00f5es de embalagem<\/strong><\/td>\n<\/tr>\n<\/thead>\n<tbody>\n<tr>\n<td>Comprimento da embalagem (mm)<\/td>\n<td>2890<\/td>\n<\/tr>\n<tr>\n<td>Largura da embalagem (mm)<\/td>\n<td>500<\/td>\n<\/tr>\n<tr>\n<td>Altura de embalagem (mm)<\/td>\n<td>720<\/td>\n<\/tr>\n<tr>\n<td>Peso de embalagem (kg)<\/td>\n<td>620<\/td>\n<\/tr>\n<\/tbody>\n<\/table>\n<p><\/p>","protected":false},"excerpt":{"rendered":"<p>Elevador de Coluna 3500Kg Descri\u00e7\u00e3o do produto: Gra\u00e7as ao desenho \u00fanico pensada, o elevador est\u00e1 equipado com as seguintes propriedades \u00fateis: &#8211; min altura de eleva\u00e7\u00e3o de 95 mil\u00edmetros. &#8211; almofadas de suporte ajust\u00e1veis em altura &#8211; suporte autom\u00e1tico bra\u00e7o de bloqueio &#8211; de dois e telesc\u00f3picos tr\u00eas vezes extens\u00edveis bra\u00e7os de apoio &#8211; de [&hellip;]<\/p>\n","protected":false},"featured_media":17042,"comment_status":"closed","ping_status":"closed","template":"","meta":[],"product_brand":[],"product_cat":[5774],"product_tag":[],"class_list":{"0":"post-17041","1":"product","2":"type-product","3":"status-publish","4":"has-post-thumbnail","6":"product_cat-elevadores-de-colunas","7":"product_shipping_class-maquinas-medias","9":"first","10":"onbackorder","11":"taxable","12":"shipping-taxable","13":"purchasable","14":"product-type-simple"},"_links":{"self":[{"href":"https:\/\/occasionmachines.com\/pt\/wp-json\/wp\/v2\/product\/17041","targetHints":{"allow":["GET"]}}],"collection":[{"href":"https:\/\/occasionmachines.com\/pt\/wp-json\/wp\/v2\/product"}],"about":[{"href":"https:\/\/occasionmachines.com\/pt\/wp-json\/wp\/v2\/types\/product"}],"replies":[{"embeddable":true,"href":"https:\/\/occasionmachines.com\/pt\/wp-json\/wp\/v2\/comments?post=17041"}],"wp:featuredmedia":[{"embeddable":true,"href":"https:\/\/occasionmachines.com\/pt\/wp-json\/wp\/v2\/media\/17042"}],"wp:attachment":[{"href":"https:\/\/occasionmachines.com\/pt\/wp-json\/wp\/v2\/media?parent=17041"}],"wp:term":[{"taxonomy":"product_brand","embeddable":true,"href":"https:\/\/occasionmachines.com\/pt\/wp-json\/wp\/v2\/product_brand?post=17041"},{"taxonomy":"product_cat","embeddable":true,"href":"https:\/\/occasionmachines.com\/pt\/wp-json\/wp\/v2\/product_cat?post=17041"},{"taxonomy":"product_tag","embeddable":true,"href":"https:\/\/occasionmachines.com\/pt\/wp-json\/wp\/v2\/product_tag?post=17041"}],"curies":[{"name":"wp","href":"https:\/\/api.w.org\/{rel}","templated":true}]}}