{"id":17045,"date":"2018-12-12T17:14:32","date_gmt":"2018-12-12T17:14:32","guid":{"rendered":"http:\/\/occasionmachines.com\/?post_type=product&#038;p=17045"},"modified":"2025-05-27T10:54:02","modified_gmt":"2025-05-27T09:54:02","slug":"elevador-de-duas-colunas-3500-kg-400-v","status":"publish","type":"product","link":"https:\/\/occasionmachines.com\/pt\/produto\/elevador-de-duas-colunas-3500-kg-400-v\/","title":{"rendered":"Elevador de duas colunas 3500 kg 400 V"},"content":{"rendered":"<p>Elevador de duas colunas 3500 kg 400 V<\/p>\n<p>Descri\u00e7\u00e3o do produto<\/p>\n<p>Gra\u00e7as ao desenho \u00fanico pensada, a ponte est\u00e1 equipada com as seguintes propriedades \u00fateis:<\/p>\n<p>&#8211; min altura de eleva\u00e7\u00e3o de 95 mil\u00edmetros.<br \/>\n&#8211; almofadas de suporte ajust\u00e1veis em altura<br \/>\n&#8211; suporte autom\u00e1tico bra\u00e7o de bloqueio<br \/>\n&#8211; de dois e telesc\u00f3picos tr\u00eas vezes extens\u00edveis bra\u00e7os de apoio<br \/>\n&#8211; de bloqueio el\u00e9ctrico inteiramente autom\u00e1tica<br \/>\n&#8211; proteger coluna interna<br \/>\n&#8211; controle s\u00edncrono de cabo de a\u00e7o<br \/>\n&#8211; qualidade bomba hidr\u00e1ulica com aletas de refrigera\u00e7\u00e3o<br \/>\n&#8211; reservat\u00f3rio de \u00f3leo transparente com n\u00edvel de \u00f3leo<br \/>\n&#8211; robustas colunas feitas de a\u00e7o laminado<br \/>\n&#8211; protector porta borracha paragem<br \/>\n&#8211; cilindro hidr\u00e1ulico em ambos os lados<br \/>\n&#8211; incl protec\u00e7\u00e3o do p\u00e9 de sinal protec\u00e7\u00e3o ac\u00fastica.<br \/>\n&#8211; extremamente baixo limiar de 40 mm<br \/>\n&#8211; controlo homem-morto, no levantamento e abaixamento<br \/>\n&#8211; protec\u00e7\u00e3o autom\u00e1tica contra sobrecarga<br \/>\n&#8211; sa\u00edda para alcan\u00e7ar a posi\u00e7\u00e3o de topo<br \/>\n&#8211; 12x pesada m18 parafusos<br \/>\n&#8211; Manual de linguagem NED incluindo protocolo de manuten\u00e7\u00e3o e certificado CE 2006\/42 \/ CE<br \/>\n&#8211; est\u00e1 em conformidade com BS EN1493 padr\u00e3o de seguran\u00e7a<\/p>\n<p>especifica\u00e7\u00f5es t\u00e9cnicas:<br \/>\n&#8211; capacidade de 3.500 kg =<br \/>\n&#8211; = tens\u00e3o de 400V<br \/>\n&#8211; pot\u00eancia do motor = 2,2 kW<br \/>\n. &#8211; min grava\u00e7\u00e3o height = 100 mil\u00edmetros<br \/>\n&#8211; altura m\u00e1xima de eleva\u00e7\u00e3o = 1850 mm<br \/>\n&#8211; tempo de eleva\u00e7\u00e3o = 40s<br \/>\n&#8211; gama de bra\u00e7os de eleva\u00e7\u00e3o curtos = 620 &#8211; 890mm<br \/>\n&#8211; bra\u00e7os de eleva\u00e7\u00e3o longos = 790 &#8211; 1570mm<br \/>\n&#8211; dist\u00e2ncia entre as colunas = 2815mm<br \/>\n&#8211; altura das colunas = 2806mm<br \/>\n&#8211; peso = 610kg<\/p>\n<table class=\"table spec-table table-bordered\">\n<thead>\n<tr>\n<td colspan=\"2\"><strong>Dimens\u00f5es de embalagem<\/strong><\/td>\n<\/tr>\n<\/thead>\n<tbody>\n<tr>\n<td>Comprimento da embalagem (mm)<\/td>\n<td>2890<\/td>\n<\/tr>\n<tr>\n<td>Largura da embalagem (mm)<\/td>\n<td>500<\/td>\n<\/tr>\n<tr>\n<td>Altura de embalagem (mm)<\/td>\n<td>720<\/td>\n<\/tr>\n<tr>\n<td>Peso de embalagem (kg)<\/td>\n<td>620<\/td>\n<\/tr>\n<\/tbody>\n<\/table>\n<p><\/p>","protected":false},"excerpt":{"rendered":"<p>Elevador de duas colunas 3500 kg 400 V Descri\u00e7\u00e3o do produto Gra\u00e7as ao desenho \u00fanico pensada, a ponte est\u00e1 equipada com as seguintes propriedades \u00fateis: &#8211; min altura de eleva\u00e7\u00e3o de 95 mil\u00edmetros. &#8211; almofadas de suporte ajust\u00e1veis em altura &#8211; suporte autom\u00e1tico bra\u00e7o de bloqueio &#8211; de dois e telesc\u00f3picos tr\u00eas vezes extens\u00edveis bra\u00e7os [&hellip;]<\/p>\n","protected":false},"featured_media":17042,"comment_status":"closed","ping_status":"closed","template":"","meta":[],"product_brand":[],"product_cat":[5774],"product_tag":[],"class_list":{"0":"post-17045","1":"product","2":"type-product","3":"status-publish","4":"has-post-thumbnail","6":"product_cat-elevadores-de-colunas","7":"product_shipping_class-maquinas-medias","9":"first","10":"onbackorder","11":"taxable","12":"shipping-taxable","13":"purchasable","14":"product-type-simple"},"_links":{"self":[{"href":"https:\/\/occasionmachines.com\/pt\/wp-json\/wp\/v2\/product\/17045","targetHints":{"allow":["GET"]}}],"collection":[{"href":"https:\/\/occasionmachines.com\/pt\/wp-json\/wp\/v2\/product"}],"about":[{"href":"https:\/\/occasionmachines.com\/pt\/wp-json\/wp\/v2\/types\/product"}],"replies":[{"embeddable":true,"href":"https:\/\/occasionmachines.com\/pt\/wp-json\/wp\/v2\/comments?post=17045"}],"wp:featuredmedia":[{"embeddable":true,"href":"https:\/\/occasionmachines.com\/pt\/wp-json\/wp\/v2\/media\/17042"}],"wp:attachment":[{"href":"https:\/\/occasionmachines.com\/pt\/wp-json\/wp\/v2\/media?parent=17045"}],"wp:term":[{"taxonomy":"product_brand","embeddable":true,"href":"https:\/\/occasionmachines.com\/pt\/wp-json\/wp\/v2\/product_brand?post=17045"},{"taxonomy":"product_cat","embeddable":true,"href":"https:\/\/occasionmachines.com\/pt\/wp-json\/wp\/v2\/product_cat?post=17045"},{"taxonomy":"product_tag","embeddable":true,"href":"https:\/\/occasionmachines.com\/pt\/wp-json\/wp\/v2\/product_tag?post=17045"}],"curies":[{"name":"wp","href":"https:\/\/api.w.org\/{rel}","templated":true}]}}