{"id":17068,"date":"2018-12-12T17:25:05","date_gmt":"2018-12-12T17:25:05","guid":{"rendered":"http:\/\/occasionmachines.com\/?post_type=product&#038;p=17068"},"modified":"2025-05-27T10:53:43","modified_gmt":"2025-05-27T09:53:43","slug":"elevador-de-colunas-3500kg-230v","status":"publish","type":"product","link":"https:\/\/occasionmachines.com\/pt\/produto\/elevador-de-colunas-3500kg-230v\/","title":{"rendered":"Elevador de Colunas 3500Kg 230V"},"content":{"rendered":"<p>Elevador de Colunas 3500Kg 230V<\/p>\n<p>Descri\u00e7\u00e3o do Produto:<\/p>\n<p>Gra\u00e7as ao design bem pensado, este elevador \u00e9 o modelo de entrada ideal para elevar ve\u00edculos pequenos a grandes.<\/p>\n<p>&#8211; min altura de eleva\u00e7\u00e3o de 90 mil\u00edmetros.<br \/>\n&#8211; almofadas de altura regul\u00e1vel de suporte<br \/>\n&#8211; autom\u00e1tica de bloqueio bra\u00e7o de suporte<br \/>\n&#8211; telesc\u00f3pica de duas vezes extens\u00edveis bra\u00e7os de apoio<br \/>\n&#8211; de travamento mec\u00e2nico autom\u00e1tico, de liberta\u00e7\u00e3o manual<br \/>\n&#8211; rastreio tamp\u00e3o coluna interna<br \/>\n&#8211; SWR de comando de sincroniza\u00e7\u00e3o de sincroniza\u00e7\u00e3o<br \/>\n&#8211; bomba hidr\u00e1ulica qualidade<br \/>\n&#8211; robustas colunas feitas de a\u00e7o laminado<br \/>\n&#8211; protetor de porta de borracha batente<br \/>\n&#8211; cilindro hidr\u00e1ulico em ambos os lados<br \/>\n&#8211; prote\u00e7\u00e3o dos p\u00e9s em cada bra\u00e7o<br \/>\n&#8211; extremamente baixo limiar de 40 mm<br \/>\n&#8211; opera\u00e7\u00e3o de homem morto quando levantar e abaixar<br \/>\n&#8211; prote\u00e7\u00e3o contra sobrecarga autom\u00e1tica<br \/>\ninterruptor de limite de altura &#8211;<br \/>\n&#8211; Manual de linguagem NED incluindo protocolo de manuten\u00e7\u00e3o e certificado CE 2006\/42 \/ CE<br \/>\n&#8211; cumpre a norma de seguran\u00e7a BS EN1493<\/p>\n<p>especifica\u00e7\u00f5es t\u00e9cnicas:<br \/>\n&#8211; capacidade = 3,500 kg<br \/>\n&#8211; = tens\u00e3o de 230V<br \/>\n&#8211; motor poder = 2,2 kW<br \/>\n&#8211; min altura de grava\u00e7\u00e3o = 90 mil\u00edmetros.<br \/>\n&#8211; altura m\u00e1xima de eleva\u00e7\u00e3o = 1.850 mil\u00edmetros.<br \/>\n&#8211; hefduur = 55sec<br \/>\n&#8211; alavancas de curto alcance = 540 &#8211; 810 mil\u00edmetros<br \/>\n&#8211; alcance bra\u00e7os de eleva\u00e7\u00e3o longos = 770 &#8211; 1260mm<br \/>\n&#8211; dist\u00e2ncia entre as colunas = 2815 mm<br \/>\n&#8211; altura das colunas = 2850 mm<br \/>\n&#8211; peso = 610 kg<\/p>\n<table class=\"table spec-table table-bordered\">\n<thead>\n<tr>\n<td colspan=\"2\"><strong>Dimens\u00f5es do produto<\/strong><\/td>\n<\/tr>\n<\/thead>\n<tbody>\n<tr>\n<td>Comprimento do produto (mm)<\/td>\n<td>3440<\/td>\n<\/tr>\n<tr>\n<td>Largura do produto (mm)<\/td>\n<td>700<\/td>\n<\/tr>\n<tr>\n<td>Altura do produto (mm)<\/td>\n<td>2850<\/td>\n<\/tr>\n<tr>\n<td>Peso do produto (kg)<\/td>\n<td>610<\/td>\n<\/tr>\n<\/tbody>\n<thead>\n<tr>\n<td colspan=\"2\"><strong>Dimens\u00f5es de embalagem<\/strong><\/td>\n<\/tr>\n<\/thead>\n<tbody>\n<tr>\n<td>Comprimento da embalagem (mm)<\/td>\n<td>3000<\/td>\n<\/tr>\n<tr>\n<td>Largura da embalagem (mm)<\/td>\n<td>470<\/td>\n<\/tr>\n<tr>\n<td>Altura de embalagem (mm)<\/td>\n<td>825<\/td>\n<\/tr>\n<tr>\n<td>Peso de embalagem (kg)<\/td>\n<td>650<\/td>\n<\/tr>\n<\/tbody>\n<\/table>\n<p>&nbsp;<\/p>","protected":false},"excerpt":{"rendered":"<p>Elevador de Colunas 3500Kg 230V Descri\u00e7\u00e3o do Produto: Gra\u00e7as ao design bem pensado, este elevador \u00e9 o modelo de entrada ideal para elevar ve\u00edculos pequenos a grandes. &#8211; min altura de eleva\u00e7\u00e3o de 90 mil\u00edmetros. &#8211; almofadas de altura regul\u00e1vel de suporte &#8211; autom\u00e1tica de bloqueio bra\u00e7o de suporte &#8211; telesc\u00f3pica de duas vezes extens\u00edveis [&hellip;]<\/p>\n","protected":false},"featured_media":17069,"comment_status":"closed","ping_status":"closed","template":"","meta":[],"product_brand":[],"product_cat":[5774],"product_tag":[],"class_list":{"0":"post-17068","1":"product","2":"type-product","3":"status-publish","4":"has-post-thumbnail","6":"product_cat-elevadores-de-colunas","7":"product_shipping_class-maquinas-medias","9":"first","10":"onbackorder","11":"taxable","12":"shipping-taxable","13":"purchasable","14":"product-type-simple"},"_links":{"self":[{"href":"https:\/\/occasionmachines.com\/pt\/wp-json\/wp\/v2\/product\/17068","targetHints":{"allow":["GET"]}}],"collection":[{"href":"https:\/\/occasionmachines.com\/pt\/wp-json\/wp\/v2\/product"}],"about":[{"href":"https:\/\/occasionmachines.com\/pt\/wp-json\/wp\/v2\/types\/product"}],"replies":[{"embeddable":true,"href":"https:\/\/occasionmachines.com\/pt\/wp-json\/wp\/v2\/comments?post=17068"}],"wp:featuredmedia":[{"embeddable":true,"href":"https:\/\/occasionmachines.com\/pt\/wp-json\/wp\/v2\/media\/17069"}],"wp:attachment":[{"href":"https:\/\/occasionmachines.com\/pt\/wp-json\/wp\/v2\/media?parent=17068"}],"wp:term":[{"taxonomy":"product_brand","embeddable":true,"href":"https:\/\/occasionmachines.com\/pt\/wp-json\/wp\/v2\/product_brand?post=17068"},{"taxonomy":"product_cat","embeddable":true,"href":"https:\/\/occasionmachines.com\/pt\/wp-json\/wp\/v2\/product_cat?post=17068"},{"taxonomy":"product_tag","embeddable":true,"href":"https:\/\/occasionmachines.com\/pt\/wp-json\/wp\/v2\/product_tag?post=17068"}],"curies":[{"name":"wp","href":"https:\/\/api.w.org\/{rel}","templated":true}]}}