{"id":18319,"date":"2018-12-28T06:44:00","date_gmt":"2018-12-28T06:44:00","guid":{"rendered":"https:\/\/occasionmachines.com\/produto\/alca-de-elevacao-aberta-5t-5m\/"},"modified":"2024-05-15T17:55:36","modified_gmt":"2024-05-15T16:55:36","slug":"alca-de-elevacao-aberta-5t-5m","status":"publish","type":"product","link":"https:\/\/occasionmachines.com\/pt\/produto\/alca-de-elevacao-aberta-5t-5m\/","title":{"rendered":"Al\u00e7a de Eleva\u00e7\u00e3o Aberta 5t 5m"},"content":{"rendered":"<p><!-- show up to 2 reviews by default --><\/p>\n<p>O companheiro ideal quando se trata de levantar, segurar, puxar para tr\u00e1s e montanhas em canteiros de obras, offroad, em \u00e1reas florestais e agr\u00edcolas ao redor da casa, no quintal e hobby.<br \/>\nVoc\u00ea pode ter certeza, eficiente e rent\u00e1vel.<br \/>\n<strong><br \/>\nCaracter\u00edsticas:<\/strong><\/p>\n<ul>\n<li>Fabricado de acordo com EN 1492-1: 2000 + A1: 2008<\/li>\n<li>Material: PES (poli\u00e9ster)<\/li>\n<li>Cor: vermelho<\/li>\n<li>Peso m\u00e1ximo suportado: 5 toneladas \/ 5000 kg<\/li>\n<li>Largura da cinta: 150 mm<\/li>\n<li>Comprimento total: 5 m<\/li>\n<li>Dimens\u00f5es enroladas L x L x A: 51X15X14 cm<\/li>\n<li>Peso: 4,84 kg<\/li>\n<\/ul>\n<p>Excelente qualidade<br \/>\nMaterial de base de alta qualidade<br \/>\nLa\u00e7os finais refor\u00e7ados<br \/>\nCor e com tira N\u00famero de dar qualquer informa\u00e7\u00e3o sobre a capacidade<\/p>","protected":false},"excerpt":{"rendered":"<p>Exclusivo online<\/p>\n","protected":false},"featured_media":18316,"comment_status":"open","ping_status":"closed","template":"","meta":[],"product_brand":[],"product_cat":[6132],"product_tag":[6461],"class_list":{"0":"post-18319","1":"product","2":"type-product","3":"status-publish","4":"has-post-thumbnail","6":"product_cat-cintas-de-elevacao","7":"product_tag-alca-de-elevacao-aberta-5t-5m","9":"first","10":"onbackorder","11":"taxable","12":"shipping-taxable","13":"purchasable","14":"product-type-simple"},"_links":{"self":[{"href":"https:\/\/occasionmachines.com\/pt\/wp-json\/wp\/v2\/product\/18319","targetHints":{"allow":["GET"]}}],"collection":[{"href":"https:\/\/occasionmachines.com\/pt\/wp-json\/wp\/v2\/product"}],"about":[{"href":"https:\/\/occasionmachines.com\/pt\/wp-json\/wp\/v2\/types\/product"}],"replies":[{"embeddable":true,"href":"https:\/\/occasionmachines.com\/pt\/wp-json\/wp\/v2\/comments?post=18319"}],"wp:featuredmedia":[{"embeddable":true,"href":"https:\/\/occasionmachines.com\/pt\/wp-json\/wp\/v2\/media\/18316"}],"wp:attachment":[{"href":"https:\/\/occasionmachines.com\/pt\/wp-json\/wp\/v2\/media?parent=18319"}],"wp:term":[{"taxonomy":"product_brand","embeddable":true,"href":"https:\/\/occasionmachines.com\/pt\/wp-json\/wp\/v2\/product_brand?post=18319"},{"taxonomy":"product_cat","embeddable":true,"href":"https:\/\/occasionmachines.com\/pt\/wp-json\/wp\/v2\/product_cat?post=18319"},{"taxonomy":"product_tag","embeddable":true,"href":"https:\/\/occasionmachines.com\/pt\/wp-json\/wp\/v2\/product_tag?post=18319"}],"curies":[{"name":"wp","href":"https:\/\/api.w.org\/{rel}","templated":true}]}}