{"id":19750,"date":"2019-01-24T23:38:07","date_gmt":"2019-01-24T23:38:07","guid":{"rendered":"https:\/\/occasionmachines.com\/produto\/carro-de-ferramentas-com-220-pecas\/"},"modified":"2022-01-25T09:05:18","modified_gmt":"2022-01-25T09:05:18","slug":"carro-de-ferramentas-com-220-pecas","status":"publish","type":"product","link":"https:\/\/occasionmachines.com\/pt\/produto\/carro-de-ferramentas-com-220-pecas\/","title":{"rendered":"Carro de Ferramentas com 220 pe\u00e7as"},"content":{"rendered":"<p>Trole de oficina com ferramentas de 220 pe\u00e7as para aqueles de voc\u00eas que est\u00e3o perto da boa ferramenta tamb\u00e9m \u00eanfase no armazenamento adequado.<\/p>\n<p>Alta ergonomia, desempenho e confiabilidade e oferece um novo carrinho de oficina. As ferramentas manuais inclu\u00eddas complementam a impress\u00e3o j\u00e1 positiva de uma maneira impressionante.<\/p>\n<p>Isto \u00e9, limpo e sistema de entrada de PVC arrumado. Isso significa que voc\u00ea pode manter tudo ao seu alcance no seu campo de vis\u00e3o, ou perceber\u00e1 imediatamente quando uma ferramenta deve ficar sem ela.<\/p>\n<p>De repente, trabalhando para dobrar a divers\u00e3o &#8211; e tudo isso a um pre\u00e7o muito atraente agora.<\/p>\n<p><strong>Carater\u00edsticas:<\/strong><\/p>\n<ul>\n<li>Rodas &#8211; 30 cm<\/li>\n<li>Corpo: preto \/ vermelho<\/li>\n<li>Cor RAL: vermelho: 3002<\/li>\n<li>Prateleira superior: 48X38X3 \/ 10x6x3 \/ Oval 13x6x3 \/ \u00d87X3 cm<\/li>\n<li>Dimens\u00f5es utiliz\u00e1veis das gavetas 5 pe\u00e7as lxd xh: 52&#215;39,5&#215;6 cm<\/li>\n<li>Dimens\u00f5es \u00dateis (as gavetas grandes W x D x H): 52&#215;39,5&#215;14 cm<\/li>\n<li>Total &#8211; Dimens\u00f5es exteriores L x L x A: 78X46X98 cm<\/li>\n<li>Peso: 70,5 kg<\/li>\n<\/ul>\n<p>Trole da ferramenta de projeto:<\/p>\n<p>P\u00f3 revestido de alta qualidade<\/p>\n<p>Perna cheia<\/p>\n<p>Puxador ergon\u00f4mico<\/p>\n<p>Prote\u00e7\u00e3o de borda<\/p>\n<p>Grande espa\u00e7o de armazenamento no topo<\/p>\n<p>Pequenos compartimentos na parte superior<\/p>\n<p>Tamb\u00e9m gavetas &#8211; Fechaduras de seguran\u00e7a de gaveta (durante a condu\u00e7\u00e3o com o carrinho permanecer nos compartimentos sempre fi\u00e1veis quando fechado)<\/p>\n<p>A base mant\u00e9m as toalhas de papel fora dos freios do contador. Ambas as rodas podem ser travadas no lugar<\/p>\n<p>Central &#8211; mecanismo de travamento<\/p>\n<p>Al\u00e7as com espa\u00e7o para rotulagem<\/p>\n<p>Design: app gra\u00e7as ao a\u00e7o de cromo van\u00e1dio de alta qualidade<\/p>\n<p>Placas de metal perfuradas em ambos os lados &#8211; Adequado para uso com nossos conjuntos de gancho (dispon\u00edvel opcional). Para ferramenta e material adicionais<\/p>\n<p>1 totalmente estendido:<\/p>\n<p>Chave catraca com dentes finos 1\/2, 25 cm de comprimento<\/p>\n<p>Chave catraca\u00a0com dentes finos 3\/8 Comprimento &#8211; 8 polegadas<\/p>\n<p>Ratos<\/p>\n<p>&nbsp;<\/p>","protected":false},"excerpt":{"rendered":"<p>\u25cf Exclusivo online<\/p>\n","protected":false},"featured_media":19744,"comment_status":"open","ping_status":"closed","template":"","meta":[],"product_brand":[],"product_cat":[4920],"product_tag":[6087,6049,5796,5663,5619,1568,6050],"class_list":{"0":"post-19750","1":"product","2":"type-product","3":"status-publish","4":"has-post-thumbnail","6":"product_cat-carrinhos-de-ferramentas","7":"product_tag-6087","8":"product_tag-as","9":"product_tag-carro","10":"product_tag-com","11":"product_tag-de","12":"product_tag-ferramentas","13":"product_tag-pe","15":"first","16":"onbackorder","17":"taxable","18":"shipping-taxable","19":"purchasable","20":"product-type-simple"},"_links":{"self":[{"href":"https:\/\/occasionmachines.com\/pt\/wp-json\/wp\/v2\/product\/19750","targetHints":{"allow":["GET"]}}],"collection":[{"href":"https:\/\/occasionmachines.com\/pt\/wp-json\/wp\/v2\/product"}],"about":[{"href":"https:\/\/occasionmachines.com\/pt\/wp-json\/wp\/v2\/types\/product"}],"replies":[{"embeddable":true,"href":"https:\/\/occasionmachines.com\/pt\/wp-json\/wp\/v2\/comments?post=19750"}],"wp:featuredmedia":[{"embeddable":true,"href":"https:\/\/occasionmachines.com\/pt\/wp-json\/wp\/v2\/media\/19744"}],"wp:attachment":[{"href":"https:\/\/occasionmachines.com\/pt\/wp-json\/wp\/v2\/media?parent=19750"}],"wp:term":[{"taxonomy":"product_brand","embeddable":true,"href":"https:\/\/occasionmachines.com\/pt\/wp-json\/wp\/v2\/product_brand?post=19750"},{"taxonomy":"product_cat","embeddable":true,"href":"https:\/\/occasionmachines.com\/pt\/wp-json\/wp\/v2\/product_cat?post=19750"},{"taxonomy":"product_tag","embeddable":true,"href":"https:\/\/occasionmachines.com\/pt\/wp-json\/wp\/v2\/product_tag?post=19750"}],"curies":[{"name":"wp","href":"https:\/\/api.w.org\/{rel}","templated":true}]}}