{"id":20053,"date":"2019-02-04T12:16:51","date_gmt":"2019-02-04T12:16:51","guid":{"rendered":"https:\/\/occasionmachines.com\/?post_type=product&#038;p=20053"},"modified":"2025-05-27T10:50:55","modified_gmt":"2025-05-27T09:50:55","slug":"avanco-rapido-para-fresadora","status":"publish","type":"product","link":"https:\/\/occasionmachines.com\/pt\/produto\/avanco-rapido-para-fresadora\/","title":{"rendered":"Avan\u00e7o r\u00e1pido para fresadora"},"content":{"rendered":"<p><\/p>\n<div class=\"row\">\n<div class=\"col-sm-7 col-sm-pull-5 no-padding-left\">\n<p class=\"lead words\">Avan\u00e7o r\u00e1pido para fresadora Novo<\/p>\n<p>Avan\u00e7o motorizado universal Standart eixo X<\/p>\n<p>Para a maior parte das marcas de Fresadoras tais como: Bridgeport, holke, Kondia, Anayak etc<\/p>\n<p>Mais informa\u00e7\u00f5es contacte enviamos pra todo o pa\u00eds<\/p>\n<\/div>\n<\/div>\n<div class=\"hidden-xs\">\n<div class=\"row no-margin\">\n<div class=\"col-md-12 no-padding-lg no-padding-md\"><\/div>\n<\/div>\n<\/div>\n<p><\/p>","protected":false},"excerpt":{"rendered":"<p>Avan\u00e7o r\u00e1pido para fresadora Novo Avan\u00e7o motorizado universal Standart eixo X Para a maior parte das marcas de Fresadoras tais como: Bridgeport, holke, Kondia, Anayak etc Mais informa\u00e7\u00f5es contacte enviamos pra todo o pa\u00eds<\/p>\n","protected":false},"featured_media":20054,"comment_status":"closed","ping_status":"closed","template":"","meta":[],"product_brand":[],"product_cat":[1432,2672],"product_tag":[],"class_list":{"0":"post-20053","1":"product","2":"type-product","3":"status-publish","4":"has-post-thumbnail","6":"product_cat-ferramentas","7":"product_cat-fresadoras","8":"product_shipping_class-ferramentas-medias","10":"first","11":"onbackorder","12":"taxable","13":"shipping-taxable","14":"purchasable","15":"product-type-simple"},"_links":{"self":[{"href":"https:\/\/occasionmachines.com\/pt\/wp-json\/wp\/v2\/product\/20053","targetHints":{"allow":["GET"]}}],"collection":[{"href":"https:\/\/occasionmachines.com\/pt\/wp-json\/wp\/v2\/product"}],"about":[{"href":"https:\/\/occasionmachines.com\/pt\/wp-json\/wp\/v2\/types\/product"}],"replies":[{"embeddable":true,"href":"https:\/\/occasionmachines.com\/pt\/wp-json\/wp\/v2\/comments?post=20053"}],"wp:featuredmedia":[{"embeddable":true,"href":"https:\/\/occasionmachines.com\/pt\/wp-json\/wp\/v2\/media\/20054"}],"wp:attachment":[{"href":"https:\/\/occasionmachines.com\/pt\/wp-json\/wp\/v2\/media?parent=20053"}],"wp:term":[{"taxonomy":"product_brand","embeddable":true,"href":"https:\/\/occasionmachines.com\/pt\/wp-json\/wp\/v2\/product_brand?post=20053"},{"taxonomy":"product_cat","embeddable":true,"href":"https:\/\/occasionmachines.com\/pt\/wp-json\/wp\/v2\/product_cat?post=20053"},{"taxonomy":"product_tag","embeddable":true,"href":"https:\/\/occasionmachines.com\/pt\/wp-json\/wp\/v2\/product_tag?post=20053"}],"curies":[{"name":"wp","href":"https:\/\/api.w.org\/{rel}","templated":true}]}}