{"id":20167,"date":"2019-02-07T19:16:07","date_gmt":"2019-02-07T19:16:07","guid":{"rendered":"https:\/\/occasionmachines.com\/?post_type=product&#038;p=20167"},"modified":"2024-11-12T10:56:23","modified_gmt":"2024-11-12T10:56:23","slug":"guincho-hidraulico-24v-9072kg","status":"publish","type":"product","link":"https:\/\/occasionmachines.com\/pt\/produto\/guincho-hidraulico-24v-9072kg\/","title":{"rendered":"Guincho hidr\u00e1ulico 24V 9027kg"},"content":{"rendered":"<p>Guincho Hidr\u00e1ulico\u00a0\/ Carro guincho \/ amortecedor de guincho<\/p>\n<p>especifica\u00e7\u00f5es t\u00e9cnicas:<br \/>\n&#8211; \u00e0 trac\u00e7\u00e3o = 9027 kg \/ 20000 lbs<br \/>\n&#8211; consumo do motor = 125 ml \/ r<br \/>\n&#8211; fluxo de \u00f3leo = 5 ~ 45L \/ min<br \/>\n&#8211; press\u00e3o = 145 bar<br \/>\n&#8211; redu\u00e7\u00e3o alta velocidade = 6: 1<br \/>\n&#8211; Redu\u00e7\u00e3o baixa velocidade = 39: 1<br \/>\n&#8211; cabo ( dia x L) = 14 mm x 32 mm<br \/>\n&#8211; tamanho do tambor = 138 mm x 226 mm<\/p>\n<table class=\"table spec-table table-bordered\">\n<thead>\n<tr>\n<td colspan=\"2\"><strong>Dimens\u00f5es do produto<\/strong><\/td>\n<\/tr>\n<\/thead>\n<tbody>\n<tr>\n<td>Comprimento do produto (mm)<\/td>\n<td>702,0<\/td>\n<\/tr>\n<tr>\n<td>Largura do produto (mm)<\/td>\n<td>390,0<\/td>\n<\/tr>\n<tr>\n<td>Altura do produto (mm)<\/td>\n<td>320,0<\/td>\n<\/tr>\n<tr>\n<td>Peso do produto (kg)<\/td>\n<td>143,0<\/td>\n<\/tr>\n<\/tbody>\n<thead>\n<tr>\n<td colspan=\"2\"><strong>Dimens\u00f5es de embalagem<\/strong><\/td>\n<\/tr>\n<\/thead>\n<tbody>\n<tr>\n<td>Comprimento da embalagem (mm)<\/td>\n<td>1050<\/td>\n<\/tr>\n<tr>\n<td>Largura da embalagem (mm)<\/td>\n<td>530<\/td>\n<\/tr>\n<tr>\n<td>Altura de embalagem (mm)<\/td>\n<td>550<\/td>\n<\/tr>\n<tr>\n<td>Peso embalagem (kg)<\/td>\n<td>150<\/td>\n<\/tr>\n<\/tbody>\n<\/table>\n<p><\/p>","protected":false},"excerpt":{"rendered":"<p>Guincho Hidr\u00e1ulico\u00a0\/ Carro guincho \/ amortecedor de guincho especifica\u00e7\u00f5es t\u00e9cnicas: &#8211; \u00e0 trac\u00e7\u00e3o = 9027 kg \/ 20000 lbs &#8211; consumo do motor = 125 ml \/ r &#8211; fluxo de \u00f3leo = 5 ~ 45L \/ min &#8211; press\u00e3o = 145 bar &#8211; redu\u00e7\u00e3o alta velocidade = 6: 1 &#8211; Redu\u00e7\u00e3o baixa velocidade = [&hellip;]<\/p>\n","protected":false},"featured_media":20168,"comment_status":"closed","ping_status":"closed","template":"","meta":[],"product_brand":[],"product_cat":[6524],"product_tag":[],"class_list":{"0":"post-20167","1":"product","2":"type-product","3":"status-publish","4":"has-post-thumbnail","6":"product_cat-guinchos-hidraulicos","7":"product_shipping_class-ferramentas-grandes","9":"first","10":"onbackorder","11":"taxable","12":"shipping-taxable","13":"purchasable","14":"product-type-simple"},"_links":{"self":[{"href":"https:\/\/occasionmachines.com\/pt\/wp-json\/wp\/v2\/product\/20167","targetHints":{"allow":["GET"]}}],"collection":[{"href":"https:\/\/occasionmachines.com\/pt\/wp-json\/wp\/v2\/product"}],"about":[{"href":"https:\/\/occasionmachines.com\/pt\/wp-json\/wp\/v2\/types\/product"}],"replies":[{"embeddable":true,"href":"https:\/\/occasionmachines.com\/pt\/wp-json\/wp\/v2\/comments?post=20167"}],"wp:featuredmedia":[{"embeddable":true,"href":"https:\/\/occasionmachines.com\/pt\/wp-json\/wp\/v2\/media\/20168"}],"wp:attachment":[{"href":"https:\/\/occasionmachines.com\/pt\/wp-json\/wp\/v2\/media?parent=20167"}],"wp:term":[{"taxonomy":"product_brand","embeddable":true,"href":"https:\/\/occasionmachines.com\/pt\/wp-json\/wp\/v2\/product_brand?post=20167"},{"taxonomy":"product_cat","embeddable":true,"href":"https:\/\/occasionmachines.com\/pt\/wp-json\/wp\/v2\/product_cat?post=20167"},{"taxonomy":"product_tag","embeddable":true,"href":"https:\/\/occasionmachines.com\/pt\/wp-json\/wp\/v2\/product_tag?post=20167"}],"curies":[{"name":"wp","href":"https:\/\/api.w.org\/{rel}","templated":true}]}}