{"id":21123,"date":"2019-02-21T23:19:06","date_gmt":"2019-02-21T23:19:06","guid":{"rendered":"https:\/\/occasionmachines.com\/?post_type=product&#038;p=21123"},"modified":"2025-05-27T10:49:25","modified_gmt":"2025-05-27T09:49:25","slug":"gerador-a-diesel-silencioso-230v-400v-6kva","status":"publish","type":"product","link":"https:\/\/occasionmachines.com\/pt\/produto\/gerador-a-diesel-silencioso-230v-400v-6kva\/","title":{"rendered":"Gerador a diesel silencioso 230V \/ 400V 6kVA"},"content":{"rendered":"<p>Grupo gerador a diesel silencioso \/ silencioso tipo aberto.<br \/>\nEste gerador a diesel \u00e9 equipado com um dispositivo de prote\u00e7\u00e3o contra \u00f3leo. Isso evita danos ao motor. Quando o n\u00edvel de \u00f3leo est\u00e1 muito baixo, o motor \u00e9 desligado automaticamente. Uma luz vermelha tamb\u00e9m piscar\u00e1 no painel de controle.<\/p>\n<p>Dados t\u00e9cnicos:<br \/>\n&#8211; Frequ\u00eancia = 50Hz<br \/>\n&#8211; capacidade 400V =<br \/>\n&#8211; = sa\u00edda DC 12V \/ 8.3A<br \/>\n&#8211; pot\u00eancia nominal = 5.0 kW<br \/>\n&#8211; m\u00e1xima pot\u00eancia = 5,5 kW<br \/>\n&#8211; corrente nominal 7.2a =<br \/>\n&#8211; = 16L tanque<br \/>\n418cc cilindro = &#8211;<br \/>\n&#8211; = iso 9001<br \/>\n&#8211; start el\u00e9trico<\/p>\n<p>Fun\u00e7\u00f5es padr\u00e3o:<br \/>\n&#8211; volt\u00edmetro<br \/>\n&#8211; luz de advert\u00eancia de<br \/>\n\u00f3leo &#8211; sistema de alerta de \u00f3leo<\/p>","protected":false},"excerpt":{"rendered":"<p>Grupo gerador a diesel silencioso \/ silencioso tipo aberto. Este gerador a diesel \u00e9 equipado com um dispositivo de prote\u00e7\u00e3o contra \u00f3leo. Isso evita danos ao motor. Quando o n\u00edvel de \u00f3leo est\u00e1 muito baixo, o motor \u00e9 desligado automaticamente. Uma luz vermelha tamb\u00e9m piscar\u00e1 no painel de controle. Dados t\u00e9cnicos: &#8211; Frequ\u00eancia = 50Hz [&hellip;]<\/p>\n","protected":false},"featured_media":21128,"comment_status":"closed","ping_status":"closed","template":"","meta":[],"product_brand":[],"product_cat":[4728],"product_tag":[],"class_list":{"0":"post-21123","1":"product","2":"type-product","3":"status-publish","4":"has-post-thumbnail","6":"product_cat-geradores","7":"product_shipping_class-maquinas-pequenas","9":"first","10":"onbackorder","11":"taxable","12":"shipping-taxable","13":"purchasable","14":"product-type-simple"},"_links":{"self":[{"href":"https:\/\/occasionmachines.com\/pt\/wp-json\/wp\/v2\/product\/21123","targetHints":{"allow":["GET"]}}],"collection":[{"href":"https:\/\/occasionmachines.com\/pt\/wp-json\/wp\/v2\/product"}],"about":[{"href":"https:\/\/occasionmachines.com\/pt\/wp-json\/wp\/v2\/types\/product"}],"replies":[{"embeddable":true,"href":"https:\/\/occasionmachines.com\/pt\/wp-json\/wp\/v2\/comments?post=21123"}],"wp:featuredmedia":[{"embeddable":true,"href":"https:\/\/occasionmachines.com\/pt\/wp-json\/wp\/v2\/media\/21128"}],"wp:attachment":[{"href":"https:\/\/occasionmachines.com\/pt\/wp-json\/wp\/v2\/media?parent=21123"}],"wp:term":[{"taxonomy":"product_brand","embeddable":true,"href":"https:\/\/occasionmachines.com\/pt\/wp-json\/wp\/v2\/product_brand?post=21123"},{"taxonomy":"product_cat","embeddable":true,"href":"https:\/\/occasionmachines.com\/pt\/wp-json\/wp\/v2\/product_cat?post=21123"},{"taxonomy":"product_tag","embeddable":true,"href":"https:\/\/occasionmachines.com\/pt\/wp-json\/wp\/v2\/product_tag?post=21123"}],"curies":[{"name":"wp","href":"https:\/\/api.w.org\/{rel}","templated":true}]}}