{"id":21267,"date":"2019-02-27T16:40:46","date_gmt":"2019-02-27T16:40:46","guid":{"rendered":"https:\/\/occasionmachines.com\/?post_type=product&#038;p=21267"},"modified":"2025-05-27T10:47:29","modified_gmt":"2025-05-27T09:47:29","slug":"elevador-de-tesoura-3000kg-230v-f230b","status":"publish","type":"product","link":"https:\/\/occasionmachines.com\/pt\/produto\/elevador-de-tesoura-3000kg-230v-f230b\/","title":{"rendered":"Elevador de Tesoura 3000kg 230V F230B"},"content":{"rendered":"<p>Elevador de Tesoura \u00e9 f\u00e1cil de instalar numa superf\u00edcie rectil\u00ednea gra\u00e7as ao seu s\u00f3lido desenho est\u00e1vel e a instala\u00e7\u00e3o n\u00e3o \u00e9 necess\u00e1ria devido \u00e0 sua constru\u00e7\u00e3o robusta.\u00a0O elevador \u00e9 equipado com cilindros duplos e um intertravamento de seguran\u00e7a el\u00e9trica totalmente automatizado, portanto, voc\u00ea n\u00e3o precisa usar uma conex\u00e3o de compressor \/ ar comprimido.<br \/>\nCada elevador \u00e9 fornecido com um conjunto de rodas como padr\u00e3o, facilitando a movimenta\u00e7\u00e3o da ponte e aproveitando ao m\u00e1ximo seu local de trabalho.<br \/>\nAl\u00e9m disso, o elevador de tesoura m\u00f3vel \u00e9 fornecido com blocos de suporte de borracha e plugue.<br \/>\nO elevador de tesoura \u00e9 equipada com uma prote\u00e7\u00e3o de p\u00e9 por meio de um sinal de prote\u00e7\u00e3o ac\u00fastico<br \/>\nO elevador de tesoura para carro vem de f\u00e1brica com um manual em holand\u00eas, incluindo o protocolo de<br \/>\nmanuten\u00e7\u00e3o e o certificado CE 2006\/42 \/ EG.<br \/>\nO elevador de tesoura est\u00e1 em conformidade com o padr\u00e3o de seguran\u00e7a NEN-EN1493.<\/p>\n<p>Especifica\u00e7\u00f5es t\u00e9cnicas:<br \/>\n&#8211; capacidade = 3000kg<br \/>\n&#8211; tens\u00e3o = 230V<br \/>\n&#8211; pot\u00eancia do motor = 2,2kW<br \/>\n&#8211; m\u00edn Altura de eleva\u00e7\u00e3o = 100mm<br \/>\n&#8211; m\u00e1x Eleva\u00e7\u00e3o = 1000mm<br \/>\n&#8211; travamento = totalmente autom\u00e1tico<br \/>\n&#8211; velocidade de eleva\u00e7\u00e3o = 30-50 segundos<br \/>\n&#8211; tamanho total da plataforma (ou 1 plataforma ) = 2100 x 460 mm<br \/>\n&#8211; tamanho da plataforma fixa (ou 1 plataforma) = 1400 x 460 mm<\/p>\n<p>&nbsp;<\/p>\n<table class=\"table spec-table table-bordered\">\n<thead>\n<tr>\n<td colspan=\"2\"><strong>Dimens\u00f5es do produto<\/strong><\/td>\n<\/tr>\n<\/thead>\n<tbody>\n<tr>\n<td>Comprimento do produto (mm)<\/td>\n<td>2010.0<\/td>\n<\/tr>\n<tr>\n<td>Largura do produto (mm)<\/td>\n<td>1790,0<\/td>\n<\/tr>\n<tr>\n<td>Altura do produto (mm)<\/td>\n<td>1000,0<\/td>\n<\/tr>\n<tr>\n<td>Peso do produto (kg)<\/td>\n<td>540,0<\/td>\n<\/tr>\n<\/tbody>\n<thead>\n<tr>\n<td colspan=\"2\"><strong>Dimens\u00f5es de embalagem<\/strong><\/td>\n<\/tr>\n<\/thead>\n<tbody>\n<tr>\n<td>Comprimento da embalagem (mm)<\/td>\n<td>1810<\/td>\n<\/tr>\n<tr>\n<td>Largura da embalagem (mm)<\/td>\n<td>1500<\/td>\n<\/tr>\n<tr>\n<td>Altura de embalagem (mm)<\/td>\n<td>1290<\/td>\n<\/tr>\n<tr>\n<td>Peso embalagem (kg)<\/td>\n<td>590<\/td>\n<\/tr>\n<\/tbody>\n<\/table>\n<p><\/p>","protected":false},"excerpt":{"rendered":"<p>Elevador de Tesoura \u00e9 f\u00e1cil de instalar numa superf\u00edcie rectil\u00ednea gra\u00e7as ao seu s\u00f3lido desenho est\u00e1vel e a instala\u00e7\u00e3o n\u00e3o \u00e9 necess\u00e1ria devido \u00e0 sua constru\u00e7\u00e3o robusta.\u00a0O elevador \u00e9 equipado com cilindros duplos e um intertravamento de seguran\u00e7a el\u00e9trica totalmente automatizado, portanto, voc\u00ea n\u00e3o precisa usar uma conex\u00e3o de compressor \/ ar comprimido. Cada elevador [&hellip;]<\/p>\n","protected":false},"featured_media":21268,"comment_status":"closed","ping_status":"closed","template":"","meta":[],"product_brand":[],"product_cat":[6668],"product_tag":[],"class_list":{"0":"post-21267","1":"product","2":"type-product","3":"status-publish","4":"has-post-thumbnail","6":"product_cat-elevadores-de-tesoura","7":"product_shipping_class-maquinas-medias","9":"first","10":"onbackorder","11":"taxable","12":"shipping-taxable","13":"purchasable","14":"product-type-simple"},"_links":{"self":[{"href":"https:\/\/occasionmachines.com\/pt\/wp-json\/wp\/v2\/product\/21267","targetHints":{"allow":["GET"]}}],"collection":[{"href":"https:\/\/occasionmachines.com\/pt\/wp-json\/wp\/v2\/product"}],"about":[{"href":"https:\/\/occasionmachines.com\/pt\/wp-json\/wp\/v2\/types\/product"}],"replies":[{"embeddable":true,"href":"https:\/\/occasionmachines.com\/pt\/wp-json\/wp\/v2\/comments?post=21267"}],"wp:featuredmedia":[{"embeddable":true,"href":"https:\/\/occasionmachines.com\/pt\/wp-json\/wp\/v2\/media\/21268"}],"wp:attachment":[{"href":"https:\/\/occasionmachines.com\/pt\/wp-json\/wp\/v2\/media?parent=21267"}],"wp:term":[{"taxonomy":"product_brand","embeddable":true,"href":"https:\/\/occasionmachines.com\/pt\/wp-json\/wp\/v2\/product_brand?post=21267"},{"taxonomy":"product_cat","embeddable":true,"href":"https:\/\/occasionmachines.com\/pt\/wp-json\/wp\/v2\/product_cat?post=21267"},{"taxonomy":"product_tag","embeddable":true,"href":"https:\/\/occasionmachines.com\/pt\/wp-json\/wp\/v2\/product_tag?post=21267"}],"curies":[{"name":"wp","href":"https:\/\/api.w.org\/{rel}","templated":true}]}}